{"id":4565,"date":"2025-09-19T08:03:03","date_gmt":"2025-09-19T05:03:03","guid":{"rendered":"https:\/\/semel.fi\/semel-2-0\/?post_type=product&#038;p=4565"},"modified":"2026-01-14T19:59:17","modified_gmt":"2026-01-14T17:59:17","slug":"semel-m2-spegel-taxis-matare-och-inspelare","status":"publish","type":"product","link":"https:\/\/semel.fi\/sv\/verkkokauppa\/semel-m2-peilitaksamittari-ja-kirjoitin\/","title":{"rendered":"Semel M2 Spegel-taxameter och skrivare"},"content":{"rendered":"<h3>Snygg och platsbesparande l\u00f6sning Premiumniv\u00e5 som helhet<\/h3>\n<p>Semel M2 taxametertj\u00e4nst inkluderar taxameter, skrivare och Vuoro.NET Basic-tj\u00e4nst samt programvara, underh\u00e5ll och garanti med utbytesservice utan avbrott.<\/p>\n<p>Det \u00e4r m\u00f6jligt att l\u00e4gga till en Semel mPOS-betalterminal, som ocks\u00e5 inkluderar programvara, underh\u00e5ll samt garanti med utbytesservice utan avbrott.<\/p>\n<div id=\"alkaen-hinta\" style=\"background-color: #fafafa; padding: 2.5% 4%; border: 1px solid #ddd; border-radius: 8px;\"><em>Fr\u00e5n<\/em><br \/>\n<strong style=\"font-size: 32px;\">95,00 \u20ac \/ m\u00e5nad<\/strong> <span style=\"font-size: 14px;\">(MOMS 0%)<\/span><br \/>\n<span style=\"font-size: 12px;\">(48 m\u00e5naders avtalsperiod. Abonnemangs- och hanteringsavgifter debiteras i b\u00f6rjan av avtalsperioden)<\/span><\/div>","protected":false},"excerpt":{"rendered":"<p>Tyylik\u00e4s ja tilaa s\u00e4\u00e4st\u00e4v\u00e4 ratkaisu Premium tason kokonaisuutena Semel M2 Taksamittaripalvelu sis\u00e4lt\u00e4\u00e4 taksamittarin, kirjoittimen ja Vuoro.NET Basic palvelun, ohjelmistot, ohjelmistojen yll\u00e4pidon, sek\u00e4 keskeytym\u00e4tt\u00f6m\u00e4n takuun ja vaihtolaitepalvelun. Palveluun on mahdollisuus lis\u00e4t\u00e4 Semel mPOS maksup\u00e4\u00e4te, joka sis\u00e4lt\u00e4\u00e4 my\u00f6s ohjelmistot, ohjelmistojen yll\u00e4pidon, sek\u00e4 keskeytym\u00e4tt\u00f6m\u00e4n takuun ja vaihtolaitepalvelun. alkaen 95,00 \u20ac \/ kk (alv 0%) (48 kk sopimusajalla, tilaus- [&hellip;]<\/p>\n","protected":false},"featured_media":5197,"template":"","meta":{"_acf_changed":false},"product_brand":[],"product_cat":[64],"product_tag":[52,54,53],"class_list":{"0":"post-4565","1":"product","2":"type-product","3":"status-publish","4":"has-post-thumbnail","6":"product_cat-taksamittarit","7":"product_tag-peilimittari","8":"product_tag-peilitaksamittari","9":"product_tag-taksamittari-taustapeiliin","11":"first","12":"instock","13":"featured","14":"virtual","15":"sold-individually","16":"purchasable","17":"product-type-simple"},"exclude_global_add_ons":false,"addons":[{"name":"Best\u00e4llnings- och hanteringsavgifter","type":"multiple_choice","position":0,"required":true,"title_format":"label","default":"","description_enable":false,"description":"","placeholder_enable":false,"placeholder":"","display":"radiobutton","restrictions_type":"any_text","adjust_price":false,"price":"","price_type":"flat_fee","restrictions":false,"min":"0","max":"0","options":[{"label":"Maksan tilaus- ja k\u00e4sittelymaksut sopimuskauden alkaessa","price":"","price_type":"flat_fee","image":0,"visibility":true},{"label":"Maksan tilaus- ja k\u00e4sittelymaksut kuukausimaksuina","price":"","price_type":"flat_fee","image":0,"visibility":true}],"id":1763931500},{"name":"Semel M2 Taxametertj\u00e4nst","type":"multiple_choice","position":1,"required":true,"title_format":"label","default":"","description_enable":true,"description":"M2 Spegel-taxameter och skrivare med m\u00e5nadsavgift. Best\u00e4llnings- och hanteringsavgifter: 150 \u20ac.","placeholder_enable":false,"placeholder":"","display":"select","restrictions_type":"any_text","adjust_price":false,"price":"","price_type":"flat_fee","restrictions":false,"min":"0","max":"0","options":[{"label":"Sopimusaika 24 kk","price":"125","price_type":"flat_fee","image":0,"visibility":true},{"label":"Sopimusaika 36 kk","price":"115","price_type":"flat_fee","image":0,"visibility":true},{"label":"Sopimusaika 48 kk","price":"95","price_type":"flat_fee","image":0,"visibility":true}],"id":1763937971},{"name":"Jag best\u00e4ller en betalterminal","type":"multiple_choice","position":2,"required":true,"title_format":"label","default":"","description_enable":false,"description":"","placeholder_enable":false,"placeholder":"","display":"radiobutton","restrictions_type":"any_text","adjust_price":false,"price":"","price_type":"flat_fee","restrictions":false,"min":"0","max":"0","options":[{"label":"Semel mPOS Maksup\u00e4\u00e4te","price":"34","price_type":"flat_fee","image":0,"visibility":true},{"label":"Ei maksup\u00e4\u00e4tett\u00e4","price":"","price_type":"flat_fee","image":0,"visibility":true}],"id":1763975599},{"name":"Jag best\u00e4ller en betalterminal","type":"multiple_choice","position":3,"required":true,"title_format":"label","default":"","description_enable":false,"description":"","placeholder_enable":false,"placeholder":"","display":"radiobutton","restrictions_type":"any_text","adjust_price":false,"price":"","price_type":"flat_fee","restrictions":false,"min":"0","max":"0","options":[{"label":"Semel mPOS Maksup\u00e4\u00e4te","price":"30","price_type":"flat_fee","image":0,"visibility":true},{"label":"Ei maksup\u00e4\u00e4tett\u00e4","price":"","price_type":"flat_fee","image":0,"visibility":true}],"id":1763975923},{"name":"Jag best\u00e4ller en betalterminal","type":"multiple_choice","position":4,"required":true,"title_format":"label","default":"","description_enable":false,"description":"","placeholder_enable":false,"placeholder":"","display":"radiobutton","restrictions_type":"any_text","adjust_price":false,"price":"","price_type":"flat_fee","restrictions":false,"min":"0","max":"0","options":[{"label":"Semel mPOS Maksup\u00e4\u00e4te","price":"28","price_type":"flat_fee","image":0,"visibility":true},{"label":"Ei maksup\u00e4\u00e4tett\u00e4","price":"","price_type":"flat_fee","image":0,"visibility":true}],"id":1763975924},{"name":"Semel M2 Taxametertj\u00e4nst","type":"multiple_choice","position":5,"required":true,"title_format":"label","default":"","description_enable":true,"description":"M2 Spegel-taxameter och skrivare samt abonnemangs- och hanteringsavgifter som m\u00e5nadsavgift","placeholder_enable":false,"placeholder":"","display":"select","restrictions_type":"any_text","adjust_price":false,"price":"","price_type":"flat_fee","restrictions":false,"min":"0","max":"0","options":[{"label":"Sopimusaika 24 kk","price":"131.50","price_type":"flat_fee","image":0,"visibility":true},{"label":"Sopimusaika 36 kk","price":"119.50","price_type":"flat_fee","image":0,"visibility":true},{"label":"Sopimusaika 48 kk","price":"98.50","price_type":"flat_fee","image":0,"visibility":true}],"id":1755606333},{"name":"Jag best\u00e4ller en betalterminal","type":"multiple_choice","position":6,"required":true,"title_format":"label","default":"1","description_enable":false,"description":"","placeholder_enable":false,"placeholder":"","display":"radiobutton","restrictions_type":"any_text","adjust_price":false,"price":"","price_type":"flat_fee","restrictions":false,"min":"0","max":"0","options":[{"label":"Semel mPOS Maksup\u00e4\u00e4te","price":"36.5","price_type":"flat_fee","image":4551,"visibility":true},{"label":"Ei maksup\u00e4\u00e4tett\u00e4","price":"","price_type":"flat_fee","image":4552,"visibility":true}],"id":1757407418},{"name":"Jag best\u00e4ller en betalterminal","type":"multiple_choice","position":7,"required":true,"title_format":"label","default":"1","description_enable":false,"description":"","placeholder_enable":false,"placeholder":"","display":"radiobutton","restrictions_type":"any_text","adjust_price":false,"price":"","price_type":"flat_fee","restrictions":false,"min":"0","max":"0","options":[{"label":"Semel mPOS Maksup\u00e4\u00e4te","price":"31.5","price_type":"flat_fee","image":4551,"visibility":true},{"label":"Ei maksup\u00e4\u00e4tett\u00e4","price":"","price_type":"flat_fee","image":4552,"visibility":true}],"id":1757407419},{"name":"Jag best\u00e4ller en betalterminal","type":"multiple_choice","position":8,"required":true,"title_format":"label","default":"1","description_enable":false,"description":"","placeholder_enable":false,"placeholder":"","display":"radiobutton","restrictions_type":"any_text","adjust_price":false,"price":"","price_type":"flat_fee","restrictions":false,"min":"0","max":"0","options":[{"label":"Semel mPOS Maksup\u00e4\u00e4te","price":"29","price_type":"flat_fee","image":4551,"visibility":true},{"label":"Ei maksup\u00e4\u00e4tett\u00e4","price":"","price_type":"flat_fee","image":4552,"visibility":true}],"id":1757407420},{"name":"Har ert f\u00f6retag ett giltigt NETS Merchant ID?","type":"multiple_choice","position":9,"required":true,"title_format":"label","default":"","description_enable":false,"description":"","placeholder_enable":false,"placeholder":"","display":"radiobutton","restrictions_type":"any_text","adjust_price":false,"price":"","price_type":"flat_fee","restrictions":false,"min":"0","max":"0","options":[{"label":"Kyll\u00e4","price":"","price_type":"flat_fee","image":0,"visibility":true},{"label":"Ei","price":"","price_type":"flat_fee","image":0,"visibility":true}],"id":1757502095},{"name":"Merchant ID","type":"custom_text","position":10,"required":true,"title_format":"label","default":"","description_enable":false,"description":"","placeholder_enable":false,"placeholder":"","display":"select","restrictions_type":"any_text","adjust_price":false,"price":"","price_type":"flat_fee","restrictions":false,"min":"0","max":"0","options":[],"id":1757407542},{"name":"Obs!","type":"heading","position":11,"required":false,"title_format":"label","default":"","description_enable":true,"description":"Semel Oy kontaktar dig och ger instruktioner om hur du skaffar ett NETS Merchant ID.","placeholder_enable":false,"placeholder":"","display":"select","restrictions_type":"any_text","adjust_price":false,"price":"","price_type":"flat_fee","restrictions":false,"min":"0","max":"0","options":[],"id":1757502096},{"name":"Jag best\u00e4ller en Semel trafikledningsenhet","type":"multiple_choice","position":12,"required":true,"title_format":"label","default":"","description_enable":false,"description":"","placeholder_enable":false,"placeholder":"","display":"radiobutton","restrictions_type":"any_text","adjust_price":false,"price":"","price_type":"flat_fee","restrictions":false,"min":"0","max":"0","options":[{"label":"Semel Contact Phone (Samsung Xcover 7)","price":"49","price_type":"flat_fee","image":0,"visibility":true},{"label":"Semel Contact Tablet (Samsung Galaxy Tab Active5)","price":"65","price_type":"flat_fee","image":0,"visibility":true},{"label":"Ei ajov\u00e4litysp\u00e4\u00e4tett\u00e4","price":"","price_type":"flat_fee","image":0,"visibility":true}],"id":1763976970},{"name":"Jag best\u00e4ller en Semel trafikledningsenhet","type":"multiple_choice","position":13,"required":true,"title_format":"label","default":"","description_enable":false,"description":"","placeholder_enable":false,"placeholder":"","display":"radiobutton","restrictions_type":"any_text","adjust_price":false,"price":"","price_type":"flat_fee","restrictions":false,"min":"0","max":"0","options":[{"label":"Semel Contact Phone (Samsung Xcover 7)","price":"46","price_type":"flat_fee","image":0,"visibility":true},{"label":"Semel Contact Tablet (Samsung Galaxy Tab Active5)","price":"63","price_type":"flat_fee","image":0,"visibility":true},{"label":"Ei ajov\u00e4litysp\u00e4\u00e4tett\u00e4","price":"","price_type":"flat_fee","image":0,"visibility":true}],"id":1763976971},{"name":"Jag best\u00e4ller en Semel trafikledningsenhet","type":"multiple_choice","position":14,"required":true,"title_format":"label","default":"","description_enable":false,"description":"","placeholder_enable":false,"placeholder":"","display":"radiobutton","restrictions_type":"any_text","adjust_price":false,"price":"","price_type":"flat_fee","restrictions":false,"min":"0","max":"0","options":[{"label":"Semel Contact Phone (Samsung Xcover 7)","price":"43","price_type":"flat_fee","image":0,"visibility":true},{"label":"Semel Contact Tablet (Samsung Galaxy Tab Active5)","price":"61","price_type":"flat_fee","image":0,"visibility":true},{"label":"Ei ajov\u00e4litysp\u00e4\u00e4tett\u00e4","price":"","price_type":"flat_fee","image":0,"visibility":true}],"id":1763976972},{"name":"Jag best\u00e4ller en Semel trafikledningsenhet","type":"multiple_choice","position":15,"required":true,"title_format":"label","default":"","description_enable":false,"description":"","placeholder_enable":false,"placeholder":"","display":"radiobutton","restrictions_type":"any_text","adjust_price":false,"price":"","price_type":"flat_fee","restrictions":false,"min":"0","max":"0","options":[{"label":"Semel Contact Phone (Samsung Xcover 7)","price":"51.50","price_type":"flat_fee","image":0,"visibility":true},{"label":"Semel Contact Tablet (Samsung Galaxy Tab Active5)","price":"67.50","price_type":"flat_fee","image":0,"visibility":true},{"label":"Ei ajov\u00e4litysp\u00e4\u00e4tett\u00e4","price":"","price_type":"flat_fee","image":0,"visibility":true}],"id":1763981931},{"name":"Jag best\u00e4ller en Semel trafikledningsenhet","type":"multiple_choice","position":16,"required":true,"title_format":"label","default":"","description_enable":false,"description":"","placeholder_enable":false,"placeholder":"","display":"radiobutton","restrictions_type":"any_text","adjust_price":false,"price":"","price_type":"flat_fee","restrictions":false,"min":"0","max":"0","options":[{"label":"Semel Contact Phone (Samsung Xcover 7)","price":"47.50","price_type":"flat_fee","image":0,"visibility":true},{"label":"Semel Contact Tablet (Samsung Galaxy Tab Active5)","price":"64.50","price_type":"flat_fee","image":0,"visibility":true},{"label":"Ei ajov\u00e4litysp\u00e4\u00e4tett\u00e4","price":"","price_type":"flat_fee","image":0,"visibility":true}],"id":1763981932},{"name":"Jag best\u00e4ller en Semel trafikledningsenhet","type":"multiple_choice","position":17,"required":true,"title_format":"label","default":"","description_enable":false,"description":"","placeholder_enable":false,"placeholder":"","display":"radiobutton","restrictions_type":"any_text","adjust_price":false,"price":"","price_type":"flat_fee","restrictions":false,"min":"0","max":"0","options":[{"label":"Semel Contact Phone (Samsung Xcover 7)","price":"44","price_type":"flat_fee","image":0,"visibility":true},{"label":"Semel Contact Tablet (Samsung Galaxy Tab Active5)","price":"62","price_type":"flat_fee","image":0,"visibility":true},{"label":"Ei ajov\u00e4litysp\u00e4\u00e4tett\u00e4","price":"","price_type":"flat_fee","image":0,"visibility":true}],"id":1763981933},{"name":"Kompatibilitet med best\u00e4llningscentralen","type":"checkbox","position":18,"required":true,"title_format":"label","default":"","description_enable":false,"description":"","placeholder_enable":false,"placeholder":"","display":"select","restrictions_type":"any_text","adjust_price":false,"price":"","price_type":"flat_fee","restrictions":false,"min":"0","max":"0","options":[{"label":"Vahvistan, ett\u00e4 valitsemani ajov\u00e4litysp\u00e4\u00e4te on yhteensopiva tilausv\u00e4litysyhti\u00f6ni j\u00e4rjestelm\u00e4n kanssa","price":"","price_type":"flat_fee","image":0,"visibility":true}],"id":1764791702},{"name":"V\u00e4lj den Vuoro.NET-tj\u00e4nst du vill anv\u00e4nda","type":"multiple_choice","position":19,"required":true,"title_format":"label","default":"","description_enable":false,"description":"","placeholder_enable":false,"placeholder":"","display":"radiobutton","restrictions_type":"any_text","adjust_price":false,"price":"","price_type":"flat_fee","restrictions":false,"min":"0","max":"0","options":[{"label":"Vuoro.NET BASIC (kuuluu hintaan)","price":"","price_type":"flat_fee","image":0,"visibility":true},{"label":"Vuoro.NET EXTRA (8,20e \/ kk)","price":"8.2","price_type":"flat_fee","image":0,"visibility":true}],"id":1763982146},{"name":"SIM-kort f\u00f6r taxametern","type":"checkbox","position":20,"required":true,"title_format":"label","default":"","description_enable":false,"description":"","placeholder_enable":false,"placeholder":"","display":"select","restrictions_type":"any_text","adjust_price":false,"price":"","price_type":"flat_fee","restrictions":false,"min":"0","max":"0","options":[{"label":"Ymm\u00e4rr\u00e4n, ett\u00e4 taksamittari ei sis\u00e4ll\u00e4 SIM-korttia vaan se on hankittava erikseen","price":"","price_type":"flat_fee","image":0,"visibility":true}],"id":1763990176},{"name":"Godk\u00e4nnande av avtalsvillkor","type":"checkbox","position":21,"required":true,"title_format":"label","default":"","description_enable":false,"description":"","placeholder_enable":false,"placeholder":"","display":"select","restrictions_type":"any_text","adjust_price":false,"price":"","price_type":"flat_fee","restrictions":false,"min":"0","max":"0","options":[{"label":"Hyv\u00e4ksyn voimassa olevat sopimusehdot","price":"","price_type":"flat_fee","image":0,"visibility":true}],"id":1764682661},{"name":"P\u00e4\u00e4telaite tilausv\u00e4litykseen","type":"multiple_choice","position":0,"required":false,"title_format":"label","default":"","description_enable":false,"description":"","placeholder_enable":false,"placeholder":"","display":"images","restrictions_type":"any_text","adjust_price":false,"price":"","price_type":"flat_fee","restrictions":false,"min":"0","max":"0","options":[{"label":"Contact Phone","price":"6","price_type":"flat_fee","image":4408,"visibility":true},{"label":"Contact Tablet","price":"6","price_type":"flat_fee","image":4338,"visibility":true}],"id":1757320572}],"acf":[],"_links":{"self":[{"href":"https:\/\/semel.fi\/sv\/wp-json\/wp\/v2\/product\/4565","targetHints":{"allow":["GET"]}}],"collection":[{"href":"https:\/\/semel.fi\/sv\/wp-json\/wp\/v2\/product"}],"about":[{"href":"https:\/\/semel.fi\/sv\/wp-json\/wp\/v2\/types\/product"}],"wp:featuredmedia":[{"embeddable":true,"href":"https:\/\/semel.fi\/sv\/wp-json\/wp\/v2\/media\/5197"}],"wp:attachment":[{"href":"https:\/\/semel.fi\/sv\/wp-json\/wp\/v2\/media?parent=4565"}],"wp:term":[{"taxonomy":"product_brand","embeddable":true,"href":"https:\/\/semel.fi\/sv\/wp-json\/wp\/v2\/product_brand?post=4565"},{"taxonomy":"product_cat","embeddable":true,"href":"https:\/\/semel.fi\/sv\/wp-json\/wp\/v2\/product_cat?post=4565"},{"taxonomy":"product_tag","embeddable":true,"href":"https:\/\/semel.fi\/sv\/wp-json\/wp\/v2\/product_tag?post=4565"}],"curies":[{"name":"wp","href":"https:\/\/api.w.org\/{rel}","templated":true}]}}