{"id":4281,"date":"2025-09-18T15:31:20","date_gmt":"2025-09-18T12:31:20","guid":{"rendered":"https:\/\/semel.fi\/semel-2-0\/?page_id=4281"},"modified":"2025-09-18T17:39:49","modified_gmt":"2025-09-18T14:39:49","slug":"tilausehdot","status":"publish","type":"page","link":"https:\/\/semel.fi\/sv\/tilausehdot\/","title":{"rendered":"Tilaus ja toimitusehdot"},"content":{"rendered":"<div data-elementor-type=\"wp-page\" data-elementor-id=\"4281\" class=\"elementor elementor-4281\" data-elementor-post-type=\"page\">\n\t\t\t\t<div class=\"elementor-element elementor-element-b42523c e-con-full e-flex e-con e-child\" data-id=\"b42523c\" data-element_type=\"container\" data-e-type=\"container\">\n\t\t<div class=\"elementor-element elementor-element-05aaacc e-con-full e-flex e-con e-child\" data-id=\"05aaacc\" data-element_type=\"container\" data-e-type=\"container\">\n\t\t\t\t<div class=\"elementor-element elementor-element-b301500 elementor-widget elementor-widget-heading\" data-id=\"b301500\" data-element_type=\"widget\" data-e-type=\"widget\" data-widget_type=\"heading.default\">\n\t\t\t\t<div class=\"elementor-widget-container\">\n\t\t\t\t\t<h1 class=\"elementor-heading-title elementor-size-default\">M2 Hyresavtal<\/h1>\t\t\t\t<\/div>\n\t\t\t\t<\/div>\n\t\t\t\t<div class=\"elementor-element elementor-element-335f2f0 elementor-widget-divider--view-line elementor-widget elementor-widget-divider\" data-id=\"335f2f0\" data-element_type=\"widget\" data-e-type=\"widget\" data-widget_type=\"divider.default\">\n\t\t\t\t<div class=\"elementor-widget-container\">\n\t\t\t\t\t\t\t<div class=\"elementor-divider\">\n\t\t\t<span class=\"elementor-divider-separator\">\n\t\t\t\t\t\t<\/span>\n\t\t<\/div>\n\t\t\t\t\t\t<\/div>\n\t\t\t\t<\/div>\n\t\t\t\t<div class=\"elementor-element elementor-element-3ade402 elementor-widget elementor-widget-text-editor\" data-id=\"3ade402\" data-element_type=\"widget\" data-e-type=\"widget\" data-widget_type=\"text-editor.default\">\n\t\t\t\t<div class=\"elementor-widget-container\">\n\t\t\t\t\t\t\t\t\t<p>A. Semel erbjuder, levererar och servar taxiinformationssystem och tillh\u00f6rande utrustning till sina taxikunder.<br \/>B. Parterna f\u00f6rbinder sig genom detta Avtal att till Kunden hyra ut den eller de Enheter som anges p\u00e5 blanketten, i enlighet med villkoren i detta Avtal och dess bilagor.<\/p>\n<p>Bilaga 1 \u201dBeskrivning av hyresobjektet och hyran (detta dokument)\u201d, <br \/>Bilaga 2 \u201d<a href=\"https:\/\/semel.fi\/wp-content\/uploads\/2024\/11\/vuokra_yleiset-vuokraehdot.pdf\" target=\"_blank\" rel=\"noopener\">Allm\u00e4nna hyresvillkor<\/a>\u201d ja<br \/>Bilaga 3 \u201d<a href=\"https:\/\/semel.fi\/wp-content\/uploads\/2024\/11\/vuokra_kuvaus-vaihtolaitepalvelusta.pdf\" target=\"_blank\" rel=\"noopener\">Beskrivning av utbytesenhetstj\u00e4nsten<\/a>\u201d<br \/>i linje med.<\/p>\t\t\t\t\t\t\t\t<\/div>\n\t\t\t\t<\/div>\n\t\t\t\t<div class=\"elementor-element elementor-element-fc539ef elementor-widget elementor-widget-heading\" data-id=\"fc539ef\" data-element_type=\"widget\" data-e-type=\"widget\" data-widget_type=\"heading.default\">\n\t\t\t\t<div class=\"elementor-widget-container\">\n\t\t\t\t\t<h2 class=\"elementor-heading-title elementor-size-default\">1. Hyresf\u00f6rh\u00e5llandet<\/h2>\t\t\t\t<\/div>\n\t\t\t\t<\/div>\n\t\t\t\t<div class=\"elementor-element elementor-element-e627de5 elementor-widget elementor-widget-text-editor\" data-id=\"e627de5\" data-element_type=\"widget\" data-e-type=\"widget\" data-widget_type=\"text-editor.default\">\n\t\t\t\t<div class=\"elementor-widget-container\">\n\t\t\t\t\t\t\t\t\t<p>Inom ramen f\u00f6r detta avtal kommer Semel att hyra ut den hyresfastighet (vald av kunden i hyresavtalet) som anges i bilaga 1 till kunden och kunden kommer att tilltr\u00e4da hyresfastigheten p\u00e5 hyresperiodens startdatum. Parterna kan genom skriftlig \u00f6verenskommelse \u00e4ndra hyresobjektet (Bilaga 1) under avtalstiden.<\/p>\t\t\t\t\t\t\t\t<\/div>\n\t\t\t\t<\/div>\n\t\t\t\t<div class=\"elementor-element elementor-element-f11075d elementor-widget elementor-widget-heading\" data-id=\"f11075d\" data-element_type=\"widget\" data-e-type=\"widget\" data-widget_type=\"heading.default\">\n\t\t\t\t<div class=\"elementor-widget-container\">\n\t\t\t\t\t<h2 class=\"elementor-heading-title elementor-size-default\">2. Allm\u00e4nna hyresvillkor<\/h2>\t\t\t\t<\/div>\n\t\t\t\t<\/div>\n\t\t\t\t<div class=\"elementor-element elementor-element-096b563 elementor-widget elementor-widget-text-editor\" data-id=\"096b563\" data-element_type=\"widget\" data-e-type=\"widget\" data-widget_type=\"text-editor.default\">\n\t\t\t\t<div class=\"elementor-widget-container\">\n\t\t\t\t\t\t\t\t\t<p>Semel ska hyra ut hyresobjektet till kunden i enlighet med detta avtal och Semels allm\u00e4nna villkor f\u00f6r uthyrningstj\u00e4nster (\u201dAllm\u00e4nna hyresvillkor\u201d) enligt bilaga 2.<\/p>\t\t\t\t\t\t\t\t<\/div>\n\t\t\t\t<\/div>\n\t\t\t\t<div class=\"elementor-element elementor-element-f1aa0e1 elementor-widget elementor-widget-heading\" data-id=\"f1aa0e1\" data-element_type=\"widget\" data-e-type=\"widget\" data-widget_type=\"heading.default\">\n\t\t\t\t<div class=\"elementor-widget-container\">\n\t\t\t\t\t<h2 class=\"elementor-heading-title elementor-size-default\">3. Hyra<\/h2>\t\t\t\t<\/div>\n\t\t\t\t<\/div>\n\t\t\t\t<div class=\"elementor-element elementor-element-b0be9e9 elementor-widget elementor-widget-text-editor\" data-id=\"b0be9e9\" data-element_type=\"widget\" data-e-type=\"widget\" data-widget_type=\"text-editor.default\">\n\t\t\t\t<div class=\"elementor-widget-container\">\n\t\t\t\t\t\t\t\t\t<p>Kunden \u00e4r skyldig att till Semel betala den hyra som anges i bilaga 1 f\u00f6r varje hyresperiod. Betalningsvillkoren framg\u00e5r av de allm\u00e4nna hyresvillkoren.<\/p>\t\t\t\t\t\t\t\t<\/div>\n\t\t\t\t<\/div>\n\t\t\t\t<div class=\"elementor-element elementor-element-8d5f419 elementor-widget elementor-widget-heading\" data-id=\"8d5f419\" data-element_type=\"widget\" data-e-type=\"widget\" data-widget_type=\"heading.default\">\n\t\t\t\t<div class=\"elementor-widget-container\">\n\t\t\t\t\t<h2 class=\"elementor-heading-title elementor-size-default\">4. Avtalets l\u00f6ptid och upps\u00e4gning<\/h2>\t\t\t\t<\/div>\n\t\t\t\t<\/div>\n\t\t\t\t<div class=\"elementor-element elementor-element-1d22944 elementor-widget elementor-widget-text-editor\" data-id=\"1d22944\" data-element_type=\"widget\" data-e-type=\"widget\" data-widget_type=\"text-editor.default\">\n\t\t\t\t<div class=\"elementor-widget-container\">\n\t\t\t\t\t\t\t\t\t<p>Detta Avtal tr\u00e4der i kraft p\u00e5 Ikrafttr\u00e4dandedagen och g\u00e4ller under den avtalstid som Kunden valt (\u201dFaktisk avtalstid\u201d). Efter den inledande perioden ska avtalet g\u00e4lla p\u00e5 obest\u00e4md tid om det inte s\u00e4gs upp av endera parten senast tre (3) m\u00e5nader f\u00f6re utg\u00e5ngen av den inledande perioden. Efter den inledande perioden har vardera parten r\u00e4tt att s\u00e4ga upp avtalet s\u00e5 att det upph\u00f6r att g\u00e4lla tre (3) m\u00e5nader efter upps\u00e4gningen. Upps\u00e4gning m\u00e5ste ske skriftligen.<\/p>\t\t\t\t\t\t\t\t<\/div>\n\t\t\t\t<\/div>\n\t\t<div class=\"elementor-element elementor-element-6b593ad e-grid e-con-full e-con e-child\" data-id=\"6b593ad\" data-element_type=\"container\" data-e-type=\"container\">\n\t\t<div class=\"elementor-element elementor-element-81123a1 e-con-full e-flex e-con e-child\" data-id=\"81123a1\" data-element_type=\"container\" data-e-type=\"container\">\n\t\t\t\t<div class=\"elementor-element elementor-element-9d0f316 elementor-widget elementor-widget-heading\" data-id=\"9d0f316\" data-element_type=\"widget\" data-e-type=\"widget\" data-widget_type=\"heading.default\">\n\t\t\t\t<div class=\"elementor-widget-container\">\n\t\t\t\t\t<h3 class=\"elementor-heading-title elementor-size-default\">Semel Taxametertj\u00e4nst med separat abonnemangs- och hanteringsavgift**<\/h3>\t\t\t\t<\/div>\n\t\t\t\t<\/div>\n\t\t\t\t<div class=\"elementor-element elementor-element-ec62e2b elementor-widget elementor-widget-text-editor\" data-id=\"ec62e2b\" data-element_type=\"widget\" data-e-type=\"widget\" data-widget_type=\"text-editor.default\">\n\t\t\t\t<div class=\"elementor-widget-container\">\n\t\t\t\t\t\t\t\t\t<p><strong>M2 Mini taxameter och Semel skribent<\/strong><\/p>\n<p>95,00 \u20ac\/m\u00e5nad 24 m\u00e5nader, abonnemangs- och expeditionsavgift 150,00 \u20ac<br \/>85,00 \u20ac\/m\u00e5nad 36 m\u00e5nader, abonnemangs- och expeditionsavgift 150,00 \u20ac<br \/>75,00 \u20ac\/m\u00e5nad 48 m\u00e5nader, abonnemangs- och expeditionsavgift 150,00 \u20ac<\/p>\n<p><strong>M2 Touch Tachymeter och Semel skrivare<\/strong><\/p>\n<p>115,00 \u20ac\/m\u00e5nad 24 m\u00e5nader, abonnemangs- och expeditionsavgift 150,00 \u20ac<br \/>105,00 \u20ac\/m\u00e5nad 36 m\u00e5nader, abonnemangs- och expeditionsavgift 150,00 \u20ac<br \/>85,00 \u20ac\/m\u00e5nad 48 m\u00e5nader, abonnemangs- och expeditionsavgift 150,00 \u20ac<\/p>\n<p><strong>M2 Spegeltaxameter och Semel-skrivare<\/strong><\/p>\n<p>125,00 \u20ac\/m\u00e5nad 24 m\u00e5nader, abonnemangs- och expeditionsavgift 150,00 \u20ac<br \/>115,00 \u20ac\/m\u00e5nad 36 m\u00e5nader, abonnemangs- och expeditionsavgift 150,00 \u20ac<br \/>95,00 \u20ac\/m\u00e5nad 48 m\u00e5nader, abonnemangs- och expeditionsavgift 150,00 \u20ac<\/p>\t\t\t\t\t\t\t\t<\/div>\n\t\t\t\t<\/div>\n\t\t\t\t<\/div>\n\t\t<div class=\"elementor-element elementor-element-df3f2a7 e-con-full e-flex e-con e-child\" data-id=\"df3f2a7\" data-element_type=\"container\" data-e-type=\"container\">\n\t\t\t\t<div class=\"elementor-element elementor-element-483abc9 elementor-widget elementor-widget-heading\" data-id=\"483abc9\" data-element_type=\"widget\" data-e-type=\"widget\" data-widget_type=\"heading.default\">\n\t\t\t\t<div class=\"elementor-widget-container\">\n\t\t\t\t\t<h3 class=\"elementor-heading-title elementor-size-default\">Semel Taxametertj\u00e4nst med separat abonnemangs- och hanteringsavgift n\u00e4r \u00e4ven betalterminal v\u00e4ljs***<\/h3>\t\t\t\t<\/div>\n\t\t\t\t<\/div>\n\t\t\t\t<div class=\"elementor-element elementor-element-95b7a94 elementor-widget elementor-widget-text-editor\" data-id=\"95b7a94\" data-element_type=\"widget\" data-e-type=\"widget\" data-widget_type=\"text-editor.default\">\n\t\t\t\t<div class=\"elementor-widget-container\">\n\t\t\t\t\t\t\t\t\t<p><strong>M2 Minitaxameter och Semel-skrivare samt mPOS Betalterminal<\/strong><\/p>\n<p>129,00 \u20ac\/m\u00e5nad 24 m\u00e5nader, abonnemangs- och expeditionsavgift 210,00 \u20ac<br \/>115,00 \u20ac\/m\u00e5nad 36 m\u00e5nader, abonnemangs- och expeditionsavgift 210,00 \u20ac<br \/>103,00 \u20ac\/m\u00e5nad 48 m\u00e5nader, abonnemangs- och expeditionsavgift 210,00 \u20ac<\/p>\n<p><strong>M2 Touch Avgiftsm\u00e4tare och Semel-skrivare samt mPOS Betalterminal<\/strong><\/p>\n<p>149,00 \u20ac\/m\u00e5nad 24 m\u00e5nader, abonnemangs- och expeditionsavgift 210,00 \u20ac<br \/>135,00 \u20ac\/m\u00e5nad 36 m\u00e5nader, abonnemangs- och expeditionsavgift 210,00 \u20ac<br \/>113,00 \u20ac\/m\u00e5nad 48 m\u00e5nader, abonnemangs- och expeditionsavgift 210,00 \u20ac<\/p>\n<p><strong>M2 Mirror taxameter och Semel registreringsenhet samt mPOS betalterminal<\/strong><\/p>\n<p>159,00 \u20ac\/m\u00e5nad 24 m\u00e5nader, abonnemangs- och expeditionsavgift 210,00 \u20ac<br \/>145,00 \u20ac\/m\u00e5nad 36 m\u00e5nader, abonnemangs- och expeditionsavgift 210,00 \u20ac<br \/>123,00 \u20ac\/m\u00e5nad 48 m\u00e5nader, abonnemangs- och expeditionsavgift 210,00 \u20ac<\/p>\t\t\t\t\t\t\t\t<\/div>\n\t\t\t\t<\/div>\n\t\t\t\t<\/div>\n\t\t\t\t<\/div>\n\t\t<div class=\"elementor-element elementor-element-78de9fb e-grid e-con-full e-con e-child\" data-id=\"78de9fb\" data-element_type=\"container\" data-e-type=\"container\">\n\t\t<div class=\"elementor-element elementor-element-7fe06df e-con-full e-flex e-con e-child\" data-id=\"7fe06df\" data-element_type=\"container\" data-e-type=\"container\">\n\t\t\t\t<div class=\"elementor-element elementor-element-c0752d0 elementor-widget elementor-widget-heading\" data-id=\"c0752d0\" data-element_type=\"widget\" data-e-type=\"widget\" data-widget_type=\"heading.default\">\n\t\t\t\t<div class=\"elementor-widget-container\">\n\t\t\t\t\t<h3 class=\"elementor-heading-title elementor-size-default\">Semel Taxametertj\u00e4nst, abonnemangs- och hanteringsavgift som m\u00e5nadsavgift n\u00e4r ingen betalterminal \u00e4r vald**<\/h3>\t\t\t\t<\/div>\n\t\t\t\t<\/div>\n\t\t\t\t<div class=\"elementor-element elementor-element-ad9c582 elementor-widget elementor-widget-text-editor\" data-id=\"ad9c582\" data-element_type=\"widget\" data-e-type=\"widget\" data-widget_type=\"text-editor.default\">\n\t\t\t\t<div class=\"elementor-widget-container\">\n\t\t\t\t\t\t\t\t\t<p><strong>M2 Mini taxameter och Semel skribent<\/strong><\/p>\n<p>101,50 \u20ac\/m\u00e5nad 24 m\u00e5nader, abonnemangs- och expeditionsavgift ing\u00e5r i m\u00e5nadsavgiften<br \/>89,50 \u20ac\/m\u00e5nad 36 m\u00e5nader, abonnemangs- och expeditionsavgift ing\u00e5r i m\u00e5nadsavgiften<br \/>78,50 \u20ac\/m\u00e5nad i 48 m\u00e5nader, abonnemangs- och hanteringsavgift ing\u00e5r i m\u00e5nadsavgiften<\/p>\n<p><strong>M2 Touch Tachymeter och Semel skrivare<\/strong><\/p>\n<p>121,50 \u20ac\/m\u00e5nad 24 m\u00e5nader, abonnemangs- och expeditionsavgift ing\u00e5r i m\u00e5nadsavgiften<br \/>109,50 \u20ac\/m\u00e5nad 36 m\u00e5nader, abonnemangs- och expeditionsavgift ing\u00e5r i m\u00e5nadsavgiften<br \/>88,50 \u20ac\/m\u00e5nad i 48 m\u00e5nader, abonnemangs- och hanteringsavgift ing\u00e5r i m\u00e5nadsavgiften<\/p>\n<p><strong>M2 Spegeltaxameter och Semel-skrivare<\/strong><\/p>\n<p>131,50 \u20ac\/m\u00e5nad 24 m\u00e5nader, abonnemangs- och expeditionsavgift ing\u00e5r i m\u00e5nadsavgiften<br \/>119,50 \u20ac\/m\u00e5nad 36 m\u00e5nader, abonnemangs- och hanteringsavgift ing\u00e5r i m\u00e5nadsavgiften<br \/>98,50 \u20ac\/m\u00e5nad i 48 m\u00e5nader, abonnemangs- och hanteringsavgift ing\u00e5r i m\u00e5nadsavgiften<\/p>\t\t\t\t\t\t\t\t<\/div>\n\t\t\t\t<\/div>\n\t\t\t\t<\/div>\n\t\t<div class=\"elementor-element elementor-element-fb0bb92 e-con-full e-flex e-con e-child\" data-id=\"fb0bb92\" data-element_type=\"container\" data-e-type=\"container\">\n\t\t\t\t<div class=\"elementor-element elementor-element-9d3f1f9 elementor-widget elementor-widget-heading\" data-id=\"9d3f1f9\" data-element_type=\"widget\" data-e-type=\"widget\" data-widget_type=\"heading.default\">\n\t\t\t\t<div class=\"elementor-widget-container\">\n\t\t\t\t\t<h3 class=\"elementor-heading-title elementor-size-default\">Semel Taxametertj\u00e4nst, abonnemangs- och hanteringsavgift som m\u00e5nadsavgift n\u00e4r \u00e4ven betalterminal v\u00e4ljs***<\/h3>\t\t\t\t<\/div>\n\t\t\t\t<\/div>\n\t\t\t\t<div class=\"elementor-element elementor-element-343878a elementor-widget elementor-widget-text-editor\" data-id=\"343878a\" data-element_type=\"widget\" data-e-type=\"widget\" data-widget_type=\"text-editor.default\">\n\t\t\t\t<div class=\"elementor-widget-container\">\n\t\t\t\t\t\t\t\t\t<p><strong>M2 Minitaxameter och Semel-skrivare samt mPOS Betalterminal<\/strong><\/p>\n<p>138,00 \u20ac\/m\u00e5nad 24 m\u00e5nader, abonnemangs- och hanteringsavgift ing\u00e5r i m\u00e5nadsavgiften<br \/>121,00 \u20ac\/m\u00e5nad 36 m\u00e5nader, abonnemangs- och hanteringsavgift ing\u00e5r i m\u00e5nadsavgiften<br \/>107,50 \u20ac\/m\u00e5nad i 48 m\u00e5nader, abonnemangs- och hanteringsavgift ing\u00e5r i m\u00e5nadsavgiften<\/p>\n<p><strong>M2 Touch Avgiftsm\u00e4tare och Semel-skrivare samt mPOS Betalterminal<\/strong><\/p>\n<p>158,00 \u20ac\/m\u00e5nad 24 m\u00e5nader, abonnemangs- och hanteringsavgift ing\u00e5r i m\u00e5nadsavgiften<br \/>141,00 \u20ac\/m\u00e5nad 36 m\u00e5nader, abonnemangs- och hanteringsavgift ing\u00e5r i m\u00e5nadsavgiften<br \/>117,50 \u20ac\/m\u00e5nad i 48 m\u00e5nader, abonnemangs- och expeditionsavgift ing\u00e5r i m\u00e5nadsavgiften<\/p>\n<p><strong>M2 Mirror taxameter och Semel registreringsenhet samt mPOS betalterminal<\/strong><\/p>\n<p>168,00 \u20ac\/m\u00e5nad 24 m\u00e5nader, abonnemangs- och hanteringsavgift ing\u00e5r i m\u00e5nadsavgiften<br \/>151,00 \u20ac\/m\u00e5nad 36 m\u00e5nader, abonnemangs- och hanteringsavgift ing\u00e5r i m\u00e5nadsavgiften<br \/>127,50 \u20ac\/m\u00e5nad i 48 m\u00e5nader, abonnemangs- och hanteringsavgift ing\u00e5r i m\u00e5nadsavgiften<\/p>\t\t\t\t\t\t\t\t<\/div>\n\t\t\t\t<\/div>\n\t\t\t\t<\/div>\n\t\t\t\t<\/div>\n\t\t\t\t<div class=\"elementor-element elementor-element-b0f360d elementor-widget elementor-widget-text-editor\" data-id=\"b0f360d\" data-element_type=\"widget\" data-e-type=\"widget\" data-widget_type=\"text-editor.default\">\n\t\t\t\t<div class=\"elementor-widget-container\">\n\t\t\t\t\t\t\t\t\t<p>Nets och Elavon ansvarar f\u00f6r avvecklingen av EMV-transaktioner som tas emot via Semel mPOS-betalterminalen. Detta kr\u00e4ver att f\u00f6retaget har ett handelsavtal med antingen Nets eller Elavon f\u00f6r avveckling av transaktioner.<br \/>I leasingobjekten ing\u00e5r programvara och underh\u00e5ll av utrustningen. Dessutom ing\u00e5r i alla hyresobjekt Vuoro.NET Basic-tj\u00e4nsten, som kunden f\u00e5r utan kostnad i samband med detta hyresavtal. Vuoro.NET \u00e4r en tj\u00e4nst som g\u00f6r det m\u00f6jligt f\u00f6r f\u00f6retagaren att via internet \u00f6vervaka de data som samlas in av m\u00e4taren i n\u00e4ra realtid. Om Kunden inte accepterar och inte vill anv\u00e4nda Vuoro.NET Basic-tj\u00e4nsten i samband med detta Hyresavtal, ska Kunden meddela myynti@semel.fi.<\/p>\t\t\t\t\t\t\t\t<\/div>\n\t\t\t\t<\/div>\n\t\t\t\t<\/div>\n\t\t<div class=\"elementor-element elementor-element-269bfb4 e-con-full e-flex e-con e-child\" data-id=\"269bfb4\" data-element_type=\"container\" data-e-type=\"container\">\n\t\t\t\t<div class=\"elementor-element elementor-element-21cb6a8 elementor-icon-list--layout-traditional elementor-list-item-link-full_width elementor-widget elementor-widget-icon-list\" data-id=\"21cb6a8\" data-element_type=\"widget\" data-e-type=\"widget\" data-widget_type=\"icon-list.default\">\n\t\t\t\t<div class=\"elementor-widget-container\">\n\t\t\t\t\t\t\t<ul class=\"elementor-icon-list-items\">\n\t\t\t\t\t\t\t<li class=\"elementor-icon-list-item\">\n\t\t\t\t\t\t\t\t\t\t\t<a href=\"https:\/\/semel.fi\/wp-content\/uploads\/2024\/11\/vuokra_yleiset-vuokraehdot.pdf\" target=\"_blank\">\n\n\t\t\t\t\t\t\t\t\t\t\t\t<span class=\"elementor-icon-list-icon\">\n\t\t\t\t\t\t\t<svg aria-hidden=\"true\" class=\"e-font-icon-svg e-fas-file-pdf\" viewbox=\"0 0 384 512\" xmlns=\"http:\/\/www.w3.org\/2000\/svg\"><path d=\"M181.9 256.1c-5-16-4.9-46.9-2-46.9 8.4 0 7.6 36.9 2 46.9zm-1.7 47.2c-7.7 20.2-17.3 43.3-28.4 62.7 18.3-7 39-17.2 62.9-21.9-12.7-9.6-24.9-23.4-34.5-40.8zM86.1 428.1c0 .8 13.2-5.4 34.9-40.2-6.7 6.3-29.1 24.5-34.9 40.2zM248 160h136v328c0 13.3-10.7 24-24 24H24c-13.3 0-24-10.7-24-24V24C0 10.7 10.7 0 24 0h200v136c0 13.2 10.8 24 24 24zm-8 171.8c-20-12.2-33.3-29-42.7-53.8 4.5-18.5 11.6-46.6 6.2-64.2-4.7-29.4-42.4-26.5-47.8-6.8-5 18.3-.4 44.1 8.1 77-11.6 27.6-28.7 64.6-40.8 85.8-.1 0-.1.1-.2.1-27.1 13.9-73.6 44.5-54.5 68 5.6 6.9 16 10 21.5 10 17.9 0 35.7-18 61.1-61.8 25.8-8.5 54.1-19.1 79-23.2 21.7 11.8 47.1 19.5 64 19.5 29.2 0 31.2-32 19.7-43.4-13.9-13.6-54.3-9.7-73.6-7.2zM377 105L279 7c-4.5-4.5-10.6-7-17-7h-6v128h128v-6.1c0-6.3-2.5-12.4-7-16.9zm-74.1 255.3c4.1-2.7-2.5-11.9-42.8-9 37.1 15.8 42.8 9 42.8 9z\"><\/path><\/svg>\t\t\t\t\t\t<\/span>\n\t\t\t\t\t\t\t\t\t\t<span class=\"elementor-icon-list-text\">Allm\u00e4nna hyresvillkor<\/span>\n\t\t\t\t\t\t\t\t\t\t\t<\/a>\n\t\t\t\t\t\t\t\t\t<\/li>\n\t\t\t\t\t\t\t\t<li class=\"elementor-icon-list-item\">\n\t\t\t\t\t\t\t\t\t\t\t<a href=\"https:\/\/semel.fi\/wp-content\/uploads\/2024\/11\/vuokra_kuvaus-vaihtolaitepalvelusta.pdf\" target=\"_blank\">\n\n\t\t\t\t\t\t\t\t\t\t\t\t<span class=\"elementor-icon-list-icon\">\n\t\t\t\t\t\t\t<svg aria-hidden=\"true\" class=\"e-font-icon-svg e-fas-file-pdf\" viewbox=\"0 0 384 512\" xmlns=\"http:\/\/www.w3.org\/2000\/svg\"><path d=\"M181.9 256.1c-5-16-4.9-46.9-2-46.9 8.4 0 7.6 36.9 2 46.9zm-1.7 47.2c-7.7 20.2-17.3 43.3-28.4 62.7 18.3-7 39-17.2 62.9-21.9-12.7-9.6-24.9-23.4-34.5-40.8zM86.1 428.1c0 .8 13.2-5.4 34.9-40.2-6.7 6.3-29.1 24.5-34.9 40.2zM248 160h136v328c0 13.3-10.7 24-24 24H24c-13.3 0-24-10.7-24-24V24C0 10.7 10.7 0 24 0h200v136c0 13.2 10.8 24 24 24zm-8 171.8c-20-12.2-33.3-29-42.7-53.8 4.5-18.5 11.6-46.6 6.2-64.2-4.7-29.4-42.4-26.5-47.8-6.8-5 18.3-.4 44.1 8.1 77-11.6 27.6-28.7 64.6-40.8 85.8-.1 0-.1.1-.2.1-27.1 13.9-73.6 44.5-54.5 68 5.6 6.9 16 10 21.5 10 17.9 0 35.7-18 61.1-61.8 25.8-8.5 54.1-19.1 79-23.2 21.7 11.8 47.1 19.5 64 19.5 29.2 0 31.2-32 19.7-43.4-13.9-13.6-54.3-9.7-73.6-7.2zM377 105L279 7c-4.5-4.5-10.6-7-17-7h-6v128h128v-6.1c0-6.3-2.5-12.4-7-16.9zm-74.1 255.3c4.1-2.7-2.5-11.9-42.8-9 37.1 15.8 42.8 9 42.8 9z\"><\/path><\/svg>\t\t\t\t\t\t<\/span>\n\t\t\t\t\t\t\t\t\t\t<span class=\"elementor-icon-list-text\">Beskrivning av utbytesenhetstj\u00e4nsten<\/span>\n\t\t\t\t\t\t\t\t\t\t\t<\/a>\n\t\t\t\t\t\t\t\t\t<\/li>\n\t\t\t\t\t\t<\/ul>\n\t\t\t\t\t\t<\/div>\n\t\t\t\t<\/div>\n\t\t\t\t<\/div>\n\t\t\t\t<\/div>\n\t\t\t\t<\/div>","protected":false},"excerpt":{"rendered":"<p>M2 Vuokrasopimus A. Semel tarjoaa, toimittaa ja huoltaa taksien tietoj\u00e4rjestelmi\u00e4 ja siihen liittyvi\u00e4 laitteita taksialan asiakkailleen.B. Osapuolet sopivat t\u00e4ll\u00e4 Sopimuksella lomakkeella mainitun vuokrakohteen tai vuokrakohtien vuokrauksesta\u00a0Asiakkaalle t\u00e4m\u00e4n Sopimuksen ja sen liitteiden Liite 1 &#8221;Vuokrakohteen kuvaus ja vuokra (t\u00e4m\u00e4 dokumentti)&#8221;, Liite 2 &#8221;Yleiset vuokraehdot&#8221; jaLiite 3 &#8221;Kuvaus vaihtolaitepalvelusta&#8221;mukaisesti. 1. Vuokrasuhde T\u00e4m\u00e4n Sopimuksen puitteissa Semel vuokraa Liitteen [&hellip;]<\/p>\n","protected":false},"author":1,"featured_media":0,"parent":0,"menu_order":0,"comment_status":"closed","ping_status":"closed","template":"elementor_header_footer","meta":{"_acf_changed":false,"footnotes":""},"class_list":["post-4281","page","type-page","status-publish","hentry"],"acf":[],"_links":{"self":[{"href":"https:\/\/semel.fi\/sv\/wp-json\/wp\/v2\/pages\/4281","targetHints":{"allow":["GET"]}}],"collection":[{"href":"https:\/\/semel.fi\/sv\/wp-json\/wp\/v2\/pages"}],"about":[{"href":"https:\/\/semel.fi\/sv\/wp-json\/wp\/v2\/types\/page"}],"author":[{"embeddable":true,"href":"https:\/\/semel.fi\/sv\/wp-json\/wp\/v2\/users\/1"}],"replies":[{"embeddable":true,"href":"https:\/\/semel.fi\/sv\/wp-json\/wp\/v2\/comments?post=4281"}],"version-history":[{"count":12,"href":"https:\/\/semel.fi\/sv\/wp-json\/wp\/v2\/pages\/4281\/revisions"}],"predecessor-version":[{"id":4669,"href":"https:\/\/semel.fi\/sv\/wp-json\/wp\/v2\/pages\/4281\/revisions\/4669"}],"wp:attachment":[{"href":"https:\/\/semel.fi\/sv\/wp-json\/wp\/v2\/media?parent=4281"}],"curies":[{"name":"wp","href":"https:\/\/api.w.org\/{rel}","templated":true}]}}