{"id":3861,"date":"2025-01-30T15:07:37","date_gmt":"2025-01-30T13:07:37","guid":{"rendered":"https:\/\/semel.fi\/?page_id=3861"},"modified":"2025-01-30T15:18:26","modified_gmt":"2025-01-30T13:18:26","slug":"book-a-taxi-tietosuojaseloste","status":"publish","type":"page","link":"https:\/\/semel.fi\/sv\/book-a-taxi-tietosuojaseloste\/","title":{"rendered":"Book a taxi tietosuojaseloste"},"content":{"rendered":"\t\t<div data-elementor-type=\"wp-page\" data-elementor-id=\"3861\" class=\"elementor elementor-3861\" data-elementor-post-type=\"page\">\n\t\t\t\t<div class=\"elementor-element elementor-element-b8d0afd e-con-full e-flex e-con e-child\" data-id=\"b8d0afd\" data-element_type=\"container\" data-e-type=\"container\">\n\t\t<div class=\"elementor-element elementor-element-8fd0fd4 e-con-full e-flex e-con e-child\" data-id=\"8fd0fd4\" data-element_type=\"container\" data-e-type=\"container\">\n\t\t\t\t<div class=\"elementor-element elementor-element-af54bf3 elementor-widget elementor-widget-heading\" data-id=\"af54bf3\" data-element_type=\"widget\" data-e-type=\"widget\" data-widget_type=\"heading.default\">\n\t\t\t\t<div class=\"elementor-widget-container\">\n\t\t\t\t\t<h1 class=\"elementor-heading-title elementor-size-default\">Semel book a taxi - palvelun asiakastietokanta<\/h1>\t\t\t\t<\/div>\n\t\t\t\t<\/div>\n\t\t\t\t<div class=\"elementor-element elementor-element-b856813 elementor-widget-divider--view-line elementor-widget elementor-widget-divider\" data-id=\"b856813\" data-element_type=\"widget\" data-e-type=\"widget\" data-widget_type=\"divider.default\">\n\t\t\t\t<div class=\"elementor-widget-container\">\n\t\t\t\t\t\t\t<div class=\"elementor-divider\">\n\t\t\t<span class=\"elementor-divider-separator\">\n\t\t\t\t\t\t<\/span>\n\t\t<\/div>\n\t\t\t\t\t\t<\/div>\n\t\t\t\t<\/div>\n\t\t\t\t<div class=\"elementor-element elementor-element-87eeab2 elementor-widget elementor-widget-heading\" data-id=\"87eeab2\" data-element_type=\"widget\" data-e-type=\"widget\" data-widget_type=\"heading.default\">\n\t\t\t\t<div class=\"elementor-widget-container\">\n\t\t\t\t\t<h2 class=\"elementor-heading-title elementor-size-default\">1. Tietosuojaseloste<\/h2>\t\t\t\t<\/div>\n\t\t\t\t<\/div>\n\t\t\t\t<div class=\"elementor-element elementor-element-18e8164 elementor-widget elementor-widget-text-editor\" data-id=\"18e8164\" data-element_type=\"widget\" data-e-type=\"widget\" data-widget_type=\"text-editor.default\">\n\t\t\t\t<div class=\"elementor-widget-container\">\n\t\t\t\t\t\t\t\t\t<p>EU:n yleinen tietosuoja-asetus (EU 2016\/679)<\/p>\t\t\t\t\t\t\t\t<\/div>\n\t\t\t\t<\/div>\n\t\t\t\t<div class=\"elementor-element elementor-element-5fc3778 elementor-widget elementor-widget-heading\" data-id=\"5fc3778\" data-element_type=\"widget\" data-e-type=\"widget\" data-widget_type=\"heading.default\">\n\t\t\t\t<div class=\"elementor-widget-container\">\n\t\t\t\t\t<h2 class=\"elementor-heading-title elementor-size-default\">2. Rekisterinpit\u00e4j\u00e4<\/h2>\t\t\t\t<\/div>\n\t\t\t\t<\/div>\n\t\t\t\t<div class=\"elementor-element elementor-element-d29e192 elementor-widget elementor-widget-text-editor\" data-id=\"d29e192\" data-element_type=\"widget\" data-e-type=\"widget\" data-widget_type=\"text-editor.default\">\n\t\t\t\t<div class=\"elementor-widget-container\">\n\t\t\t\t\t\t\t\t\t<p>Semel Oy ( j\u00e4ljemp\u00e4n\u00e4 \u201d Semel \u201d)<br \/>Y &#8211; tunnus 0113821-2<br \/>Valimotie 21, 00380 Helsinki<br \/>Puh . 020 742 9400<\/p>\t\t\t\t\t\t\t\t<\/div>\n\t\t\t\t<\/div>\n\t\t\t\t<div class=\"elementor-element elementor-element-1b16792 elementor-widget elementor-widget-heading\" data-id=\"1b16792\" data-element_type=\"widget\" data-e-type=\"widget\" data-widget_type=\"heading.default\">\n\t\t\t\t<div class=\"elementor-widget-container\">\n\t\t\t\t\t<h2 class=\"elementor-heading-title elementor-size-default\">3. Rekisterin nimi<\/h2>\t\t\t\t<\/div>\n\t\t\t\t<\/div>\n\t\t\t\t<div class=\"elementor-element elementor-element-a38bf0d elementor-widget elementor-widget-text-editor\" data-id=\"a38bf0d\" data-element_type=\"widget\" data-e-type=\"widget\" data-widget_type=\"text-editor.default\">\n\t\t\t\t<div class=\"elementor-widget-container\">\n\t\t\t\t\t\t\t\t\t<p>Semel book a taxi &#8211; palvelun asiakasrekisteri<\/p>\t\t\t\t\t\t\t\t<\/div>\n\t\t\t\t<\/div>\n\t\t\t\t<div class=\"elementor-element elementor-element-2f02692 elementor-widget elementor-widget-heading\" data-id=\"2f02692\" data-element_type=\"widget\" data-e-type=\"widget\" data-widget_type=\"heading.default\">\n\t\t\t\t<div class=\"elementor-widget-container\">\n\t\t\t\t\t<h2 class=\"elementor-heading-title elementor-size-default\">4. Rekisterin pit\u00e4misen peruste<\/h2>\t\t\t\t<\/div>\n\t\t\t\t<\/div>\n\t\t\t\t<div class=\"elementor-element elementor-element-16c6f73 elementor-widget elementor-widget-text-editor\" data-id=\"16c6f73\" data-element_type=\"widget\" data-e-type=\"widget\" data-widget_type=\"text-editor.default\">\n\t\t\t\t<div class=\"elementor-widget-container\">\n\t\t\t\t\t\t\t\t\t<p>Henkil\u00f6tietoja k\u00e4sitell\u00e4\u00e4n asiakassuhteen perusteella tai rekister\u00f6idyn suostumuksella.<\/p>\t\t\t\t\t\t\t\t<\/div>\n\t\t\t\t<\/div>\n\t\t\t\t<div class=\"elementor-element elementor-element-55682cf elementor-widget elementor-widget-heading\" data-id=\"55682cf\" data-element_type=\"widget\" data-e-type=\"widget\" data-widget_type=\"heading.default\">\n\t\t\t\t<div class=\"elementor-widget-container\">\n\t\t\t\t\t<h2 class=\"elementor-heading-title elementor-size-default\">5. Rekisterin k\u00e4ytt\u00f6tarkoitus<\/h2>\t\t\t\t<\/div>\n\t\t\t\t<\/div>\n\t\t\t\t<div class=\"elementor-element elementor-element-896eb27 elementor-widget elementor-widget-text-editor\" data-id=\"896eb27\" data-element_type=\"widget\" data-e-type=\"widget\" data-widget_type=\"text-editor.default\">\n\t\t\t\t<div class=\"elementor-widget-container\">\n\t\t\t\t\t\t\t\t\t<p>Rekister\u00f6idyn henkil\u00f6tietoja k\u00e4sitell\u00e4\u00e4n book a taxi &#8211; kyytipalvelun tuottamiseksi, tarjoamiseksi ja sen kehitt\u00e4miseksi sek\u00e4 palveluun liittyvien asiakassuhteiden yll\u00e4pit\u00e4miseen, hoitamiseen, kehitt\u00e4miseen, analysointiin ja tilastointiin.<\/p><p>Lis\u00e4ksi tietoja k\u00e4sitell\u00e4\u00e4n Semelin ja sen palveluun rekister\u00f6ityneiden yhteisty\u00f6kumppaneiden teht\u00e4vien toteuttamiseksi ja suunnittelemiseksi. Tietoja voidaan k\u00e4sitell\u00e4 my\u00f6s Semelin tai sen palveluun rekister\u00f6ityneiden yhteisty\u00f6kumppaneiden asiakasviestint\u00e4\u00e4n ja markkinointiin.<\/p>\t\t\t\t\t\t\t\t<\/div>\n\t\t\t\t<\/div>\n\t\t\t\t<div class=\"elementor-element elementor-element-a60f373 elementor-widget elementor-widget-heading\" data-id=\"a60f373\" data-element_type=\"widget\" data-e-type=\"widget\" data-widget_type=\"heading.default\">\n\t\t\t\t<div class=\"elementor-widget-container\">\n\t\t\t\t\t<h2 class=\"elementor-heading-title elementor-size-default\">6. Rekisterin sis\u00e4lt\u00e4m\u00e4t tiedot<\/h2>\t\t\t\t<\/div>\n\t\t\t\t<\/div>\n\t\t\t\t<div class=\"elementor-element elementor-element-7bbd054 elementor-widget elementor-widget-text-editor\" data-id=\"7bbd054\" data-element_type=\"widget\" data-e-type=\"widget\" data-widget_type=\"text-editor.default\">\n\t\t\t\t<div class=\"elementor-widget-container\">\n\t\t\t\t\t\t\t\t\t<p>Rekisteriss\u00e4 k\u00e4sitell\u00e4\u00e4n seuraaviin ryhmiin kuuluvia tietoja:<\/p><ul><li>Rekister\u00f6idyn perustiedot kuten nimi, yhteystiedot ja kieli<\/li><li>Asiakkuuteen ja sopimussuhteeseen liittyv\u00e4t tiedot kuten palvelun rekister\u00f6itymiseen liittyv\u00e4t tiedot<\/li><li>Palvelun laskutukseen ja perint\u00e4\u00e4n liittyv\u00e4t tiedot<\/li><li>K\u00e4ytt\u00e4j\u00e4tunnukset ja muut tunnistautumistiedot<\/li><li>Lupatiedot ja kiellot, kuten suoramarkkinointiluvat ja -kiellot<\/li><li>Mielenkiinnon kohteet ja muut rekister\u00f6idyn itse antamat tiedotkuten rekister\u00f6idyn l\u00e4hett\u00e4m\u00e4t viestit<\/li><li>P\u00e4\u00e4telaitetta ja sim-korttia koskevat perustiedot<\/li><li>Asiakasyhteydenottoihin liittyv\u00e4t tiedot ja mahdolliset tallenteet<\/li><li>Erilaiset palvelua, p\u00e4\u00e4telaitetta ja sim-korttia koskevat tapahtumatiedot<\/li><li>Palvelun k\u00e4ytt\u00f6\u00f6n liittyv\u00e4t paikka- ja osoitetieto<\/li><li>Palvelimelle l\u00e4hetett\u00e4v\u00e4t tekniset tiedot (ip-osoite, selain, selainversio, sivu)<\/li><\/ul>\t\t\t\t\t\t\t\t<\/div>\n\t\t\t\t<\/div>\n\t\t\t\t<div class=\"elementor-element elementor-element-0516265 elementor-widget elementor-widget-heading\" data-id=\"0516265\" data-element_type=\"widget\" data-e-type=\"widget\" data-widget_type=\"heading.default\">\n\t\t\t\t<div class=\"elementor-widget-container\">\n\t\t\t\t\t<h2 class=\"elementor-heading-title elementor-size-default\">7. S\u00e4\u00e4nn\u00f6nmukaiset tietol\u00e4hteet<\/h2>\t\t\t\t<\/div>\n\t\t\t\t<\/div>\n\t\t\t\t<div class=\"elementor-element elementor-element-19cde6c elementor-widget elementor-widget-text-editor\" data-id=\"19cde6c\" data-element_type=\"widget\" data-e-type=\"widget\" data-widget_type=\"text-editor.default\">\n\t\t\t\t<div class=\"elementor-widget-container\">\n\t\t\t\t\t\t\t\t\t<p>Asiakas luovuttaa henkil\u00f6tiedot Semelille. Kirjautumalla palveluun asiakas hyv\u00e4ksyy tietojen luovutuksen. Henkil\u00f6tietoja ker\u00e4t\u00e4\u00e4n palveluun rekister\u00f6itymisen yhteydess\u00e4, palvelua k\u00e4ytett\u00e4ess\u00e4 tai muutoin suoraan rekister\u00f6idylt\u00e4.<\/p>\t\t\t\t\t\t\t\t<\/div>\n\t\t\t\t<\/div>\n\t\t\t\t<div class=\"elementor-element elementor-element-5f92ec8 elementor-widget elementor-widget-heading\" data-id=\"5f92ec8\" data-element_type=\"widget\" data-e-type=\"widget\" data-widget_type=\"heading.default\">\n\t\t\t\t<div class=\"elementor-widget-container\">\n\t\t\t\t\t<h2 class=\"elementor-heading-title elementor-size-default\">8. Tietojen luovutus<\/h2>\t\t\t\t<\/div>\n\t\t\t\t<\/div>\n\t\t\t\t<div class=\"elementor-element elementor-element-488ab01 elementor-widget elementor-widget-text-editor\" data-id=\"488ab01\" data-element_type=\"widget\" data-e-type=\"widget\" data-widget_type=\"text-editor.default\">\n\t\t\t\t<div class=\"elementor-widget-container\">\n\t\t\t\t\t\t\t\t\t<p>Tietoja voidaan k\u00e4sitell\u00e4 Semelin kanssa samaan konserniin kuuluvissa yhti\u00f6iss\u00e4. Semel luovuttaa tietoja palveluntarjoajalle palvelupyynn\u00f6n tekemisen ja k\u00e4sittelyn yhteydess\u00e4 sek\u00e4 palvelutapahtumaan liittyen. Semel voi luovuttaa henkil\u00f6tietoja voimassaolevan lains\u00e4\u00e4d\u00e4nn\u00f6n sallimissa ja velvoittavissa rajoissa.<\/p><p>Henkil\u00f6rekisterin tietoja luovutetaan kolmansille palveluntuottajille jotka toimivat suorassa yhteisty\u00f6ss\u00e4 Semelin kanssa.<\/p><p>Tietojen k\u00e4sittelyn teknisen toteuttamisen johdosta osa tiedoista saattaa fyysisesti sijaita Semelin ulkopuolisten alihankkijoiden palvelimilla, joista niit\u00e4 k\u00e4sitell\u00e4\u00e4n teknisen k\u00e4ytt\u00f6yhteyden avulla.<\/p><p>Tietoja voidaan siirt\u00e4\u00e4 rekisterinpit\u00e4j\u00e4n valikoimille yhteisty\u00f6kumppaneille jotka k\u00e4sittelev\u00e4t tietoja rekisterinpit\u00e4j\u00e4n lukuun, osapuolten v\u00e4lisen yhteisty\u00f6sopimuksen perusteella. T\u00e4ll\u00f6in tietojenk\u00e4sittelij\u00e4ll\u00e4 ei ole oikeutta k\u00e4sitell\u00e4 siirrettyj\u00e4 tietoja omaan lukuunsa omissa henkil\u00f6rekistereiss\u00e4\u00e4n.<\/p>\t\t\t\t\t\t\t\t<\/div>\n\t\t\t\t<\/div>\n\t\t\t\t<div class=\"elementor-element elementor-element-beb57b5 elementor-widget elementor-widget-heading\" data-id=\"beb57b5\" data-element_type=\"widget\" data-e-type=\"widget\" data-widget_type=\"heading.default\">\n\t\t\t\t<div class=\"elementor-widget-container\">\n\t\t\t\t\t<h2 class=\"elementor-heading-title elementor-size-default\">9. Tietojen siirto EU:n tai ETA:n ulkopuolelle<\/h2>\t\t\t\t<\/div>\n\t\t\t\t<\/div>\n\t\t\t\t<div class=\"elementor-element elementor-element-313e358 elementor-widget elementor-widget-text-editor\" data-id=\"313e358\" data-element_type=\"widget\" data-e-type=\"widget\" data-widget_type=\"text-editor.default\">\n\t\t\t\t<div class=\"elementor-widget-container\">\n\t\t\t\t\t\t\t\t\t<p>Rekisteritietoja ei luovuteta Euroopan unionin tai Euroopan talousalueen ulkopuolelle.<\/p>\t\t\t\t\t\t\t\t<\/div>\n\t\t\t\t<\/div>\n\t\t\t\t<div class=\"elementor-element elementor-element-1c1e232 elementor-widget elementor-widget-heading\" data-id=\"1c1e232\" data-element_type=\"widget\" data-e-type=\"widget\" data-widget_type=\"heading.default\">\n\t\t\t\t<div class=\"elementor-widget-container\">\n\t\t\t\t\t<h2 class=\"elementor-heading-title elementor-size-default\">10. Rekisterin suojaus<\/h2>\t\t\t\t<\/div>\n\t\t\t\t<\/div>\n\t\t\t\t<div class=\"elementor-element elementor-element-2403641 elementor-widget elementor-widget-text-editor\" data-id=\"2403641\" data-element_type=\"widget\" data-e-type=\"widget\" data-widget_type=\"text-editor.default\">\n\t\t\t\t<div class=\"elementor-widget-container\">\n\t\t\t\t\t\t\t\t\t<p>Sovelluksen k\u00e4ynnist\u00e4minen edellytt\u00e4\u00e4 henkil\u00f6kohtaista salasanaa. Rekisterin k\u00e4ytt\u00f6\u00e4 ja sis\u00e4\u00e4nkirjautumisia valvotaan.<\/p><p>Tiedot ker\u00e4t\u00e4\u00e4n palvelun yhteisiin tietokantoihin, jotka ovat palomuurein ja muilla teknisill\u00e4 keinoilla suojattuja. Tietokannat sijaitsevat lukituissa ja vartioiduissa tiloissa ja tietoihin p\u00e4\u00e4sev\u00e4t k\u00e4siksi vain tietyt ennalta m\u00e4\u00e4ritellyt henkil\u00f6t. Rekisterist\u00e4 on vain s\u00e4hk\u00f6inen aineisto.<\/p>\t\t\t\t\t\t\t\t<\/div>\n\t\t\t\t<\/div>\n\t\t\t\t<div class=\"elementor-element elementor-element-0ee9586 elementor-widget elementor-widget-heading\" data-id=\"0ee9586\" data-element_type=\"widget\" data-e-type=\"widget\" data-widget_type=\"heading.default\">\n\t\t\t\t<div class=\"elementor-widget-container\">\n\t\t\t\t\t<h2 class=\"elementor-heading-title elementor-size-default\">11. Tarkastus ja tiedon korjaaminen<\/h2>\t\t\t\t<\/div>\n\t\t\t\t<\/div>\n\t\t\t\t<div class=\"elementor-element elementor-element-2bd00f8 elementor-widget elementor-widget-text-editor\" data-id=\"2bd00f8\" data-element_type=\"widget\" data-e-type=\"widget\" data-widget_type=\"text-editor.default\">\n\t\t\t\t<div class=\"elementor-widget-container\">\n\t\t\t\t\t\t\t\t\t<p>Rekister\u00f6idyll\u00e4 on oikeus tarkastaa, mit\u00e4 h\u00e4nt\u00e4 koskevia tietoja henkil\u00f6rekisteriin on talletettu. Rekister\u00f6idyll\u00e4 on oikeus vaatia virheellisten tietojen korjaamista.<\/p><p>Tarkastus- ja korjauspyynn\u00f6t tulee l\u00e4hett\u00e4\u00e4 kirjallisesti ja allekirjoitettuna osoitteella:<\/p><p>Semel Oy<br \/>Tarkastuspyynt\u00f6 \/ Henkil\u00f6rekisterin tiedot \/ Bookataxi<br \/>PL 1000<br \/>00380 Helsinki<\/p><p>Tarkastuspyynt\u00f6 voidaan my\u00f6s esitt\u00e4\u00e4 osoitteessa Valimotie 21, Helsinki.<\/p>\t\t\t\t\t\t\t\t<\/div>\n\t\t\t\t<\/div>\n\t\t\t\t<div class=\"elementor-element elementor-element-6c2c461 elementor-widget elementor-widget-heading\" data-id=\"6c2c461\" data-element_type=\"widget\" data-e-type=\"widget\" data-widget_type=\"heading.default\">\n\t\t\t\t<div class=\"elementor-widget-container\">\n\t\t\t\t\t<h2 class=\"elementor-heading-title elementor-size-default\">12. Muut henkil\u00f6tietojen k\u00e4sittelyyn liittyv\u00e4t oikeudet<\/h2>\t\t\t\t<\/div>\n\t\t\t\t<\/div>\n\t\t\t\t<div class=\"elementor-element elementor-element-c54e2f1 elementor-widget elementor-widget-text-editor\" data-id=\"c54e2f1\" data-element_type=\"widget\" data-e-type=\"widget\" data-widget_type=\"text-editor.default\">\n\t\t\t\t<div class=\"elementor-widget-container\">\n\t\t\t\t\t\t\t\t\t<p>Asiakkalla on oikeus kielt\u00e4yty\u00e4 suoramarkkinoinnista ja oikeus kielt\u00e4yty\u00e4 muista yhteydenotoista kun h\u00e4n on poistanut profiilinsa palvelusta.<\/p>\t\t\t\t\t\t\t\t<\/div>\n\t\t\t\t<\/div>\n\t\t\t\t<\/div>\n\t\t<div class=\"elementor-element elementor-element-5b41e2d e-con-full e-flex e-con e-child\" data-id=\"5b41e2d\" data-element_type=\"container\" data-e-type=\"container\">\n\t\t\t\t<div class=\"elementor-element elementor-element-9b957b1 elementor-widget elementor-widget-table-of-contents\" data-id=\"9b957b1\" data-element_type=\"widget\" data-e-type=\"widget\" data-settings=\"{&quot;exclude_headings_by_selector&quot;:[],&quot;marker_view&quot;:&quot;bullets&quot;,&quot;icon&quot;:{&quot;value&quot;:&quot;&quot;,&quot;library&quot;:&quot;&quot;},&quot;no_headings_message&quot;:&quot;No headings were found on this page.&quot;,&quot;headings_by_tags&quot;:[&quot;h2&quot;,&quot;h3&quot;,&quot;h4&quot;,&quot;h5&quot;,&quot;h6&quot;],&quot;min_height&quot;:{&quot;unit&quot;:&quot;px&quot;,&quot;size&quot;:&quot;&quot;,&quot;sizes&quot;:[]},&quot;min_height_widescreen&quot;:{&quot;unit&quot;:&quot;px&quot;,&quot;size&quot;:&quot;&quot;,&quot;sizes&quot;:[]},&quot;min_height_laptop&quot;:{&quot;unit&quot;:&quot;px&quot;,&quot;size&quot;:&quot;&quot;,&quot;sizes&quot;:[]},&quot;min_height_tablet_extra&quot;:{&quot;unit&quot;:&quot;px&quot;,&quot;size&quot;:&quot;&quot;,&quot;sizes&quot;:[]},&quot;min_height_tablet&quot;:{&quot;unit&quot;:&quot;px&quot;,&quot;size&quot;:&quot;&quot;,&quot;sizes&quot;:[]},&quot;min_height_mobile_extra&quot;:{&quot;unit&quot;:&quot;px&quot;,&quot;size&quot;:&quot;&quot;,&quot;sizes&quot;:[]},&quot;min_height_mobile&quot;:{&quot;unit&quot;:&quot;px&quot;,&quot;size&quot;:&quot;&quot;,&quot;sizes&quot;:[]}}\" data-widget_type=\"table-of-contents.default\">\n\t\t\t\t<div class=\"elementor-widget-container\">\n\t\t\t\t\t\t\t\t\t<div class=\"elementor-toc__header\">\n\t\t\t\t\t\t<h4 class=\"elementor-toc__header-title\">\n\t\t\t\tSis\u00e4llysluettelo\t\t\t<\/h4>\n\t\t\t\t\t\t\t\t<\/div>\n\t\t\t\t<div id=\"elementor-toc__9b957b1\" class=\"elementor-toc__body\">\n\t\t\t<div class=\"elementor-toc__spinner-container\">\n\t\t\t\t<svg class=\"elementor-toc__spinner eicon-animation-spin e-font-icon-svg e-eicon-loading\" aria-hidden=\"true\" viewBox=\"0 0 1000 1000\" xmlns=\"http:\/\/www.w3.org\/2000\/svg\"><path d=\"M500 975V858C696 858 858 696 858 500S696 142 500 142 142 304 142 500H25C25 237 238 25 500 25S975 237 975 500 763 975 500 975Z\"><\/path><\/svg>\t\t\t<\/div>\n\t\t<\/div>\n\t\t\t\t\t\t<\/div>\n\t\t\t\t<\/div>\n\t\t\t\t<\/div>\n\t\t\t\t<\/div>\n\t\t\t\t<\/div>\n\t\t","protected":false},"excerpt":{"rendered":"<p>Semel book a taxi &#8211; palvelun asiakastietokanta 1. Tietosuojaseloste EU:n yleinen tietosuoja-asetus (EU 2016\/679) 2. Rekisterinpit\u00e4j\u00e4 Semel Oy ( j\u00e4ljemp\u00e4n\u00e4 \u201d Semel \u201d)Y &#8211; tunnus 0113821-2Valimotie 21, 00380 HelsinkiPuh . 020 742 9400 3. Rekisterin nimi Semel book a taxi &#8211; palvelun asiakasrekisteri 4. Rekisterin pit\u00e4misen peruste Henkil\u00f6tietoja k\u00e4sitell\u00e4\u00e4n asiakassuhteen perusteella tai rekister\u00f6idyn suostumuksella. 5. [&hellip;]<\/p>\n","protected":false},"author":1,"featured_media":0,"parent":0,"menu_order":0,"comment_status":"closed","ping_status":"closed","template":"elementor_header_footer","meta":{"_acf_changed":false,"footnotes":""},"class_list":["post-3861","page","type-page","status-publish","hentry"],"acf":[],"_links":{"self":[{"href":"https:\/\/semel.fi\/sv\/wp-json\/wp\/v2\/pages\/3861","targetHints":{"allow":["GET"]}}],"collection":[{"href":"https:\/\/semel.fi\/sv\/wp-json\/wp\/v2\/pages"}],"about":[{"href":"https:\/\/semel.fi\/sv\/wp-json\/wp\/v2\/types\/page"}],"author":[{"embeddable":true,"href":"https:\/\/semel.fi\/sv\/wp-json\/wp\/v2\/users\/1"}],"replies":[{"embeddable":true,"href":"https:\/\/semel.fi\/sv\/wp-json\/wp\/v2\/comments?post=3861"}],"version-history":[{"count":10,"href":"https:\/\/semel.fi\/sv\/wp-json\/wp\/v2\/pages\/3861\/revisions"}],"predecessor-version":[{"id":3874,"href":"https:\/\/semel.fi\/sv\/wp-json\/wp\/v2\/pages\/3861\/revisions\/3874"}],"wp:attachment":[{"href":"https:\/\/semel.fi\/sv\/wp-json\/wp\/v2\/media?parent=3861"}],"curies":[{"name":"wp","href":"https:\/\/api.w.org\/{rel}","templated":true}]}}