{"id":1942,"date":"2024-12-09T15:55:24","date_gmt":"2024-12-09T13:55:24","guid":{"rendered":"https:\/\/semelfi-wp27900.test.cchosting.fi\/?page_id=1942"},"modified":"2025-01-20T14:24:32","modified_gmt":"2025-01-20T12:24:32","slug":"bergskedja-identifiering","status":"publish","type":"page","link":"https:\/\/semel.fi\/sv\/vuoronet\/vuoronet-tunnistautuminen\/","title":{"rendered":"Vuoro.NET-autentisering"},"content":{"rendered":"<div data-elementor-type=\"wp-page\" data-elementor-id=\"1942\" class=\"elementor elementor-1942\" data-elementor-post-type=\"page\">\n\t\t\t\t<div class=\"elementor-element elementor-element-3d24ba7 e-con-full e-flex e-con e-parent\" data-id=\"3d24ba7\" data-element_type=\"container\" data-e-type=\"container\" data-settings=\"{&quot;background_background&quot;:&quot;classic&quot;}\">\n\t\t<div class=\"elementor-element elementor-element-a79781a e-con-full e-flex e-con e-child\" data-id=\"a79781a\" data-element_type=\"container\" data-e-type=\"container\">\n\t\t<div class=\"elementor-element elementor-element-580c118 e-con-full e-flex e-con e-child\" data-id=\"580c118\" data-element_type=\"container\" data-e-type=\"container\">\n\t\t\t\t<div class=\"elementor-element elementor-element-78964b0 elementor-widget elementor-widget-heading\" data-id=\"78964b0\" data-element_type=\"widget\" data-e-type=\"widget\" data-widget_type=\"heading.default\">\n\t\t\t\t<div class=\"elementor-widget-container\">\n\t\t\t\t\t<h1 class=\"elementor-heading-title elementor-size-default\">Turvallinen tunnistautuminen f\u00f6r Vuoro.NET webbl\u00e4sarversion<\/h1>\t\t\t\t<\/div>\n\t\t\t\t<\/div>\n\t\t\t\t<div class=\"elementor-element elementor-element-1f25f67 elementor-widget-divider--view-line elementor-widget elementor-widget-divider\" data-id=\"1f25f67\" data-element_type=\"widget\" data-e-type=\"widget\" data-widget_type=\"divider.default\">\n\t\t\t\t<div class=\"elementor-widget-container\">\n\t\t\t\t\t\t\t<div class=\"elementor-divider\">\n\t\t\t<span class=\"elementor-divider-separator\">\n\t\t\t\t\t\t<\/span>\n\t\t<\/div>\n\t\t\t\t\t\t<\/div>\n\t\t\t\t<\/div>\n\t\t\t\t<div class=\"elementor-element elementor-element-776d50b elementor-widget elementor-widget-heading\" data-id=\"776d50b\" data-element_type=\"widget\" data-e-type=\"widget\" data-widget_type=\"heading.default\">\n\t\t\t\t<div class=\"elementor-widget-container\">\n\t\t\t\t\t<h3 class=\"elementor-heading-title elementor-size-default\">H\u00e4r beskriver vi hur installationen g\u00e5r till. Instruktionerna kan du ladda ner till din egen dator i slutet av den h\u00e4r sidan.<\/h3>\t\t\t\t<\/div>\n\t\t\t\t<\/div>\n\t\t\t\t<div class=\"elementor-element elementor-element-5ca6ce3 elementor-widget elementor-widget-text-editor\" data-id=\"5ca6ce3\" data-element_type=\"widget\" data-e-type=\"widget\" data-widget_type=\"text-editor.default\">\n\t\t\t\t<div class=\"elementor-widget-container\">\n\t\t\t\t\t\t\t\t\t<p>Den gamla inloggningsmetoden har inte kunnat logga in p\u00e5 Vuoronet-tj\u00e4nsten efter 15.12.2021.\u00a0<\/p><p>Med den nya inloggningsmetoden m\u00f6jligg\u00f6rs \u00e4ven inmatning av f\u00f6rarinformation i Vuoro.NET-tj\u00e4nsten p\u00e5 b\u00e5de BASIC- och EXTRA-niv\u00e5erna.<\/p><p>\u00a0<\/p>\t\t\t\t\t\t\t\t<\/div>\n\t\t\t\t<\/div>\n\t\t\t\t<div class=\"elementor-element elementor-element-d67f15e elementor-widget elementor-widget-button\" data-id=\"d67f15e\" data-element_type=\"widget\" data-e-type=\"widget\" data-widget_type=\"button.default\">\n\t\t\t\t<div class=\"elementor-widget-container\">\n\t\t\t\t\t\t\t\t\t<div class=\"elementor-button-wrapper\">\n\t\t\t\t\t<a class=\"elementor-button elementor-button-link elementor-size-sm\" href=\"\">\n\t\t\t\t\t\t<span class=\"elementor-button-content-wrapper\">\n\t\t\t\t\t\t\t\t\t<span class=\"elementor-button-text\"> Seuraa ohjeita alla<\/span>\n\t\t\t\t\t<\/span>\n\t\t\t\t\t<\/a>\n\t\t\t\t<\/div>\n\t\t\t\t\t\t\t\t<\/div>\n\t\t\t\t<\/div>\n\t\t\t\t<\/div>\n\t\t\t\t<\/div>\n\t\t<div class=\"elementor-element elementor-element-0f15ed0 e-con-full mask-slanted-left e-flex e-con e-child\" data-id=\"0f15ed0\" data-element_type=\"container\" data-e-type=\"container\" data-settings=\"{&quot;background_background&quot;:&quot;classic&quot;}\">\n\t\t\t\t<\/div>\n\t\t\t\t<\/div>\n\t\t<div class=\"elementor-element elementor-element-5bb4462 e-flex e-con-boxed e-con e-parent\" data-id=\"5bb4462\" data-element_type=\"container\" data-e-type=\"container\" data-settings=\"{&quot;background_background&quot;:&quot;classic&quot;}\">\n\t\t\t\t\t<div class=\"e-con-inner\">\n\t\t<div class=\"elementor-element elementor-element-2cf2994 e-con-full e-flex e-con e-child\" data-id=\"2cf2994\" data-element_type=\"container\" data-e-type=\"container\">\n\t\t\t\t<div class=\"elementor-element elementor-element-78cc6ae elementor-widget elementor-widget-heading\" data-id=\"78cc6ae\" data-element_type=\"widget\" data-e-type=\"widget\" data-widget_type=\"heading.default\">\n\t\t\t\t<div class=\"elementor-widget-container\">\n\t\t\t\t\t<h2 class=\"elementor-heading-title elementor-size-default\">Implementering<\/h2>\t\t\t\t<\/div>\n\t\t\t\t<\/div>\n\t\t\t\t<div class=\"elementor-element elementor-element-c11fe48 elementor-widget-divider--view-line elementor-widget elementor-widget-divider\" data-id=\"c11fe48\" data-element_type=\"widget\" data-e-type=\"widget\" data-widget_type=\"divider.default\">\n\t\t\t\t<div class=\"elementor-widget-container\">\n\t\t\t\t\t\t\t<div class=\"elementor-divider\">\n\t\t\t<span class=\"elementor-divider-separator\">\n\t\t\t\t\t\t<\/span>\n\t\t<\/div>\n\t\t\t\t\t\t<\/div>\n\t\t\t\t<\/div>\n\t\t\t\t<div class=\"elementor-element elementor-element-7a50747 elementor-widget elementor-widget-text-editor\" data-id=\"7a50747\" data-element_type=\"widget\" data-e-type=\"widget\" data-widget_type=\"text-editor.default\">\n\t\t\t\t<div class=\"elementor-widget-container\">\n\t\t\t\t\t\t\t\t\t<p>Lataa Internet selaimella sivulle https:\/\/vuoro.net\/<br \/>Klicka p\u00e5 knappen Logga in<\/p>\t\t\t\t\t\t\t\t<\/div>\n\t\t\t\t<\/div>\n\t\t\t\t<\/div>\n\t\t<div class=\"elementor-element elementor-element-eea1d0f e-con-full e-flex e-con e-child\" data-id=\"eea1d0f\" data-element_type=\"container\" data-e-type=\"container\">\n\t\t\t\t<div class=\"elementor-element elementor-element-01c9145 elementor-widget elementor-widget-image\" data-id=\"01c9145\" data-element_type=\"widget\" data-e-type=\"widget\" data-widget_type=\"image.default\">\n\t\t\t\t<div class=\"elementor-widget-container\">\n\t\t\t\t\t\t\t\t\t\t\t\t\t\t\t<img fetchpriority=\"high\" decoding=\"async\" width=\"800\" height=\"607\" src=\"https:\/\/semel.fi\/wp-content\/uploads\/2024\/12\/vuoronet-etusivu-1024x777.png\" class=\"attachment-large size-large wp-image-1960\" alt=\"\" srcset=\"https:\/\/semel.fi\/wp-content\/uploads\/2024\/12\/vuoronet-etusivu-1024x777.png 1024w, https:\/\/semel.fi\/wp-content\/uploads\/2024\/12\/vuoronet-etusivu-600x456.png 600w, https:\/\/semel.fi\/wp-content\/uploads\/2024\/12\/vuoronet-etusivu-300x228.png 300w, https:\/\/semel.fi\/wp-content\/uploads\/2024\/12\/vuoronet-etusivu-768x583.png 768w, https:\/\/semel.fi\/wp-content\/uploads\/2024\/12\/vuoronet-etusivu.png 1213w\" sizes=\"(max-width: 800px) 100vw, 800px\" \/>\t\t\t\t\t\t\t\t\t\t\t\t\t\t\t<\/div>\n\t\t\t\t<\/div>\n\t\t\t\t<\/div>\n\t\t\t\t\t<\/div>\n\t\t\t\t<\/div>\n\t\t<div class=\"elementor-element elementor-element-85d9fb2 e-flex e-con-boxed e-con e-parent\" data-id=\"85d9fb2\" data-element_type=\"container\" data-e-type=\"container\" data-settings=\"{&quot;background_background&quot;:&quot;classic&quot;}\">\n\t\t\t\t\t<div class=\"e-con-inner\">\n\t\t<div class=\"elementor-element elementor-element-f55ea49 e-con-full e-flex e-con e-child\" data-id=\"f55ea49\" data-element_type=\"container\" data-e-type=\"container\">\n\t\t\t\t<div class=\"elementor-element elementor-element-ccc4f74 elementor-widget elementor-widget-text-editor\" data-id=\"ccc4f74\" data-element_type=\"widget\" data-e-type=\"widget\" data-widget_type=\"text-editor.default\">\n\t\t\t\t<div class=\"elementor-widget-container\">\n\t\t\t\t\t\t\t\t\t<p>OBS: Beroende p\u00e5 ditt operativsystems spr\u00e5kinst\u00e4llningar kan inst\u00e4llningarna visas p\u00e5 olika spr\u00e5k. H\u00e4r presenteras de p\u00e5 engelska.<\/p>\t\t\t\t\t\t\t\t<\/div>\n\t\t\t\t<\/div>\n\t\t\t\t<div class=\"elementor-element elementor-element-88f1e5d elementor-widget elementor-widget-text-editor\" data-id=\"88f1e5d\" data-element_type=\"widget\" data-e-type=\"widget\" data-widget_type=\"text-editor.default\">\n\t\t\t\t<div class=\"elementor-widget-container\">\n\t\t\t\t\t\t\t\t\t<p>Om du redan har skapat ett konto i Semel B2C-autentiseringstj\u00e4nsten tidigare, till exempel i samband med inf\u00f6randet av Vuoro.NET-telefonappen, ange d\u00e5 den registrerade e-postadressen (\u201d<strong>E-postadress<\/strong>\u201d), L\u00f6senord (\u201d<strong>L\u00f6senord<\/strong>\u201d) och v\u00e4lj Logga in (\u201d<strong>Logga in<\/strong>\u201d) tj\u00e4nsten.<\/p>\t\t\t\t\t\t\t\t<\/div>\n\t\t\t\t<\/div>\n\t\t\t\t<\/div>\n\t\t<div class=\"elementor-element elementor-element-10c3252 e-con-full e-flex e-con e-child\" data-id=\"10c3252\" data-element_type=\"container\" data-e-type=\"container\">\n\t\t\t\t<div class=\"elementor-element elementor-element-8045fc3 elementor-widget elementor-widget-image\" data-id=\"8045fc3\" data-element_type=\"widget\" data-e-type=\"widget\" data-widget_type=\"image.default\">\n\t\t\t\t<div class=\"elementor-widget-container\">\n\t\t\t\t\t\t\t\t\t\t\t\t\t\t\t<img decoding=\"async\" width=\"800\" height=\"607\" src=\"https:\/\/semel.fi\/wp-content\/uploads\/2024\/12\/vuoronet-ohje-kirjautuminen-1024x777.png\" class=\"attachment-large size-large wp-image-1961\" alt=\"\" srcset=\"https:\/\/semel.fi\/wp-content\/uploads\/2024\/12\/vuoronet-ohje-kirjautuminen-1024x777.png 1024w, https:\/\/semel.fi\/wp-content\/uploads\/2024\/12\/vuoronet-ohje-kirjautuminen-600x456.png 600w, https:\/\/semel.fi\/wp-content\/uploads\/2024\/12\/vuoronet-ohje-kirjautuminen-300x228.png 300w, https:\/\/semel.fi\/wp-content\/uploads\/2024\/12\/vuoronet-ohje-kirjautuminen-768x583.png 768w, https:\/\/semel.fi\/wp-content\/uploads\/2024\/12\/vuoronet-ohje-kirjautuminen.png 1213w\" sizes=\"(max-width: 800px) 100vw, 800px\" \/>\t\t\t\t\t\t\t\t\t\t\t\t\t\t\t<\/div>\n\t\t\t\t<\/div>\n\t\t\t\t<\/div>\n\t\t\t\t\t<\/div>\n\t\t\t\t<\/div>\n\t\t<div class=\"elementor-element elementor-element-b421364 e-flex e-con-boxed e-con e-parent\" data-id=\"b421364\" data-element_type=\"container\" data-e-type=\"container\" data-settings=\"{&quot;background_background&quot;:&quot;classic&quot;}\">\n\t\t\t\t\t<div class=\"e-con-inner\">\n\t\t<div class=\"elementor-element elementor-element-75edb6d e-con-full e-flex e-con e-child\" data-id=\"75edb6d\" data-element_type=\"container\" data-e-type=\"container\">\n\t\t\t\t<div class=\"elementor-element elementor-element-06eb6cf elementor-widget elementor-widget-text-editor\" data-id=\"06eb6cf\" data-element_type=\"widget\" data-e-type=\"widget\" data-widget_type=\"text-editor.default\">\n\t\t\t\t<div class=\"elementor-widget-container\">\n\t\t\t\t\t\t\t\t\t<p>Om du inte har skapat ett konto tidigare, v\u00e4lj Registrera dig nu (\u201d<strong>Registrera dig nu<\/strong>\u201d) och skapa ett konto f\u00f6r autentisering.<\/p><p>Du beh\u00f6ver en fungerande e-postadress f\u00f6r att skapa ett konto f\u00f6r en autentiseringstj\u00e4nst.<\/p>\t\t\t\t\t\t\t\t<\/div>\n\t\t\t\t<\/div>\n\t\t\t\t<\/div>\n\t\t<div class=\"elementor-element elementor-element-2e82bf7 e-con-full e-flex e-con e-child\" data-id=\"2e82bf7\" data-element_type=\"container\" data-e-type=\"container\">\n\t\t\t\t<div class=\"elementor-element elementor-element-21be541 elementor-widget elementor-widget-image\" data-id=\"21be541\" data-element_type=\"widget\" data-e-type=\"widget\" data-widget_type=\"image.default\">\n\t\t\t\t<div class=\"elementor-widget-container\">\n\t\t\t\t\t\t\t\t\t\t\t\t\t\t\t<img decoding=\"async\" width=\"800\" height=\"607\" src=\"https:\/\/semel.fi\/wp-content\/uploads\/2024\/12\/vuoronet-ohje-rekisteroityminen-1024x777.png\" class=\"attachment-large size-large wp-image-1964\" alt=\"\" srcset=\"https:\/\/semel.fi\/wp-content\/uploads\/2024\/12\/vuoronet-ohje-rekisteroityminen-1024x777.png 1024w, https:\/\/semel.fi\/wp-content\/uploads\/2024\/12\/vuoronet-ohje-rekisteroityminen-600x456.png 600w, https:\/\/semel.fi\/wp-content\/uploads\/2024\/12\/vuoronet-ohje-rekisteroityminen-300x228.png 300w, https:\/\/semel.fi\/wp-content\/uploads\/2024\/12\/vuoronet-ohje-rekisteroityminen-768x583.png 768w, https:\/\/semel.fi\/wp-content\/uploads\/2024\/12\/vuoronet-ohje-rekisteroityminen.png 1213w\" sizes=\"(max-width: 800px) 100vw, 800px\" \/>\t\t\t\t\t\t\t\t\t\t\t\t\t\t\t<\/div>\n\t\t\t\t<\/div>\n\t\t\t\t<\/div>\n\t\t\t\t\t<\/div>\n\t\t\t\t<\/div>\n\t\t<div class=\"elementor-element elementor-element-1fa89be e-flex e-con-boxed e-con e-parent\" data-id=\"1fa89be\" data-element_type=\"container\" data-e-type=\"container\" data-settings=\"{&quot;background_background&quot;:&quot;classic&quot;}\">\n\t\t\t\t\t<div class=\"e-con-inner\">\n\t\t<div class=\"elementor-element elementor-element-fd0d53c e-con-full e-flex e-con e-child\" data-id=\"fd0d53c\" data-element_type=\"container\" data-e-type=\"container\">\n\t\t\t\t<div class=\"elementor-element elementor-element-338313a elementor-widget elementor-widget-text-editor\" data-id=\"338313a\" data-element_type=\"widget\" data-e-type=\"widget\" data-widget_type=\"text-editor.default\">\n\t\t\t\t<div class=\"elementor-widget-container\">\n\t\t\t\t\t\t\t\t\t<p>Mata in \u201d<strong>E-postadress<\/strong>\u201doch tryck\u201d<strong>Skicka verifieringskod<\/strong>\u201d<\/p><p>Applikationen skickar en verifieringskod till din angivna e-postadress (\u201d<strong>Verifieringskod<\/strong>\u201d, som du m\u00e5ste ange i den ruta som \u00f6ppnas p\u00e5 sk\u00e4rmen \u201d<strong>Verifieringskod<\/strong>\u201df\u00e4ltet. Tryck d\u00e4refter p\u00e5 \u201dVerifiera kod\u201d<\/p><p>N\u00e4r koden har bekr\u00e4ftats beg\u00e4r applikationen ett l\u00f6senord, som fortfarande kan anv\u00e4ndas, samt annan ytterligare information<\/p>\t\t\t\t\t\t\t\t<\/div>\n\t\t\t\t<\/div>\n\t\t\t\t<\/div>\n\t\t<div class=\"elementor-element elementor-element-32bc7ff e-con-full e-flex e-con e-child\" data-id=\"32bc7ff\" data-element_type=\"container\" data-e-type=\"container\">\n\t\t\t\t<div class=\"elementor-element elementor-element-a3b2234 elementor-widget elementor-widget-image\" data-id=\"a3b2234\" data-element_type=\"widget\" data-e-type=\"widget\" data-widget_type=\"image.default\">\n\t\t\t\t<div class=\"elementor-widget-container\">\n\t\t\t\t\t\t\t\t\t\t\t\t\t\t\t<img loading=\"lazy\" decoding=\"async\" width=\"800\" height=\"607\" src=\"https:\/\/semel.fi\/wp-content\/uploads\/2024\/12\/vuoronet-vahvistus-1024x777.png\" class=\"attachment-large size-large wp-image-1967\" alt=\"\" srcset=\"https:\/\/semel.fi\/wp-content\/uploads\/2024\/12\/vuoronet-vahvistus-1024x777.png 1024w, https:\/\/semel.fi\/wp-content\/uploads\/2024\/12\/vuoronet-vahvistus-600x456.png 600w, https:\/\/semel.fi\/wp-content\/uploads\/2024\/12\/vuoronet-vahvistus-300x228.png 300w, https:\/\/semel.fi\/wp-content\/uploads\/2024\/12\/vuoronet-vahvistus-768x583.png 768w, https:\/\/semel.fi\/wp-content\/uploads\/2024\/12\/vuoronet-vahvistus.png 1213w\" sizes=\"(max-width: 800px) 100vw, 800px\" \/>\t\t\t\t\t\t\t\t\t\t\t\t\t\t\t<\/div>\n\t\t\t\t<\/div>\n\t\t\t\t<\/div>\n\t\t\t\t\t<\/div>\n\t\t\t\t<\/div>\n\t\t<div class=\"elementor-element elementor-element-f211e40 e-flex e-con-boxed e-con e-parent\" data-id=\"f211e40\" data-element_type=\"container\" data-e-type=\"container\" data-settings=\"{&quot;background_background&quot;:&quot;classic&quot;}\">\n\t\t\t\t\t<div class=\"e-con-inner\">\n\t\t<div class=\"elementor-element elementor-element-a0de020 e-con-full e-flex e-con e-child\" data-id=\"a0de020\" data-element_type=\"container\" data-e-type=\"container\">\n\t\t\t\t<div class=\"elementor-element elementor-element-2b9094f elementor-widget elementor-widget-text-editor\" data-id=\"2b9094f\" data-element_type=\"widget\" data-e-type=\"widget\" data-widget_type=\"text-editor.default\">\n\t\t\t\t<div class=\"elementor-widget-container\">\n\t\t\t\t\t\t\t\t\t<p><strong>OBS:<\/strong>\u00a0Applikationen kr\u00e4ver att l\u00f6senordet uppfyller vissa krav.<\/p><p>Mata in efterfr\u00e5gade uppgifter. \u00a0<\/p><ul><li><strong>L\u00f6senord<\/strong> (l\u00f6senord, tv\u00e5 g\u00e5nger)<\/li><li><strong>Efternamn<\/strong> Efternamn<\/li><li><strong>Telefonnummer<\/strong> Telefonnummer<\/li><li><strong>F\u00f6rnamn<\/strong> F\u00f6rnamn<\/li><li><strong>F\u00f6rnamn<\/strong>\u00a0Visningsnamn<\/li><\/ul><p><br \/>Tryck sedan p\u00e5 \u201d<strong>Skapa<\/strong>\u201d (Luo). Tunnistautumispalvelu cr\u00e9ation denna efter ett konto och sparar anv\u00e4ndarnamnet samt det inst\u00e4llda l\u00f6senordet, varefter Vuoro.NET portalen \u00f6ppnas. Med det inst\u00e4llda kontot \u00e4r det m\u00f6jligt att autentisera sig \u00e4ven till andra Semel -tj\u00e4nster, t.ex. Vuoro.NET telefonapplikationen.<\/p>\t\t\t\t\t\t\t\t<\/div>\n\t\t\t\t<\/div>\n\t\t\t\t<\/div>\n\t\t<div class=\"elementor-element elementor-element-b92f386 e-con-full e-flex e-con e-child\" data-id=\"b92f386\" data-element_type=\"container\" data-e-type=\"container\">\n\t\t\t\t<div class=\"elementor-element elementor-element-5d098b9 elementor-widget elementor-widget-image\" data-id=\"5d098b9\" data-element_type=\"widget\" data-e-type=\"widget\" data-widget_type=\"image.default\">\n\t\t\t\t<div class=\"elementor-widget-container\">\n\t\t\t\t\t\t\t\t\t\t\t\t\t\t\t<img loading=\"lazy\" decoding=\"async\" width=\"800\" height=\"607\" src=\"https:\/\/semel.fi\/wp-content\/uploads\/2024\/12\/vuoronet-tunnuksen-luonti-1024x777.png\" class=\"attachment-large size-large wp-image-1966\" alt=\"\" srcset=\"https:\/\/semel.fi\/wp-content\/uploads\/2024\/12\/vuoronet-tunnuksen-luonti-1024x777.png 1024w, https:\/\/semel.fi\/wp-content\/uploads\/2024\/12\/vuoronet-tunnuksen-luonti-600x456.png 600w, https:\/\/semel.fi\/wp-content\/uploads\/2024\/12\/vuoronet-tunnuksen-luonti-300x228.png 300w, https:\/\/semel.fi\/wp-content\/uploads\/2024\/12\/vuoronet-tunnuksen-luonti-768x583.png 768w, https:\/\/semel.fi\/wp-content\/uploads\/2024\/12\/vuoronet-tunnuksen-luonti.png 1213w\" sizes=\"(max-width: 800px) 100vw, 800px\" \/>\t\t\t\t\t\t\t\t\t\t\t\t\t\t\t<\/div>\n\t\t\t\t<\/div>\n\t\t\t\t<\/div>\n\t\t\t\t\t<\/div>\n\t\t\t\t<\/div>\n\t\t<div class=\"elementor-element elementor-element-2ffeff0 e-flex e-con-boxed e-con e-parent\" data-id=\"2ffeff0\" data-element_type=\"container\" data-e-type=\"container\" data-settings=\"{&quot;background_background&quot;:&quot;classic&quot;}\">\n\t\t\t\t\t<div class=\"e-con-inner\">\n\t\t<div class=\"elementor-element elementor-element-03fdc7b e-con-full e-flex e-con e-child\" data-id=\"03fdc7b\" data-element_type=\"container\" data-e-type=\"container\">\n\t\t\t\t<div class=\"elementor-element elementor-element-2cfacc0 elementor-widget elementor-widget-text-editor\" data-id=\"2cfacc0\" data-element_type=\"widget\" data-e-type=\"widget\" data-widget_type=\"text-editor.default\">\n\t\t\t\t<div class=\"elementor-widget-container\">\n\t\t\t\t\t\t\t\t\t<p>Tj\u00e4nstens anv\u00e4ndning kr\u00e4ver fortfarande godk\u00e4nnande av anv\u00e4ndarvillkoren<\/p>\t\t\t\t\t\t\t\t<\/div>\n\t\t\t\t<\/div>\n\t\t\t\t<\/div>\n\t\t<div class=\"elementor-element elementor-element-3132363 e-con-full e-flex e-con e-child\" data-id=\"3132363\" data-element_type=\"container\" data-e-type=\"container\">\n\t\t\t\t<div class=\"elementor-element elementor-element-f9a18fc elementor-widget elementor-widget-image\" data-id=\"f9a18fc\" data-element_type=\"widget\" data-e-type=\"widget\" data-widget_type=\"image.default\">\n\t\t\t\t<div class=\"elementor-widget-container\">\n\t\t\t\t\t\t\t\t\t\t\t\t\t\t\t<img loading=\"lazy\" decoding=\"async\" width=\"800\" height=\"607\" src=\"https:\/\/semel.fi\/wp-content\/uploads\/2024\/12\/vuoronet-kayttoehtojen-hyvaksynta-1024x777.png\" class=\"attachment-large size-large wp-image-1965\" alt=\"\" srcset=\"https:\/\/semel.fi\/wp-content\/uploads\/2024\/12\/vuoronet-kayttoehtojen-hyvaksynta-1024x777.png 1024w, https:\/\/semel.fi\/wp-content\/uploads\/2024\/12\/vuoronet-kayttoehtojen-hyvaksynta-600x456.png 600w, https:\/\/semel.fi\/wp-content\/uploads\/2024\/12\/vuoronet-kayttoehtojen-hyvaksynta-300x228.png 300w, https:\/\/semel.fi\/wp-content\/uploads\/2024\/12\/vuoronet-kayttoehtojen-hyvaksynta-768x583.png 768w, https:\/\/semel.fi\/wp-content\/uploads\/2024\/12\/vuoronet-kayttoehtojen-hyvaksynta.png 1213w\" sizes=\"(max-width: 800px) 100vw, 800px\" \/>\t\t\t\t\t\t\t\t\t\t\t\t\t\t\t<\/div>\n\t\t\t\t<\/div>\n\t\t\t\t<\/div>\n\t\t\t\t\t<\/div>\n\t\t\t\t<\/div>\n\t\t<div class=\"elementor-element elementor-element-f1e7082 e-flex e-con-boxed e-con e-parent\" data-id=\"f1e7082\" data-element_type=\"container\" data-e-type=\"container\" data-settings=\"{&quot;background_background&quot;:&quot;classic&quot;}\">\n\t\t\t\t\t<div class=\"e-con-inner\">\n\t\t<div class=\"elementor-element elementor-element-9705100 e-con-full e-flex e-con e-child\" data-id=\"9705100\" data-element_type=\"container\" data-e-type=\"container\">\n\t\t\t\t<div class=\"elementor-element elementor-element-ffdaf68 elementor-widget elementor-widget-image\" data-id=\"ffdaf68\" data-element_type=\"widget\" data-e-type=\"widget\" data-widget_type=\"image.default\">\n\t\t\t\t<div class=\"elementor-widget-container\">\n\t\t\t\t\t\t\t\t\t\t\t\t\t\t\t<img loading=\"lazy\" decoding=\"async\" width=\"1226\" height=\"169\" src=\"https:\/\/semel.fi\/wp-content\/uploads\/2024\/12\/vuoronet-logo-rgb.svg\" class=\"attachment-full size-full wp-image-1972\" alt=\"\" \/>\t\t\t\t\t\t\t\t\t\t\t\t\t\t\t<\/div>\n\t\t\t\t<\/div>\n\t\t\t\t<div class=\"elementor-element elementor-element-e895467 elementor-align-center elementor-widget elementor-widget-button\" data-id=\"e895467\" data-element_type=\"widget\" data-e-type=\"widget\" data-widget_type=\"button.default\">\n\t\t\t\t<div class=\"elementor-widget-container\">\n\t\t\t\t\t\t\t\t\t<div class=\"elementor-button-wrapper\">\n\t\t\t\t\t<a class=\"elementor-button elementor-button-link elementor-size-sm\" href=\"https:\/\/vuoro.net\/\" target=\"_blank\" rel=\"nofollow noopener\">\n\t\t\t\t\t\t<span class=\"elementor-button-content-wrapper\">\n\t\t\t\t\t\t\t\t\t<span class=\"elementor-button-text\">Inloggning.NET<\/span>\n\t\t\t\t\t<\/span>\n\t\t\t\t\t<\/a>\n\t\t\t\t<\/div>\n\t\t\t\t\t\t\t\t<\/div>\n\t\t\t\t<\/div>\n\t\t\t\t<\/div>\n\t\t<div class=\"elementor-element elementor-element-0e0e9c4 e-con-full e-flex e-con e-child\" data-id=\"0e0e9c4\" data-element_type=\"container\" data-e-type=\"container\">\n\t\t\t\t<div class=\"elementor-element elementor-element-3109e35 elementor-widget elementor-widget-heading\" data-id=\"3109e35\" data-element_type=\"widget\" data-e-type=\"widget\" data-widget_type=\"heading.default\">\n\t\t\t\t<div class=\"elementor-widget-container\">\n\t\t\t\t\t<h2 class=\"elementor-heading-title elementor-size-default\">Ladda ner instruktionerna till din egen dator<\/h2>\t\t\t\t<\/div>\n\t\t\t\t<\/div>\n\t\t\t\t<div class=\"elementor-element elementor-element-f4076a1 elementor-widget-divider--view-line elementor-widget elementor-widget-divider\" data-id=\"f4076a1\" data-element_type=\"widget\" data-e-type=\"widget\" data-widget_type=\"divider.default\">\n\t\t\t\t<div class=\"elementor-widget-container\">\n\t\t\t\t\t\t\t<div class=\"elementor-divider\">\n\t\t\t<span class=\"elementor-divider-separator\">\n\t\t\t\t\t\t<\/span>\n\t\t<\/div>\n\t\t\t\t\t\t<\/div>\n\t\t\t\t<\/div>\n\t\t\t\t<div class=\"elementor-element elementor-element-a0dcc27 elementor-icon-list--layout-traditional elementor-list-item-link-full_width elementor-widget elementor-widget-icon-list\" data-id=\"a0dcc27\" data-element_type=\"widget\" data-e-type=\"widget\" data-widget_type=\"icon-list.default\">\n\t\t\t\t<div class=\"elementor-widget-container\">\n\t\t\t\t\t\t\t<ul class=\"elementor-icon-list-items\">\n\t\t\t\t\t\t\t<li class=\"elementor-icon-list-item\">\n\t\t\t\t\t\t\t\t\t\t\t<a href=\"https:\/\/semel.fi\/wp-content\/uploads\/2025\/01\/vuoronet-b2c-kayttoonotto.pdf\">\n\n\t\t\t\t\t\t\t\t\t\t\t\t<span class=\"elementor-icon-list-icon\">\n\t\t\t\t\t\t\t<svg aria-hidden=\"true\" class=\"e-font-icon-svg e-far-file-pdf\" viewbox=\"0 0 384 512\" xmlns=\"http:\/\/www.w3.org\/2000\/svg\"><path d=\"M369.9 97.9L286 14C277 5 264.8-.1 252.1-.1H48C21.5 0 0 21.5 0 48v416c0 26.5 21.5 48 48 48h288c26.5 0 48-21.5 48-48V131.9c0-12.7-5.1-25-14.1-34zM332.1 128H256V51.9l76.1 76.1zM48 464V48h160v104c0 13.3 10.7 24 24 24h104v288H48zm250.2-143.7c-12.2-12-47-8.7-64.4-6.5-17.2-10.5-28.7-25-36.8-46.3 3.9-16.1 10.1-40.6 5.4-56-4.2-26.2-37.8-23.6-42.6-5.9-4.4 16.1-.4 38.5 7 67.1-10 23.9-24.9 56-35.4 74.4-20 10.3-47 26.2-51 46.2-3.3 15.8 26 55.2 76.1-31.2 22.4-7.4 46.8-16.5 68.4-20.1 18.9 10.2 41 17 55.8 17 25.5 0 28-28.2 17.5-38.7zm-198.1 77.8c5.1-13.7 24.5-29.5 30.4-35-19 30.3-30.4 35.7-30.4 35zm81.6-190.6c7.4 0 6.7 32.1 1.8 40.8-4.4-13.9-4.3-40.8-1.8-40.8zm-24.4 136.6c9.7-16.9 18-37 24.7-54.7 8.3 15.1 18.9 27.2 30.1 35.5-20.8 4.3-38.9 13.1-54.8 19.2zm131.6-5s-5 6-37.3-7.8c35.1-2.6 40.9 5.4 37.3 7.8z\"><\/path><\/svg>\t\t\t\t\t\t<\/span>\n\t\t\t\t\t\t\t\t\t\t<span class=\"elementor-icon-list-text\">Instruktion: Vuoronet B2C inloggning<\/span>\n\t\t\t\t\t\t\t\t\t\t\t<\/a>\n\t\t\t\t\t\t\t\t\t<\/li>\n\t\t\t\t\t\t<\/ul>\n\t\t\t\t\t\t<\/div>\n\t\t\t\t<\/div>\n\t\t\t\t<\/div>\n\t\t\t\t\t<\/div>\n\t\t\t\t<\/div>\n\t\t\t\t<\/div>","protected":false},"excerpt":{"rendered":"<p>Vuoro.NET selainversion vahva tunnistautuminen Kerromme t\u00e4ss\u00e4, miten k\u00e4ytt\u00f6\u00f6notto tapahtuu. Ohjeet voit ladata omalle koneellesi t\u00e4m\u00e4n sivun lopussa. Vanhalla kirjautumistavalle ei ole ollut mahdollista kirjautua Vuoronet-palveluun\u00a0 15.12.2021 j\u00e4lkeen.\u00a0 Uuden kirjautumistavan my\u00f6t\u00e4 Vuoro.NET-palvelussa sek\u00e4 BASIC ett\u00e4 EXTRA tasoilla mahdollistetaan my\u00f6s kuljettajien henkil\u00f6tietojen sy\u00f6tt\u00e4minen palveluun. \u00a0 Katso alta ohjeet K\u00e4ytt\u00f6\u00f6notto Mene Internet selaimella sivulle https:\/\/vuoro.net\/Klikkaa nappia Kirjaudu HUOM: [&hellip;]<\/p>\n","protected":false},"author":1,"featured_media":0,"parent":1008,"menu_order":0,"comment_status":"closed","ping_status":"closed","template":"elementor_header_footer","meta":{"_acf_changed":false,"footnotes":""},"class_list":["post-1942","page","type-page","status-publish","hentry"],"acf":[],"_links":{"self":[{"href":"https:\/\/semel.fi\/sv\/wp-json\/wp\/v2\/pages\/1942","targetHints":{"allow":["GET"]}}],"collection":[{"href":"https:\/\/semel.fi\/sv\/wp-json\/wp\/v2\/pages"}],"about":[{"href":"https:\/\/semel.fi\/sv\/wp-json\/wp\/v2\/types\/page"}],"author":[{"embeddable":true,"href":"https:\/\/semel.fi\/sv\/wp-json\/wp\/v2\/users\/1"}],"replies":[{"embeddable":true,"href":"https:\/\/semel.fi\/sv\/wp-json\/wp\/v2\/comments?post=1942"}],"version-history":[{"count":19,"href":"https:\/\/semel.fi\/sv\/wp-json\/wp\/v2\/pages\/1942\/revisions"}],"predecessor-version":[{"id":3477,"href":"https:\/\/semel.fi\/sv\/wp-json\/wp\/v2\/pages\/1942\/revisions\/3477"}],"up":[{"embeddable":true,"href":"https:\/\/semel.fi\/sv\/wp-json\/wp\/v2\/pages\/1008"}],"wp:attachment":[{"href":"https:\/\/semel.fi\/sv\/wp-json\/wp\/v2\/media?parent=1942"}],"curies":[{"name":"wp","href":"https:\/\/api.w.org\/{rel}","templated":true}]}}