{"id":1724,"date":"2024-12-09T12:51:49","date_gmt":"2024-12-09T10:51:49","guid":{"rendered":"https:\/\/semelfi-wp27900.test.cchosting.fi\/?page_id=1724"},"modified":"2025-01-23T12:25:37","modified_gmt":"2025-01-23T10:25:37","slug":"integritetspolicy","status":"publish","type":"page","link":"https:\/\/semel.fi\/sv\/reissu\/tietosuojaseloste\/","title":{"rendered":"Resa integritetspolicy"},"content":{"rendered":"\t\t<div data-elementor-type=\"wp-page\" data-elementor-id=\"1724\" class=\"elementor elementor-1724\" data-elementor-post-type=\"page\">\n\t\t\t\t<div class=\"elementor-element elementor-element-a802f19 e-flex e-con-boxed e-con e-parent\" data-id=\"a802f19\" data-element_type=\"container\" data-e-type=\"container\">\n\t\t\t\t\t<div class=\"e-con-inner\">\n\t\t<div class=\"elementor-element elementor-element-9f07a56 e-con-full e-flex e-con e-child\" data-id=\"9f07a56\" data-element_type=\"container\" data-e-type=\"container\">\n\t\t\t\t<div class=\"elementor-element elementor-element-cab01df elementor-widget elementor-widget-heading\" data-id=\"cab01df\" data-element_type=\"widget\" data-e-type=\"widget\" data-widget_type=\"heading.default\">\n\t\t\t\t<div class=\"elementor-widget-container\">\n\t\t\t\t\t<h1 class=\"elementor-heading-title elementor-size-default\">Tietosuojaseloste<\/h1>\t\t\t\t<\/div>\n\t\t\t\t<\/div>\n\t\t\t\t<div class=\"elementor-element elementor-element-6687386 elementor-widget-divider--view-line elementor-widget elementor-widget-divider\" data-id=\"6687386\" data-element_type=\"widget\" data-e-type=\"widget\" data-widget_type=\"divider.default\">\n\t\t\t\t<div class=\"elementor-widget-container\">\n\t\t\t\t\t\t\t<div class=\"elementor-divider\">\n\t\t\t<span class=\"elementor-divider-separator\">\n\t\t\t\t\t\t<\/span>\n\t\t<\/div>\n\t\t\t\t\t\t<\/div>\n\t\t\t\t<\/div>\n\t\t\t\t<div class=\"elementor-element elementor-element-c89ca11 elementor-widget elementor-widget-spacer\" data-id=\"c89ca11\" data-element_type=\"widget\" data-e-type=\"widget\" data-widget_type=\"spacer.default\">\n\t\t\t\t<div class=\"elementor-widget-container\">\n\t\t\t\t\t\t\t<div class=\"elementor-spacer\">\n\t\t\t<div class=\"elementor-spacer-inner\"><\/div>\n\t\t<\/div>\n\t\t\t\t\t\t<\/div>\n\t\t\t\t<\/div>\n\t\t\t\t<div class=\"elementor-element elementor-element-5d4f0be elementor-widget elementor-widget-heading\" data-id=\"5d4f0be\" data-element_type=\"widget\" data-e-type=\"widget\" data-widget_type=\"heading.default\">\n\t\t\t\t<div class=\"elementor-widget-container\">\n\t\t\t\t\t<h2 class=\"elementor-heading-title elementor-size-default\">Reissu mobiilisovelluksen asiakasrekisteri<\/h2>\t\t\t\t<\/div>\n\t\t\t\t<\/div>\n\t\t\t\t<div class=\"elementor-element elementor-element-72c3409 elementor-widget elementor-widget-heading\" data-id=\"72c3409\" data-element_type=\"widget\" data-e-type=\"widget\" data-widget_type=\"heading.default\">\n\t\t\t\t<div class=\"elementor-widget-container\">\n\t\t\t\t\t<h3 class=\"elementor-heading-title elementor-size-default\">1. Tietosuojaseloste<\/h3>\t\t\t\t<\/div>\n\t\t\t\t<\/div>\n\t\t\t\t<div class=\"elementor-element elementor-element-709408b elementor-widget elementor-widget-text-editor\" data-id=\"709408b\" data-element_type=\"widget\" data-e-type=\"widget\" data-widget_type=\"text-editor.default\">\n\t\t\t\t<div class=\"elementor-widget-container\">\n\t\t\t\t\t\t\t\t\t<p>EU:n yleinen tietosuoja-asetus (EU 2016\/679)<\/p>\t\t\t\t\t\t\t\t<\/div>\n\t\t\t\t<\/div>\n\t\t\t\t<div class=\"elementor-element elementor-element-085d341 elementor-widget elementor-widget-heading\" data-id=\"085d341\" data-element_type=\"widget\" data-e-type=\"widget\" data-widget_type=\"heading.default\">\n\t\t\t\t<div class=\"elementor-widget-container\">\n\t\t\t\t\t<h3 class=\"elementor-heading-title elementor-size-default\">2. Rekisterinpit\u00e4j\u00e4<\/h3>\t\t\t\t<\/div>\n\t\t\t\t<\/div>\n\t\t\t\t<div class=\"elementor-element elementor-element-44437c7 elementor-widget elementor-widget-text-editor\" data-id=\"44437c7\" data-element_type=\"widget\" data-e-type=\"widget\" data-widget_type=\"text-editor.default\">\n\t\t\t\t<div class=\"elementor-widget-container\">\n\t\t\t\t\t\t\t\t\t<p>Semel Oy (j\u00e4ljemp\u00e4n\u00e4 \u201dSemel\u201d)<br \/>Y-tunnus 0113821-2<br \/>Valimotie 21, 00380 Helsinki<br \/>Puh. 020 742 9400<\/p>\t\t\t\t\t\t\t\t<\/div>\n\t\t\t\t<\/div>\n\t\t\t\t<div class=\"elementor-element elementor-element-271042d elementor-widget elementor-widget-heading\" data-id=\"271042d\" data-element_type=\"widget\" data-e-type=\"widget\" data-widget_type=\"heading.default\">\n\t\t\t\t<div class=\"elementor-widget-container\">\n\t\t\t\t\t<h3 class=\"elementor-heading-title elementor-size-default\">3. Rekisterin nimi<\/h3>\t\t\t\t<\/div>\n\t\t\t\t<\/div>\n\t\t\t\t<div class=\"elementor-element elementor-element-2aec5f7 elementor-widget elementor-widget-text-editor\" data-id=\"2aec5f7\" data-element_type=\"widget\" data-e-type=\"widget\" data-widget_type=\"text-editor.default\">\n\t\t\t\t<div class=\"elementor-widget-container\">\n\t\t\t\t\t\t\t\t\t<p>Semel Reissu palvelun asiakasrekisteri<\/p>\t\t\t\t\t\t\t\t<\/div>\n\t\t\t\t<\/div>\n\t\t\t\t<div class=\"elementor-element elementor-element-52c038c elementor-widget elementor-widget-heading\" data-id=\"52c038c\" data-element_type=\"widget\" data-e-type=\"widget\" data-widget_type=\"heading.default\">\n\t\t\t\t<div class=\"elementor-widget-container\">\n\t\t\t\t\t<h3 class=\"elementor-heading-title elementor-size-default\">4. Rekisterin pit\u00e4misen peruste<\/h3>\t\t\t\t<\/div>\n\t\t\t\t<\/div>\n\t\t\t\t<div class=\"elementor-element elementor-element-1438e8d elementor-widget elementor-widget-text-editor\" data-id=\"1438e8d\" data-element_type=\"widget\" data-e-type=\"widget\" data-widget_type=\"text-editor.default\">\n\t\t\t\t<div class=\"elementor-widget-container\">\n\t\t\t\t\t\t\t\t\t<p>Henkil\u00f6tietoja k\u00e4sitell\u00e4\u00e4n asiakassuhteen perusteella tai rekister\u00f6idyn suostumuksella.<\/p>\t\t\t\t\t\t\t\t<\/div>\n\t\t\t\t<\/div>\n\t\t\t\t<div class=\"elementor-element elementor-element-4d3025d elementor-widget elementor-widget-heading\" data-id=\"4d3025d\" data-element_type=\"widget\" data-e-type=\"widget\" data-widget_type=\"heading.default\">\n\t\t\t\t<div class=\"elementor-widget-container\">\n\t\t\t\t\t<h3 class=\"elementor-heading-title elementor-size-default\">5. Rekisterin k\u00e4ytt\u00f6tarkoitus<\/h3>\t\t\t\t<\/div>\n\t\t\t\t<\/div>\n\t\t\t\t<div class=\"elementor-element elementor-element-53cbd81 elementor-widget elementor-widget-text-editor\" data-id=\"53cbd81\" data-element_type=\"widget\" data-e-type=\"widget\" data-widget_type=\"text-editor.default\">\n\t\t\t\t<div class=\"elementor-widget-container\">\n\t\t\t\t\t\t\t\t\t<p>Rekister\u00f6idyn henkil\u00f6tietoja k\u00e4sitell\u00e4\u00e4n Reissu palvelun tuottamiseksi, tarjoamiseksi ja sen kehitt\u00e4miseksi sek\u00e4 palveluun liittyvien asiakassuhteiden yll\u00e4pit\u00e4miseen, hoitamiseen, kehitt\u00e4miseen, analysointiin ja tilastointiin. Lis\u00e4ksi tietoja k\u00e4sitell\u00e4\u00e4n Semelin ja sen palveluun rekister\u00f6ityneiden yhteisty\u00f6kumppaneiden teht\u00e4vien toteuttamiseksi ja suunnittelemiseksi. Tietoja voidaan k\u00e4sitell\u00e4 my\u00f6s Semelin tai sen palveluun rekister\u00f6ityneiden yhteisty\u00f6kumppaneiden asiakasviestint\u00e4\u00e4n ja markkinointiin.<\/p>\t\t\t\t\t\t\t\t<\/div>\n\t\t\t\t<\/div>\n\t\t\t\t<div class=\"elementor-element elementor-element-850d05b elementor-widget elementor-widget-heading\" data-id=\"850d05b\" data-element_type=\"widget\" data-e-type=\"widget\" data-widget_type=\"heading.default\">\n\t\t\t\t<div class=\"elementor-widget-container\">\n\t\t\t\t\t<h3 class=\"elementor-heading-title elementor-size-default\">6. Rekisterin sis\u00e4lt\u00e4m\u00e4t tiedot<\/h3>\t\t\t\t<\/div>\n\t\t\t\t<\/div>\n\t\t\t\t<div class=\"elementor-element elementor-element-7cb33e4 elementor-widget elementor-widget-text-editor\" data-id=\"7cb33e4\" data-element_type=\"widget\" data-e-type=\"widget\" data-widget_type=\"text-editor.default\">\n\t\t\t\t<div class=\"elementor-widget-container\">\n\t\t\t\t\t\t\t\t\t<p>Rekisteriss\u00e4 k\u00e4sitell\u00e4\u00e4n seuraaviin ryhmiin kuuluvia tietoja:<\/p><ul><li>Rekister\u00f6idyn perustiedot kuten nimi, yhteystiedot, s\u00e4hk\u00f6postiosoite ja kieli<\/li><li>Asiakkuuteen, rekister\u00f6itymiseen ja sopimussuhteeseen liittyv\u00e4t tiedot<\/li><li>Ostettujen mobiililippujen ostohistoria<\/li><li>K\u00e4ytt\u00e4j\u00e4tunnukset ja muut tunnistautumistiedot<\/li><li>Lupatiedot ja kiellot, kuten suoramarkkinointiluvat ja -kiellot<\/li><li>Asiakasyhteydenottoihin liittyv\u00e4t tiedot ja mahdolliset tallenteet<\/li><\/ul>\t\t\t\t\t\t\t\t<\/div>\n\t\t\t\t<\/div>\n\t\t\t\t<div class=\"elementor-element elementor-element-5e86912 elementor-widget elementor-widget-heading\" data-id=\"5e86912\" data-element_type=\"widget\" data-e-type=\"widget\" data-widget_type=\"heading.default\">\n\t\t\t\t<div class=\"elementor-widget-container\">\n\t\t\t\t\t<h3 class=\"elementor-heading-title elementor-size-default\">7. S\u00e4\u00e4nn\u00f6nmukaiset tietol\u00e4hteet<\/h3>\t\t\t\t<\/div>\n\t\t\t\t<\/div>\n\t\t\t\t<div class=\"elementor-element elementor-element-9702c5b elementor-widget elementor-widget-text-editor\" data-id=\"9702c5b\" data-element_type=\"widget\" data-e-type=\"widget\" data-widget_type=\"text-editor.default\">\n\t\t\t\t<div class=\"elementor-widget-container\">\n\t\t\t\t\t\t\t\t\t<p>Asiakas luovuttaa henkil\u00f6tiedot Semelille. Kirjautumalla palveluun asiakas hyv\u00e4ksyy tietojen luovutuksen. Henkil\u00f6tietoja ker\u00e4t\u00e4\u00e4n palveluun rekister\u00f6itymisen yhteydess\u00e4, palvelua k\u00e4ytett\u00e4ess\u00e4 tai muutoin suoraan rekister\u00f6idylt\u00e4.<\/p>\t\t\t\t\t\t\t\t<\/div>\n\t\t\t\t<\/div>\n\t\t\t\t<div class=\"elementor-element elementor-element-bc750c6 elementor-widget elementor-widget-heading\" data-id=\"bc750c6\" data-element_type=\"widget\" data-e-type=\"widget\" data-widget_type=\"heading.default\">\n\t\t\t\t<div class=\"elementor-widget-container\">\n\t\t\t\t\t<h3 class=\"elementor-heading-title elementor-size-default\">8. Tietojen luovutus<\/h3>\t\t\t\t<\/div>\n\t\t\t\t<\/div>\n\t\t\t\t<div class=\"elementor-element elementor-element-a7eb448 elementor-widget elementor-widget-text-editor\" data-id=\"a7eb448\" data-element_type=\"widget\" data-e-type=\"widget\" data-widget_type=\"text-editor.default\">\n\t\t\t\t<div class=\"elementor-widget-container\">\n\t\t\t\t\t\t\t\t\t<p>Tietoja voidaan k\u00e4sitell\u00e4 Semelin kanssa samaan konserniin kuuluvissa yhti\u00f6iss\u00e4. Semel luovuttaa tietoja palveluntarjoajalle palvelupyynn\u00f6n tekemisen ja k\u00e4sittelyn yhteydess\u00e4 sek\u00e4 palvelutapahtumaan liittyen. Semel voi luovuttaa henkil\u00f6tietoja voimassa olevan lains\u00e4\u00e4d\u00e4nn\u00f6n sallimissa ja velvoittavissa rajoissa.<\/p><p>Maksukortin tietoja ei tallenneta asiakasrekisteriin, maksukorttia rekister\u00f6idess\u00e4. Korttitiedot sy\u00f6tet\u00e4\u00e4n korttimaksamispalveluun, jonka j\u00e4lkeen kortti varmistetaan maksukortinmy\u00f6nt\u00e4j\u00e4n palvelussa. Reissu mobiilisovelluksen asiakasrekisteriin tallentuu korttimaksamispalvelun tarjoama maksuavain, vain jos k\u00e4ytt\u00e4j\u00e4 on valinnut sovelluksessa vaihtoehdon kortin tiedon tallentamisesta.<\/p><p>Tietojen k\u00e4sittelyn teknisen toteuttamisen takia osa tiedoista saattaa sijaita Semelin ulkopuolisten alihankkijoiden pilvipalvelimilla, jotka eiv\u00e4t fyysisesti sijaitse Semelin tiloissa, ja niit\u00e4 k\u00e4sitell\u00e4\u00e4n teknisen k\u00e4ytt\u00f6yhteyden avulla.<\/p><p>Tietoja voidaan siirt\u00e4\u00e4 rekisterinpit\u00e4j\u00e4n valikoimille yhteisty\u00f6kumppaneille, jotka k\u00e4sittelev\u00e4t tietoja rekisterinpit\u00e4j\u00e4n lukuun, osapuolten v\u00e4lisen yhteisty\u00f6sopimuksen perusteella. T\u00e4ll\u00f6in tietojenk\u00e4sittelij\u00e4ll\u00e4 ei ole oikeutta k\u00e4sitell\u00e4 siirrettyj\u00e4 tietoja omaan lukuunsa omissa henkil\u00f6rekistereiss\u00e4\u00e4n.<\/p>\t\t\t\t\t\t\t\t<\/div>\n\t\t\t\t<\/div>\n\t\t\t\t<div class=\"elementor-element elementor-element-a8ebee2 elementor-widget elementor-widget-heading\" data-id=\"a8ebee2\" data-element_type=\"widget\" data-e-type=\"widget\" data-widget_type=\"heading.default\">\n\t\t\t\t<div class=\"elementor-widget-container\">\n\t\t\t\t\t<h3 class=\"elementor-heading-title elementor-size-default\">9. Tietojen siirto EU:n tai ETA:n ulkopuolelle<\/h3>\t\t\t\t<\/div>\n\t\t\t\t<\/div>\n\t\t\t\t<div class=\"elementor-element elementor-element-e1ffc27 elementor-widget elementor-widget-text-editor\" data-id=\"e1ffc27\" data-element_type=\"widget\" data-e-type=\"widget\" data-widget_type=\"text-editor.default\">\n\t\t\t\t<div class=\"elementor-widget-container\">\n\t\t\t\t\t\t\t\t\t<p>Rekisteritietoja ei luovuteta Euroopan unionin tai Euroopan talousalueen ulkopuolelle.<\/p>\t\t\t\t\t\t\t\t<\/div>\n\t\t\t\t<\/div>\n\t\t\t\t<div class=\"elementor-element elementor-element-7b8630d elementor-widget elementor-widget-heading\" data-id=\"7b8630d\" data-element_type=\"widget\" data-e-type=\"widget\" data-widget_type=\"heading.default\">\n\t\t\t\t<div class=\"elementor-widget-container\">\n\t\t\t\t\t<h3 class=\"elementor-heading-title elementor-size-default\">10. Rekisterin suojaus<\/h3>\t\t\t\t<\/div>\n\t\t\t\t<\/div>\n\t\t\t\t<div class=\"elementor-element elementor-element-97a5c03 elementor-widget elementor-widget-text-editor\" data-id=\"97a5c03\" data-element_type=\"widget\" data-e-type=\"widget\" data-widget_type=\"text-editor.default\">\n\t\t\t\t<div class=\"elementor-widget-container\">\n\t\t\t\t\t\t\t\t\t<p>Sovellukseen kirjautuminen edellytt\u00e4\u00e4 henkil\u00f6kohtaista salasanaa. Rekisterin k\u00e4ytt\u00f6\u00e4 ja sis\u00e4\u00e4nkirjautumisia valvotaan.<\/p><p>Tiedot ker\u00e4t\u00e4\u00e4n palvelun yhteisiin tietokantoihin, jotka ovat palomuurein ja muilla teknisill\u00e4 keinoilla suojattuja. Tietokannat sijaitsevat lukituissa ja vartioiduissa tiloissa ja tietoihin p\u00e4\u00e4sev\u00e4t k\u00e4siksi vain tietyt ennalta m\u00e4\u00e4ritellyt henkil\u00f6t. Rekisterist\u00e4 on vain s\u00e4hk\u00f6inen aineisto.<\/p>\t\t\t\t\t\t\t\t<\/div>\n\t\t\t\t<\/div>\n\t\t\t\t<div class=\"elementor-element elementor-element-66a1e03 elementor-widget elementor-widget-heading\" data-id=\"66a1e03\" data-element_type=\"widget\" data-e-type=\"widget\" data-widget_type=\"heading.default\">\n\t\t\t\t<div class=\"elementor-widget-container\">\n\t\t\t\t\t<h3 class=\"elementor-heading-title elementor-size-default\">11. Tarkastusoikeus<\/h3>\t\t\t\t<\/div>\n\t\t\t\t<\/div>\n\t\t\t\t<div class=\"elementor-element elementor-element-44abca8 elementor-widget elementor-widget-text-editor\" data-id=\"44abca8\" data-element_type=\"widget\" data-e-type=\"widget\" data-widget_type=\"text-editor.default\">\n\t\t\t\t<div class=\"elementor-widget-container\">\n\t\t\t\t\t\t\t\t\t<p>Rekister\u00f6idyll\u00e4 on oikeus tarkastaa, mit\u00e4 h\u00e4nt\u00e4 koskevia tietoja henkil\u00f6rekisteriin on talletettu. Rekister\u00f6idyll\u00e4 on oikeus vaatia virheellisten tietojen korjaamista.<\/p><p>Tarkastus- ja korjauspyynn\u00f6t tulee l\u00e4hett\u00e4\u00e4 kirjallisesti ja allekirjoitettuna osoitteella:<\/p><p>Semel Oy<br \/>Tarkastuspyynt\u00f6 \/ Henkil\u00f6rekisterin tiedot \/ Reissu<br \/>PL 1000<br \/>00380 Helsinki<\/p><p>Tarkastuspyynt\u00f6 voidaan my\u00f6s esitt\u00e4\u00e4 osoitteessa Valimotie 21, Helsinki.<\/p>\t\t\t\t\t\t\t\t<\/div>\n\t\t\t\t<\/div>\n\t\t\t\t<div class=\"elementor-element elementor-element-173d638 elementor-widget elementor-widget-heading\" data-id=\"173d638\" data-element_type=\"widget\" data-e-type=\"widget\" data-widget_type=\"heading.default\">\n\t\t\t\t<div class=\"elementor-widget-container\">\n\t\t\t\t\t<h3 class=\"elementor-heading-title elementor-size-default\">12. Muut henkil\u00f6tietojen k\u00e4sittelyyn liittyv\u00e4t oikeudet<\/h3>\t\t\t\t<\/div>\n\t\t\t\t<\/div>\n\t\t\t\t<div class=\"elementor-element elementor-element-b131291 elementor-widget elementor-widget-text-editor\" data-id=\"b131291\" data-element_type=\"widget\" data-e-type=\"widget\" data-widget_type=\"text-editor.default\">\n\t\t\t\t<div class=\"elementor-widget-container\">\n\t\t\t\t\t\t\t\t\t<p>Asiakkaalla on oikeus kielt\u00e4yty\u00e4 suoramarkkinoinnista ja oikeus kielt\u00e4yty\u00e4 muista yhteydenotoista, kun h\u00e4n on poistattanut profiilinsa palvelusta.<\/p>\t\t\t\t\t\t\t\t<\/div>\n\t\t\t\t<\/div>\n\t\t\t\t<\/div>\n\t\t\t\t<div class=\"elementor-element elementor-element-e324d98 elementor-toc--minimized-on-tablet elementor-widget elementor-widget-table-of-contents\" data-id=\"e324d98\" data-element_type=\"widget\" data-e-type=\"widget\" data-settings=\"{&quot;headings_by_tags&quot;:[&quot;h3&quot;,&quot;h4&quot;,&quot;h5&quot;,&quot;h6&quot;],&quot;exclude_headings_by_selector&quot;:[],&quot;marker_view&quot;:&quot;bullets&quot;,&quot;no_headings_message&quot;:&quot;No headings were found on this page.&quot;,&quot;icon&quot;:{&quot;value&quot;:&quot;fas fa-circle&quot;,&quot;library&quot;:&quot;fa-solid&quot;,&quot;rendered_tag&quot;:&quot;&lt;svg class=\\&quot;e-font-icon-svg e-fas-circle\\&quot; viewBox=\\&quot;0 0 512 512\\&quot; xmlns=\\&quot;http:\\\/\\\/www.w3.org\\\/2000\\\/svg\\&quot;&gt;&lt;path d=\\&quot;M256 8C119 8 8 119 8 256s111 248 248 248 248-111 248-248S393 8 256 8z\\&quot;&gt;&lt;\\\/path&gt;&lt;\\\/svg&gt;&quot;},&quot;minimize_box&quot;:&quot;yes&quot;,&quot;minimized_on&quot;:&quot;tablet&quot;,&quot;hierarchical_view&quot;:&quot;yes&quot;,&quot;min_height&quot;:{&quot;unit&quot;:&quot;px&quot;,&quot;size&quot;:&quot;&quot;,&quot;sizes&quot;:[]},&quot;min_height_widescreen&quot;:{&quot;unit&quot;:&quot;px&quot;,&quot;size&quot;:&quot;&quot;,&quot;sizes&quot;:[]},&quot;min_height_laptop&quot;:{&quot;unit&quot;:&quot;px&quot;,&quot;size&quot;:&quot;&quot;,&quot;sizes&quot;:[]},&quot;min_height_tablet_extra&quot;:{&quot;unit&quot;:&quot;px&quot;,&quot;size&quot;:&quot;&quot;,&quot;sizes&quot;:[]},&quot;min_height_tablet&quot;:{&quot;unit&quot;:&quot;px&quot;,&quot;size&quot;:&quot;&quot;,&quot;sizes&quot;:[]},&quot;min_height_mobile_extra&quot;:{&quot;unit&quot;:&quot;px&quot;,&quot;size&quot;:&quot;&quot;,&quot;sizes&quot;:[]},&quot;min_height_mobile&quot;:{&quot;unit&quot;:&quot;px&quot;,&quot;size&quot;:&quot;&quot;,&quot;sizes&quot;:[]}}\" data-widget_type=\"table-of-contents.default\">\n\t\t\t\t<div class=\"elementor-widget-container\">\n\t\t\t\t\t\t\t\t\t<div class=\"elementor-toc__header\">\n\t\t\t\t\t\t\t\t\t\t<div class=\"elementor-toc__toggle-button elementor-toc__toggle-button--expand\" role=\"button\" tabindex=\"0\" aria-controls=\"elementor-toc__e324d98\" aria-expanded=\"true\" aria-label=\"Open table of contents\"><\/div>\n\t\t\t\t<div class=\"elementor-toc__toggle-button elementor-toc__toggle-button--collapse\" role=\"button\" tabindex=\"0\" aria-controls=\"elementor-toc__e324d98\" aria-expanded=\"true\" aria-label=\"Close table of contents\"><\/div>\n\t\t\t\t\t<\/div>\n\t\t\t\t<div id=\"elementor-toc__e324d98\" class=\"elementor-toc__body\">\n\t\t\t<div class=\"elementor-toc__spinner-container\">\n\t\t\t\t<svg class=\"elementor-toc__spinner eicon-animation-spin e-font-icon-svg e-eicon-loading\" aria-hidden=\"true\" viewBox=\"0 0 1000 1000\" xmlns=\"http:\/\/www.w3.org\/2000\/svg\"><path d=\"M500 975V858C696 858 858 696 858 500S696 142 500 142 142 304 142 500H25C25 237 238 25 500 25S975 237 975 500 763 975 500 975Z\"><\/path><\/svg>\t\t\t<\/div>\n\t\t<\/div>\n\t\t\t\t\t\t<\/div>\n\t\t\t\t<\/div>\n\t\t\t\t\t<\/div>\n\t\t\t\t<\/div>\n\t\t\t\t<\/div>\n\t\t","protected":false},"excerpt":{"rendered":"<p>Tietosuojaseloste Reissu mobiilisovelluksen asiakasrekisteri 1. Tietosuojaseloste EU:n yleinen tietosuoja-asetus (EU 2016\/679) 2. Rekisterinpit\u00e4j\u00e4 Semel Oy (j\u00e4ljemp\u00e4n\u00e4 \u201dSemel\u201d)Y-tunnus 0113821-2Valimotie 21, 00380 HelsinkiPuh. 020 742 9400 3. Rekisterin nimi Semel Reissu palvelun asiakasrekisteri 4. Rekisterin pit\u00e4misen peruste Henkil\u00f6tietoja k\u00e4sitell\u00e4\u00e4n asiakassuhteen perusteella tai rekister\u00f6idyn suostumuksella. 5. Rekisterin k\u00e4ytt\u00f6tarkoitus Rekister\u00f6idyn henkil\u00f6tietoja k\u00e4sitell\u00e4\u00e4n Reissu palvelun tuottamiseksi, tarjoamiseksi ja sen kehitt\u00e4miseksi [&hellip;]<\/p>\n","protected":false},"author":1,"featured_media":0,"parent":1637,"menu_order":0,"comment_status":"closed","ping_status":"closed","template":"elementor_header_footer","meta":{"_acf_changed":false,"footnotes":""},"class_list":["post-1724","page","type-page","status-publish","hentry"],"acf":[],"_links":{"self":[{"href":"https:\/\/semel.fi\/sv\/wp-json\/wp\/v2\/pages\/1724","targetHints":{"allow":["GET"]}}],"collection":[{"href":"https:\/\/semel.fi\/sv\/wp-json\/wp\/v2\/pages"}],"about":[{"href":"https:\/\/semel.fi\/sv\/wp-json\/wp\/v2\/types\/page"}],"author":[{"embeddable":true,"href":"https:\/\/semel.fi\/sv\/wp-json\/wp\/v2\/users\/1"}],"replies":[{"embeddable":true,"href":"https:\/\/semel.fi\/sv\/wp-json\/wp\/v2\/comments?post=1724"}],"version-history":[{"count":8,"href":"https:\/\/semel.fi\/sv\/wp-json\/wp\/v2\/pages\/1724\/revisions"}],"predecessor-version":[{"id":3746,"href":"https:\/\/semel.fi\/sv\/wp-json\/wp\/v2\/pages\/1724\/revisions\/3746"}],"up":[{"embeddable":true,"href":"https:\/\/semel.fi\/sv\/wp-json\/wp\/v2\/pages\/1637"}],"wp:attachment":[{"href":"https:\/\/semel.fi\/sv\/wp-json\/wp\/v2\/media?parent=1724"}],"curies":[{"name":"wp","href":"https:\/\/api.w.org\/{rel}","templated":true}]}}