{"id":4922,"date":"2025-11-25T17:43:17","date_gmt":"2025-11-25T15:43:17","guid":{"rendered":"https:\/\/semel.fi\/?post_type=product&#038;p=4922"},"modified":"2025-12-04T19:03:52","modified_gmt":"2025-12-04T17:03:52","slug":"semel-contact-phone-ajovalityspaate","status":"publish","type":"product","link":"https:\/\/semel.fi\/en\/verkkokauppa\/semel-contact-phone-ajovalityspaate\/","title":{"rendered":"Semel Contact Phone dispatch terminal"},"content":{"rendered":"<h3><b>A modern, compact dispatch terminal for consumer, Kela, and HVA transport services.<\/b><\/h3>\n<p><strong>Samsung Xcover 7<\/strong> smartphone with a charging Brodit car mount and the Semel Contact dispatch application. A space-saving, modern solution that is easy to carry and use on the go.<\/p>\n<div id=\"alkaen-hinta\" style=\"background-color: #fafafa; padding: 2.5% 4%; border: 1px solid #ddd; border-radius: 8px;\"><em>From<\/em><br \/>\n<strong style=\"font-size: 32px;\">43,00 \u20ac \/ month<\/strong> <span style=\"font-size: 14px;\">(VAT 0%)<\/span><br \/>\n<span style=\"font-size: 12px;\">(48-month contract. Subscription and processing fees are charged at the start of the contract)<\/span><\/div>","protected":false},"excerpt":{"rendered":"<p>Moderni ja kooltaan kompakti ajov\u00e4litysp\u00e4\u00e4te kuluttaja-, kela- ja HVA-kuljetuksiin Samsung Xcover 7 -\u00e4lypuhelin lataavalla Brodit autotelineell\u00e4 ja Semel Contact ajov\u00e4litysohjelmalla. Tilaa s\u00e4\u00e4st\u00e4v\u00e4 ratkaisu ja nykyaikainen helposti mukana kuljetettava ajov\u00e4litysp\u00e4\u00e4te. alkaen 43,00 \u20ac \/ kk (alv 0%) (48 kk sopimusajalla, tilaus- ja k\u00e4sittelymaksut sopimuskauden alkaessa)<\/p>","protected":false},"featured_media":4925,"template":"","meta":{"_acf_changed":false},"product_brand":[],"product_cat":[65],"product_tag":[56],"class_list":{"0":"post-4922","1":"product","2":"type-product","3":"status-publish","4":"has-post-thumbnail","6":"product_cat-ajovalityspaatteet","7":"product_tag-ajovalityspaate","9":"first","10":"instock","11":"shipping-taxable","12":"purchasable","13":"product-type-simple"},"exclude_global_add_ons":false,"addons":[{"name":"Order and handling fees","type":"multiple_choice","position":0,"required":true,"title_format":"label","default":"","description_enable":false,"description":"","placeholder_enable":false,"placeholder":"","display":"radiobutton","restrictions_type":"any_text","adjust_price":false,"price":"","price_type":"flat_fee","restrictions":false,"min":"0","max":"0","options":[{"label":"Maksan tilaus- ja k\u00e4sittelymaksut sopimuskauden alkaessa","price":"","price_type":"flat_fee","image":0,"visibility":true},{"label":"Maksan tilaus- ja k\u00e4sittelymaksut kuukausimaksuina","price":"","price_type":"flat_fee","image":0,"visibility":true}],"id":1764062674},{"name":"Semel Contact Phone call forwarding terminal service","type":"multiple_choice","position":1,"required":true,"title_format":"label","default":"","description_enable":true,"description":"Contact Phone dispatch terminal with a monthly fee. Order and handling fees: 60\u20ac","placeholder_enable":false,"placeholder":"","display":"select","restrictions_type":"any_text","adjust_price":false,"price":"","price_type":"flat_fee","restrictions":false,"min":"0","max":"0","options":[{"label":"Sopimusaika 24 kk","price":"49","price_type":"flat_fee","image":0,"visibility":true},{"label":"Sopimusaika 36 kk","price":"46","price_type":"flat_fee","image":0,"visibility":true},{"label":"Sopimusaika 48 kk","price":"43","price_type":"flat_fee","image":0,"visibility":true}],"id":1764062675},{"name":"Semel Contact Phone call forwarding terminal service","type":"multiple_choice","position":2,"required":true,"title_format":"label","default":"","description_enable":true,"description":"Contact Phone dispatch terminal, with order and handling fees charged monthly","placeholder_enable":false,"placeholder":"","display":"select","restrictions_type":"any_text","adjust_price":false,"price":"","price_type":"flat_fee","restrictions":false,"min":"0","max":"0","options":[{"label":"Sopimusaika 24 kk","price":"51.50","price_type":"flat_fee","image":0,"visibility":true},{"label":"Sopimusaika 36 kk","price":"47.50","price_type":"flat_fee","image":0,"visibility":true},{"label":"Sopimusaika 48 kk","price":"44","price_type":"flat_fee","image":0,"visibility":true}],"id":1764062676},{"name":"Compatibility with the dispatch company","type":"checkbox","position":3,"required":true,"title_format":"label","default":"","description_enable":false,"description":"","placeholder_enable":false,"placeholder":"","display":"select","restrictions_type":"any_text","adjust_price":false,"price":"","price_type":"flat_fee","restrictions":false,"min":"0","max":"0","options":[{"label":"Vahvistan, ett\u00e4 valitsemani ajov\u00e4litysp\u00e4\u00e4te on yhteensopiva tilausv\u00e4litysyhti\u00f6ni j\u00e4rjestelm\u00e4n kanssa","price":"","price_type":"flat_fee","image":0,"visibility":true}],"id":1764791975},{"name":"SIM card","type":"checkbox","position":4,"required":true,"title_format":"label","default":"","description_enable":true,"description":"","placeholder_enable":false,"placeholder":"","display":"select","restrictions_type":"any_text","adjust_price":false,"price":"","price_type":"flat_fee","restrictions":false,"min":"0","max":"0","options":[{"label":"Ymm\u00e4rr\u00e4n, ett\u00e4 Semel Contact Phonen tuotetoimitus ei sis\u00e4ll\u00e4 SIM-korttia","price":"","price_type":"flat_fee","image":0,"visibility":true}],"id":1764062859},{"name":"Approval of the contractual terms and conditions","type":"checkbox","position":5,"required":true,"title_format":"label","default":"","description_enable":false,"description":"","placeholder_enable":false,"placeholder":"","display":"select","restrictions_type":"any_text","adjust_price":false,"price":"","price_type":"flat_fee","restrictions":false,"min":"0","max":"0","options":[{"label":"Hyv\u00e4ksyn voimassa olevat sopimusehdot","price":"","price_type":"flat_fee","image":0,"visibility":true}],"id":1764705155},{"name":"P\u00e4\u00e4telaite tilausv\u00e4litykseen","type":"multiple_choice","position":0,"required":false,"title_format":"label","default":"","description_enable":false,"description":"","placeholder_enable":false,"placeholder":"","display":"images","restrictions_type":"any_text","adjust_price":false,"price":"","price_type":"flat_fee","restrictions":false,"min":"0","max":"0","options":[{"label":"Contact Phone","price":"6","price_type":"flat_fee","image":4408,"visibility":true},{"label":"Contact Tablet","price":"6","price_type":"flat_fee","image":4338,"visibility":true}],"id":1757320572}],"acf":[],"_links":{"self":[{"href":"https:\/\/semel.fi\/en\/wp-json\/wp\/v2\/product\/4922","targetHints":{"allow":["GET"]}}],"collection":[{"href":"https:\/\/semel.fi\/en\/wp-json\/wp\/v2\/product"}],"about":[{"href":"https:\/\/semel.fi\/en\/wp-json\/wp\/v2\/types\/product"}],"wp:featuredmedia":[{"embeddable":true,"href":"https:\/\/semel.fi\/en\/wp-json\/wp\/v2\/media\/4925"}],"wp:attachment":[{"href":"https:\/\/semel.fi\/en\/wp-json\/wp\/v2\/media?parent=4922"}],"wp:term":[{"taxonomy":"product_brand","embeddable":true,"href":"https:\/\/semel.fi\/en\/wp-json\/wp\/v2\/product_brand?post=4922"},{"taxonomy":"product_cat","embeddable":true,"href":"https:\/\/semel.fi\/en\/wp-json\/wp\/v2\/product_cat?post=4922"},{"taxonomy":"product_tag","embeddable":true,"href":"https:\/\/semel.fi\/en\/wp-json\/wp\/v2\/product_tag?post=4922"}],"curies":[{"name":"wp","href":"https:\/\/api.w.org\/{rel}","templated":true}]}}