{"id":4563,"date":"2025-09-19T08:04:30","date_gmt":"2025-09-19T05:04:30","guid":{"rendered":"https:\/\/semel.fi\/semel-2-0\/?post_type=product&#038;p=4563"},"modified":"2026-01-06T13:23:34","modified_gmt":"2026-01-06T11:23:34","slug":"semel-m2-touch-taximeter-and-recorder","status":"publish","type":"product","link":"https:\/\/semel.fi\/en\/verkkokauppa\/semel-m2-touch-taksamittari-ja-kirjoitin\/","title":{"rendered":"Semel M2 Touch taximeter with printer"},"content":{"rendered":"<h3>Modern taximeter with touch screen for demanding professional use<\/h3>\n<p>The Semel M2 Taximeter Service includes the taximeter, printer, and Vuoro.NET Basic service, along with software, ongoing maintenance, and continuous warranty and replacement coverage.<\/p>\n<p>An optional Semel mPOS payment terminal can be added, which also includes software, maintenance, and continuous warranty and replacement coverage.<\/p>\n<div id=\"alkaen-hinta\" style=\"background-color: #fafafa; padding: 2.5% 4%; border: 1px solid #ddd; border-radius: 8px;\"><em>From<\/em><br \/>\n<strong style=\"font-size: 32px;\">85,00 \u20ac \/ month<\/strong> <span style=\"font-size: 14px;\">(VAT 0%)<\/span><br \/>\n<span style=\"font-size: 12px;\">(48-month contract. Subscription and processing fees are charged at the start of the contract)<\/span><\/div>","protected":false},"excerpt":{"rendered":"<p>Moderni taksamittari kosketusn\u00e4yt\u00f6ll\u00e4 vaativaan ammattik\u00e4ytt\u00f6\u00f6n Semel M2 Taksamittaripalveluna Semel M2 Taksamittaripalvelu sis\u00e4lt\u00e4\u00e4 taksamittarin, kirjoittimen ja Vuoro.NET Basic palvelun, ohjelmistot, ohjelmistojen yll\u00e4pidon, sek\u00e4 keskeytym\u00e4tt\u00f6m\u00e4n takuun ja vaihtolaitepalvelun. Palveluun on mahdollisuus lis\u00e4t\u00e4 Semel mPOS maksup\u00e4\u00e4te, joka sis\u00e4lt\u00e4\u00e4 my\u00f6s ohjelmistot, ohjelmistojen yll\u00e4pidon, sek\u00e4 keskeytym\u00e4tt\u00f6m\u00e4n takuun ja vaihtolaitepalvelun. alkaen 85,00 \u20ac \/ kk (alv 0%) (48 kk sopimusajalla, tilaus- [&hellip;]<\/p>\n","protected":false},"featured_media":5120,"template":"","meta":{"_acf_changed":false},"product_brand":[],"product_cat":[64],"product_tag":[48],"class_list":{"0":"post-4563","1":"product","2":"type-product","3":"status-publish","4":"has-post-thumbnail","6":"product_cat-taksamittarit","7":"product_tag-taksamittari","9":"first","10":"instock","11":"featured","12":"virtual","13":"sold-individually","14":"purchasable","15":"product-type-simple"},"exclude_global_add_ons":false,"addons":[{"name":"Order and handling fees","type":"multiple_choice","position":0,"required":true,"title_format":"label","default":"","description_enable":false,"description":"","placeholder_enable":false,"placeholder":"","display":"radiobutton","restrictions_type":"any_text","adjust_price":false,"price":"","price_type":"flat_fee","restrictions":false,"min":"0","max":"0","options":[{"label":"Maksan tilaus- ja k\u00e4sittelymaksut sopimuskauden alkaessa","price":"","price_type":"flat_fee","image":0,"visibility":true},{"label":"Maksan tilaus- ja k\u00e4sittelymaksut kuukausimaksuina","price":"","price_type":"flat_fee","image":0,"visibility":true}],"id":1763393726},{"name":"Semel M2 Taximeter service","type":"multiple_choice","position":1,"required":true,"title_format":"label","default":"","description_enable":true,"description":"M2 Touch taximeter and printer as a monthly fee. Ordering and handling costs 150e.","placeholder_enable":false,"placeholder":"","display":"select","restrictions_type":"any_text","adjust_price":false,"price":"","price_type":"flat_fee","restrictions":false,"min":"0","max":"0","options":[{"label":"Sopimusaika 24 kk","price":"115","price_type":"flat_fee","image":0,"visibility":true},{"label":"Sopimusaika 36 kk","price":"105","price_type":"flat_fee","image":0,"visibility":true},{"label":"Sopimusaika 48 kk","price":"85","price_type":"flat_fee","image":0,"visibility":true}],"id":1755606333},{"name":"Choose a payment terminal","type":"multiple_choice","position":2,"required":true,"title_format":"label","default":"0","description_enable":false,"description":"","placeholder_enable":false,"placeholder":"","display":"radiobutton","restrictions_type":"any_text","adjust_price":false,"price":"","price_type":"flat_fee","restrictions":false,"min":"0","max":"0","options":[{"label":"Semel mPOS Maksup\u00e4\u00e4te","price":"34.00","price_type":"flat_fee","image":4551,"visibility":true},{"label":"Ei maksup\u00e4\u00e4tett\u00e4","price":"","price_type":"flat_fee","image":4552,"visibility":true}],"id":1757407418},{"name":"Choose a payment terminal","type":"multiple_choice","position":3,"required":true,"title_format":"label","default":"0","description_enable":false,"description":"","placeholder_enable":false,"placeholder":"","display":"radiobutton","restrictions_type":"any_text","adjust_price":false,"price":"","price_type":"flat_fee","restrictions":false,"min":"0","max":"0","options":[{"label":"Semel mPOS Maksup\u00e4\u00e4te","price":"30","price_type":"flat_fee","image":4551,"visibility":true},{"label":"Ei maksup\u00e4\u00e4tett\u00e4","price":"","price_type":"flat_fee","image":4552,"visibility":true}],"id":1757407419},{"name":"Choose a payment terminal","type":"multiple_choice","position":4,"required":true,"title_format":"label","default":"0","description_enable":false,"description":"","placeholder_enable":false,"placeholder":"","display":"radiobutton","restrictions_type":"any_text","adjust_price":false,"price":"","price_type":"flat_fee","restrictions":false,"min":"0","max":"0","options":[{"label":"Semel mPOS Maksup\u00e4\u00e4te","price":"28","price_type":"flat_fee","image":4551,"visibility":true},{"label":"Ei maksup\u00e4\u00e4tett\u00e4","price":"","price_type":"flat_fee","image":4552,"visibility":true}],"id":1757407420},{"name":"Semel M2 Taximeter service","type":"multiple_choice","position":5,"required":true,"title_format":"label","default":"","description_enable":true,"description":"M2 Touch taximeter and printer plus subscription and handling costs as a monthly fee.","placeholder_enable":false,"placeholder":"","display":"select","restrictions_type":"any_text","adjust_price":false,"price":"","price_type":"flat_fee","restrictions":false,"min":"0","max":"0","options":[{"label":"Sopimusaika 24 kk","price":"121.50","price_type":"flat_fee","image":0,"visibility":true},{"label":"Sopimusaika 36 kk","price":"109.50","price_type":"flat_fee","image":0,"visibility":true},{"label":"Sopimusaika 48 kk","price":"88.50","price_type":"flat_fee","image":0,"visibility":true}],"id":1763403684},{"name":"Choose a payment terminal","type":"multiple_choice","position":6,"required":true,"title_format":"label","default":"0","description_enable":false,"description":"","placeholder_enable":false,"placeholder":"","display":"radiobutton","restrictions_type":"any_text","adjust_price":false,"price":"","price_type":"flat_fee","restrictions":false,"min":"0","max":"0","options":[{"label":"Semel mPOS Maksup\u00e4\u00e4te","price":"36.50","price_type":"flat_fee","image":4551,"visibility":true},{"label":"Ei maksup\u00e4\u00e4tett\u00e4","price":"","price_type":"flat_fee","image":4778,"visibility":true}],"id":1763499113},{"name":"Choose a payment terminal","type":"multiple_choice","position":7,"required":true,"title_format":"label","default":"0","description_enable":false,"description":"","placeholder_enable":false,"placeholder":"","display":"radiobutton","restrictions_type":"any_text","adjust_price":false,"price":"","price_type":"flat_fee","restrictions":false,"min":"0","max":"0","options":[{"label":"Semel mPOS Maksup\u00e4\u00e4te","price":"31.50","price_type":"flat_fee","image":4551,"visibility":true},{"label":"Ei maksup\u00e4\u00e4tett\u00e4","price":"","price_type":"flat_fee","image":4778,"visibility":true}],"id":1763499114},{"name":"Choose a payment terminal","type":"multiple_choice","position":8,"required":true,"title_format":"label","default":"0","description_enable":false,"description":"","placeholder_enable":false,"placeholder":"","display":"radiobutton","restrictions_type":"any_text","adjust_price":false,"price":"","price_type":"flat_fee","restrictions":false,"min":"0","max":"0","options":[{"label":"Semel mPOS Maksup\u00e4\u00e4te","price":"29.00","price_type":"flat_fee","image":4551,"visibility":true},{"label":"Ei maksup\u00e4\u00e4tett\u00e4","price":"","price_type":"flat_fee","image":4778,"visibility":true}],"id":1763499115},{"name":"Does your company have a valid NETS merchant ID?","type":"multiple_choice","position":9,"required":true,"title_format":"label","default":"","description_enable":false,"description":"","placeholder_enable":false,"placeholder":"","display":"radiobutton","restrictions_type":"any_text","adjust_price":false,"price":"","price_type":"flat_fee","restrictions":false,"min":"0","max":"0","options":[{"label":"Kyll\u00e4","price":"","price_type":"flat_fee","image":0,"visibility":true},{"label":"Ei","price":"","price_type":"flat_fee","image":0,"visibility":true}],"id":1757502095},{"name":"Merchant ID","type":"custom_text","position":10,"required":true,"title_format":"label","default":"","description_enable":false,"description":"","placeholder_enable":false,"placeholder":"","display":"select","restrictions_type":"any_text","adjust_price":false,"price":"","price_type":"flat_fee","restrictions":false,"min":"0","max":"0","options":[],"id":1757407542},{"name":"Note!","type":"heading","position":11,"required":false,"title_format":"label","default":"","description_enable":true,"description":"Semel Oy will contact you and provide instructions on how to obtain a NETS Merchant ID.","placeholder_enable":false,"placeholder":"","display":"select","restrictions_type":"any_text","adjust_price":false,"price":"","price_type":"flat_fee","restrictions":false,"min":"0","max":"0","options":[],"id":1757502096},{"name":"I order a Semel dispatch terminal","type":"multiple_choice","position":12,"required":true,"title_format":"label","default":"","description_enable":false,"description":"","placeholder_enable":false,"placeholder":"","display":"radiobutton","restrictions_type":"any_text","adjust_price":false,"price":"","price_type":"flat_fee","restrictions":false,"min":"0","max":"0","options":[{"label":"Semel Contact Phone (Samsung Xcover 7)","price":"49","price_type":"flat_fee","image":0,"visibility":true},{"label":"Semel Contact Tablet (Samsung Galaxy Tab Active5)","price":"65","price_type":"flat_fee","image":0,"visibility":true},{"label":"Ei ajov\u00e4litysp\u00e4\u00e4tett\u00e4","price":"","price_type":"flat_fee","image":0,"visibility":true}],"id":1763501960},{"name":"I order a Semel dispatch terminal","type":"multiple_choice","position":13,"required":true,"title_format":"label","default":"","description_enable":false,"description":"","placeholder_enable":false,"placeholder":"","display":"radiobutton","restrictions_type":"any_text","adjust_price":false,"price":"","price_type":"flat_fee","restrictions":false,"min":"0","max":"0","options":[{"label":"Semel Contact Phone (Samsung Xcover 7)","price":"46","price_type":"flat_fee","image":0,"visibility":true},{"label":"Semel Contact Tablet (Samsung Galaxy Tab Active5)","price":"63","price_type":"flat_fee","image":0,"visibility":true},{"label":"Ei ajov\u00e4litysp\u00e4\u00e4tett\u00e4","price":"","price_type":"flat_fee","image":0,"visibility":true}],"id":1763503898},{"name":"I order a Semel dispatch terminal","type":"multiple_choice","position":14,"required":true,"title_format":"label","default":"","description_enable":false,"description":"","placeholder_enable":false,"placeholder":"","display":"radiobutton","restrictions_type":"any_text","adjust_price":false,"price":"","price_type":"flat_fee","restrictions":false,"min":"0","max":"0","options":[{"label":"Semel Contact Phone (Samsung Xcover 7)","price":"43","price_type":"flat_fee","image":0,"visibility":true},{"label":"Semel Contact Tablet (Samsung Galaxy Tab Active5)","price":"61","price_type":"flat_fee","image":0,"visibility":true},{"label":"Ei ajov\u00e4litysp\u00e4\u00e4tett\u00e4","price":"","price_type":"flat_fee","image":0,"visibility":true}],"id":1763503899},{"name":"I order a Semel dispatch terminal","type":"multiple_choice","position":15,"required":true,"title_format":"label","default":"","description_enable":false,"description":"","placeholder_enable":false,"placeholder":"","display":"radiobutton","restrictions_type":"any_text","adjust_price":false,"price":"","price_type":"flat_fee","restrictions":false,"min":"0","max":"0","options":[{"label":"Semel Contact Phone (Samsung Xcover 7)","price":"51.50","price_type":"flat_fee","image":0,"visibility":true},{"label":"Semel Contact Tablet (Samsung Galaxy Tab Active5)","price":"67.50","price_type":"flat_fee","image":0,"visibility":true},{"label":"Ei ajov\u00e4litysp\u00e4\u00e4tett\u00e4","price":"","price_type":"flat_fee","image":0,"visibility":true}],"id":1763506583},{"name":"I order a Semel dispatch terminal","type":"multiple_choice","position":16,"required":true,"title_format":"label","default":"","description_enable":false,"description":"","placeholder_enable":false,"placeholder":"","display":"radiobutton","restrictions_type":"any_text","adjust_price":false,"price":"","price_type":"flat_fee","restrictions":false,"min":"0","max":"0","options":[{"label":"Semel Contact Phone (Samsung Xcover 7)","price":"47.50","price_type":"flat_fee","image":0,"visibility":true},{"label":"Semel Contact Tablet (Samsung Galaxy Tab Active5)","price":"64.50","price_type":"flat_fee","image":0,"visibility":true},{"label":"Ei ajov\u00e4litysp\u00e4\u00e4tett\u00e4","price":"","price_type":"flat_fee","image":0,"visibility":true}],"id":1763506584},{"name":"I order a Semel dispatch terminal","type":"multiple_choice","position":17,"required":true,"title_format":"label","default":"","description_enable":false,"description":"","placeholder_enable":false,"placeholder":"","display":"radiobutton","restrictions_type":"any_text","adjust_price":false,"price":"","price_type":"flat_fee","restrictions":false,"min":"0","max":"0","options":[{"label":"Semel Contact Phone (Samsung Xcover 7)","price":"44","price_type":"flat_fee","image":0,"visibility":true},{"label":"Semel Contact Tablet (Samsung Galaxy Tab Active5)","price":"62","price_type":"flat_fee","image":0,"visibility":true},{"label":"Ei ajov\u00e4litysp\u00e4\u00e4tett\u00e4","price":"","price_type":"flat_fee","image":0,"visibility":true}],"id":1763506585},{"name":"Compatibility with the taxi company&#039;s dispatch system","type":"checkbox","position":18,"required":true,"title_format":"label","default":"","description_enable":false,"description":"","placeholder_enable":false,"placeholder":"","display":"select","restrictions_type":"any_text","adjust_price":false,"price":"","price_type":"flat_fee","restrictions":false,"min":"0","max":"0","options":[{"label":"Vahvistan, ett\u00e4 valitsemani ajov\u00e4litysp\u00e4\u00e4te on yhteensopiva tilausv\u00e4litysyhti\u00f6ni j\u00e4rjestelm\u00e4n kanssa","price":"","price_type":"flat_fee","image":0,"visibility":true}],"id":1764791667},{"name":"Select the Vuoro.NET service you want to use","type":"multiple_choice","position":19,"required":true,"title_format":"label","default":"0","description_enable":false,"description":"","placeholder_enable":false,"placeholder":"","display":"radiobutton","restrictions_type":"any_text","adjust_price":false,"price":"","price_type":"flat_fee","restrictions":false,"min":"0","max":"0","options":[{"label":"Vuoro.NET BASIC (kuuluu hintaan)","price":"","price_type":"flat_fee","image":0,"visibility":true},{"label":"Vuoro.NET EXTRA (8,20e \/ kk)","price":"8.20","price_type":"flat_fee","image":0,"visibility":true}],"id":1763507063},{"name":"SIM card for the taximeter","type":"checkbox","position":20,"required":true,"title_format":"label","default":"","description_enable":false,"description":"","placeholder_enable":false,"placeholder":"","display":"select","restrictions_type":"any_text","adjust_price":false,"price":"","price_type":"flat_fee","restrictions":false,"min":"0","max":"0","options":[{"label":"Ymm\u00e4rr\u00e4n, ett\u00e4 taksamittari ei sis\u00e4ll\u00e4 SIM-korttia vaan se on hankittava erikseen","price":"","price_type":"flat_fee","image":0,"visibility":true}],"id":1763982670},{"name":"Approval of the contractual terms and conditions","type":"checkbox","position":21,"required":true,"title_format":"label","default":"","description_enable":false,"description":"","placeholder_enable":false,"placeholder":"","display":"select","restrictions_type":"any_text","adjust_price":false,"price":"","price_type":"flat_fee","restrictions":false,"min":"0","max":"0","options":[{"label":"Hyv\u00e4ksyn voimassa olevat sopimusehdot","price":"","price_type":"flat_fee","image":0,"visibility":true}],"id":1764682658},{"name":"P\u00e4\u00e4telaite tilausv\u00e4litykseen","type":"multiple_choice","position":0,"required":false,"title_format":"label","default":"","description_enable":false,"description":"","placeholder_enable":false,"placeholder":"","display":"images","restrictions_type":"any_text","adjust_price":false,"price":"","price_type":"flat_fee","restrictions":false,"min":"0","max":"0","options":[{"label":"Contact Phone","price":"6","price_type":"flat_fee","image":4408,"visibility":true},{"label":"Contact Tablet","price":"6","price_type":"flat_fee","image":4338,"visibility":true}],"id":1757320572}],"acf":[],"_links":{"self":[{"href":"https:\/\/semel.fi\/en\/wp-json\/wp\/v2\/product\/4563","targetHints":{"allow":["GET"]}}],"collection":[{"href":"https:\/\/semel.fi\/en\/wp-json\/wp\/v2\/product"}],"about":[{"href":"https:\/\/semel.fi\/en\/wp-json\/wp\/v2\/types\/product"}],"wp:featuredmedia":[{"embeddable":true,"href":"https:\/\/semel.fi\/en\/wp-json\/wp\/v2\/media\/5120"}],"wp:attachment":[{"href":"https:\/\/semel.fi\/en\/wp-json\/wp\/v2\/media?parent=4563"}],"wp:term":[{"taxonomy":"product_brand","embeddable":true,"href":"https:\/\/semel.fi\/en\/wp-json\/wp\/v2\/product_brand?post=4563"},{"taxonomy":"product_cat","embeddable":true,"href":"https:\/\/semel.fi\/en\/wp-json\/wp\/v2\/product_cat?post=4563"},{"taxonomy":"product_tag","embeddable":true,"href":"https:\/\/semel.fi\/en\/wp-json\/wp\/v2\/product_tag?post=4563"}],"curies":[{"name":"wp","href":"https:\/\/api.w.org\/{rel}","templated":true}]}}