{"id":4281,"date":"2025-09-18T15:31:20","date_gmt":"2025-09-18T12:31:20","guid":{"rendered":"https:\/\/semel.fi\/semel-2-0\/?page_id=4281"},"modified":"2025-09-18T17:39:49","modified_gmt":"2025-09-18T14:39:49","slug":"tilausehdot","status":"publish","type":"page","link":"https:\/\/semel.fi\/en\/tilausehdot\/","title":{"rendered":"Tilaus ja toimitusehdot"},"content":{"rendered":"<div data-elementor-type=\"wp-page\" data-elementor-id=\"4281\" class=\"elementor elementor-4281\" data-elementor-post-type=\"page\">\n\t\t\t\t<div class=\"elementor-element elementor-element-b42523c e-con-full e-flex e-con e-child\" data-id=\"b42523c\" data-element_type=\"container\" data-e-type=\"container\">\n\t\t<div class=\"elementor-element elementor-element-05aaacc e-con-full e-flex e-con e-child\" data-id=\"05aaacc\" data-element_type=\"container\" data-e-type=\"container\">\n\t\t\t\t<div class=\"elementor-element elementor-element-b301500 elementor-widget elementor-widget-heading\" data-id=\"b301500\" data-element_type=\"widget\" data-e-type=\"widget\" data-widget_type=\"heading.default\">\n\t\t\t\t<div class=\"elementor-widget-container\">\n\t\t\t\t\t<h1 class=\"elementor-heading-title elementor-size-default\">M2 Rental agreement<\/h1>\t\t\t\t<\/div>\n\t\t\t\t<\/div>\n\t\t\t\t<div class=\"elementor-element elementor-element-335f2f0 elementor-widget-divider--view-line elementor-widget elementor-widget-divider\" data-id=\"335f2f0\" data-element_type=\"widget\" data-e-type=\"widget\" data-widget_type=\"divider.default\">\n\t\t\t\t<div class=\"elementor-widget-container\">\n\t\t\t\t\t\t\t<div class=\"elementor-divider\">\n\t\t\t<span class=\"elementor-divider-separator\">\n\t\t\t\t\t\t<\/span>\n\t\t<\/div>\n\t\t\t\t\t\t<\/div>\n\t\t\t\t<\/div>\n\t\t\t\t<div class=\"elementor-element elementor-element-3ade402 elementor-widget elementor-widget-text-editor\" data-id=\"3ade402\" data-element_type=\"widget\" data-e-type=\"widget\" data-widget_type=\"text-editor.default\">\n\t\t\t\t<div class=\"elementor-widget-container\">\n\t\t\t\t\t\t\t\t\t<p>A. Semel offers, supplies and services taxi information systems and related equipment to its taxi customers.<br \/>B. The parties agree by this Agreement to lease to the Customer the Unit or Units specified on the form, in accordance with the terms of this Agreement and its annexes.<\/p>\n<p>Annex 1 \u201dDescription of the rental property and rent (this document)\u201d, <br \/>Annex 2 \u201d<a href=\"https:\/\/semel.fi\/wp-content\/uploads\/2024\/11\/vuokra_yleiset-vuokraehdot.pdf\" target=\"_blank\" rel=\"noopener\">General rental terms<\/a>\u201d yes<br \/>Annex 3 \u201d<a href=\"https:\/\/semel.fi\/wp-content\/uploads\/2024\/11\/vuokra_kuvaus-vaihtolaitepalvelusta.pdf\" target=\"_blank\" rel=\"noopener\">Description of the replacement equipment service<\/a>\u201d<br \/>in line with.<\/p>\t\t\t\t\t\t\t\t<\/div>\n\t\t\t\t<\/div>\n\t\t\t\t<div class=\"elementor-element elementor-element-fc539ef elementor-widget elementor-widget-heading\" data-id=\"fc539ef\" data-element_type=\"widget\" data-e-type=\"widget\" data-widget_type=\"heading.default\">\n\t\t\t\t<div class=\"elementor-widget-container\">\n\t\t\t\t\t<h2 class=\"elementor-heading-title elementor-size-default\">1. The tenancy<\/h2>\t\t\t\t<\/div>\n\t\t\t\t<\/div>\n\t\t\t\t<div class=\"elementor-element elementor-element-e627de5 elementor-widget elementor-widget-text-editor\" data-id=\"e627de5\" data-element_type=\"widget\" data-e-type=\"widget\" data-widget_type=\"text-editor.default\">\n\t\t\t\t<div class=\"elementor-widget-container\">\n\t\t\t\t\t\t\t\t\t<p>Within the framework of this Agreement, Semel will lease the rental property (selected by the Customer in the lease agreement) as set out in Annex 1 to the Customer and the Customer will take possession of the rental property on the commencement date of the rental period. The parties may, by mutual written agreement, change the subject of the lease (Annex 1) during the term of the agreement.<\/p>\t\t\t\t\t\t\t\t<\/div>\n\t\t\t\t<\/div>\n\t\t\t\t<div class=\"elementor-element elementor-element-f11075d elementor-widget elementor-widget-heading\" data-id=\"f11075d\" data-element_type=\"widget\" data-e-type=\"widget\" data-widget_type=\"heading.default\">\n\t\t\t\t<div class=\"elementor-widget-container\">\n\t\t\t\t\t<h2 class=\"elementor-heading-title elementor-size-default\">2. General rental conditions<\/h2>\t\t\t\t<\/div>\n\t\t\t\t<\/div>\n\t\t\t\t<div class=\"elementor-element elementor-element-096b563 elementor-widget elementor-widget-text-editor\" data-id=\"096b563\" data-element_type=\"widget\" data-e-type=\"widget\" data-widget_type=\"text-editor.default\">\n\t\t\t\t<div class=\"elementor-widget-container\">\n\t\t\t\t\t\t\t\t\t<p>Semel shall rent the rental property to the Customer in accordance with this Agreement and Semel's general terms and conditions for rental services (\u201dGeneral Rental Terms\u201d) set out in Appendix 2.<\/p>\t\t\t\t\t\t\t\t<\/div>\n\t\t\t\t<\/div>\n\t\t\t\t<div class=\"elementor-element elementor-element-f1aa0e1 elementor-widget elementor-widget-heading\" data-id=\"f1aa0e1\" data-element_type=\"widget\" data-e-type=\"widget\" data-widget_type=\"heading.default\">\n\t\t\t\t<div class=\"elementor-widget-container\">\n\t\t\t\t\t<h2 class=\"elementor-heading-title elementor-size-default\">3. Rent<\/h2>\t\t\t\t<\/div>\n\t\t\t\t<\/div>\n\t\t\t\t<div class=\"elementor-element elementor-element-b0be9e9 elementor-widget elementor-widget-text-editor\" data-id=\"b0be9e9\" data-element_type=\"widget\" data-e-type=\"widget\" data-widget_type=\"text-editor.default\">\n\t\t\t\t<div class=\"elementor-widget-container\">\n\t\t\t\t\t\t\t\t\t<p>The Customer is obliged to pay Semel the rent specified in Annex 1 for each rental period. The terms of payment are determined by the General Rental Terms.<\/p>\t\t\t\t\t\t\t\t<\/div>\n\t\t\t\t<\/div>\n\t\t\t\t<div class=\"elementor-element elementor-element-8d5f419 elementor-widget elementor-widget-heading\" data-id=\"8d5f419\" data-element_type=\"widget\" data-e-type=\"widget\" data-widget_type=\"heading.default\">\n\t\t\t\t<div class=\"elementor-widget-container\">\n\t\t\t\t\t<h2 class=\"elementor-heading-title elementor-size-default\">4. Duration and termination of the contract<\/h2>\t\t\t\t<\/div>\n\t\t\t\t<\/div>\n\t\t\t\t<div class=\"elementor-element elementor-element-1d22944 elementor-widget elementor-widget-text-editor\" data-id=\"1d22944\" data-element_type=\"widget\" data-e-type=\"widget\" data-widget_type=\"text-editor.default\">\n\t\t\t\t<div class=\"elementor-widget-container\">\n\t\t\t\t\t\t\t\t\t<p>This Agreement shall enter into force on the Effective Date and shall remain in force for the term of the Agreement selected by the Customer (\u201dActual Term\u201d). After the Initial Term, the Agreement shall remain in effect indefinitely unless terminated by either Party no later than three (3) months prior to the end of the Initial Term. After the Regular Term, either Party shall have the right to terminate this Agreement to expire three (3) months after notice of termination. Notice of termination must be given in writing.<\/p>\t\t\t\t\t\t\t\t<\/div>\n\t\t\t\t<\/div>\n\t\t<div class=\"elementor-element elementor-element-6b593ad e-grid e-con-full e-con e-child\" data-id=\"6b593ad\" data-element_type=\"container\" data-e-type=\"container\">\n\t\t<div class=\"elementor-element elementor-element-81123a1 e-con-full e-flex e-con e-child\" data-id=\"81123a1\" data-element_type=\"container\" data-e-type=\"container\">\n\t\t\t\t<div class=\"elementor-element elementor-element-9d0f316 elementor-widget elementor-widget-heading\" data-id=\"9d0f316\" data-element_type=\"widget\" data-e-type=\"widget\" data-widget_type=\"heading.default\">\n\t\t\t\t<div class=\"elementor-widget-container\">\n\t\t\t\t\t<h3 class=\"elementor-heading-title elementor-size-default\">Semel Taximeter service with separate subscription and handling fee**<\/h3>\t\t\t\t<\/div>\n\t\t\t\t<\/div>\n\t\t\t\t<div class=\"elementor-element elementor-element-ec62e2b elementor-widget elementor-widget-text-editor\" data-id=\"ec62e2b\" data-element_type=\"widget\" data-e-type=\"widget\" data-widget_type=\"text-editor.default\">\n\t\t\t\t<div class=\"elementor-widget-container\">\n\t\t\t\t\t\t\t\t\t<p><strong>M2 Mini taximeter and Semel writer<\/strong><\/p>\n<p>95,00 \u20ac\/month 24 months, subscription and handling fee 150,00 \u20ac<br \/>85,00 \u20ac\/month 36 months, subscription and handling fee 150,00 \u20ac<br \/>75,00 \u20ac\/month 48 months, subscription and handling fee 150,00 \u20ac<\/p>\n<p><strong>M2 Touch Tachymeter and Semel writer<\/strong><\/p>\n<p>115,00 \u20ac\/month 24 months, subscription and handling fee 150,00 \u20ac<br \/>105,00 \u20ac\/month 36 months, subscription and handling fee 150,00 \u20ac<br \/>85,00 \u20ac\/month 48 months, subscription and handling fee 150,00 \u20ac<\/p>\n<p><strong>M2 Mirror taximeter and Semel writer<\/strong><\/p>\n<p>125,00 \u20ac\/month 24 months, subscription and handling fee 150,00 \u20ac<br \/>115,00 \u20ac\/month 36 months, subscription and handling fee 150,00 \u20ac<br \/>95,00 \u20ac\/month 48 months, subscription and handling fee 150,00 \u20ac<\/p>\t\t\t\t\t\t\t\t<\/div>\n\t\t\t\t<\/div>\n\t\t\t\t<\/div>\n\t\t<div class=\"elementor-element elementor-element-df3f2a7 e-con-full e-flex e-con e-child\" data-id=\"df3f2a7\" data-element_type=\"container\" data-e-type=\"container\">\n\t\t\t\t<div class=\"elementor-element elementor-element-483abc9 elementor-widget elementor-widget-heading\" data-id=\"483abc9\" data-element_type=\"widget\" data-e-type=\"widget\" data-widget_type=\"heading.default\">\n\t\t\t\t<div class=\"elementor-widget-container\">\n\t\t\t\t\t<h3 class=\"elementor-heading-title elementor-size-default\">Semel Taximeter service with a separate subscription and handling fee when a payment terminal is also selected***<\/h3>\t\t\t\t<\/div>\n\t\t\t\t<\/div>\n\t\t\t\t<div class=\"elementor-element elementor-element-95b7a94 elementor-widget elementor-widget-text-editor\" data-id=\"95b7a94\" data-element_type=\"widget\" data-e-type=\"widget\" data-widget_type=\"text-editor.default\">\n\t\t\t\t<div class=\"elementor-widget-container\">\n\t\t\t\t\t\t\t\t\t<p><strong>M2 Mini taximeter and Semel writer, and mPOS Payment terminal<\/strong><\/p>\n<p>129,00 \u20ac\/month 24 months, subscription and handling fee 210,00 \u20ac<br \/>115,00 \u20ac\/month 36 months, subscription and handling fee 210,00 \u20ac<br \/>103,00 \u20ac\/month 48 months, subscription and handling fee 210,00 \u20ac<\/p>\n<p><strong>M2 Touch Toll meter and Semel writer, and mPOS Payment terminal<\/strong><\/p>\n<p>149,00 \u20ac\/month 24 months, subscription and handling fee 210,00 \u20ac<br \/>135,00 \u20ac\/month 36 months, subscription and handling fee 210,00 \u20ac<br \/>113,00 \u20ac\/month 48 months, subscription and handling fee 210,00 \u20ac<\/p>\n<p><strong>M2 Mirror taximeter and Semel recorder, and mPOS Payment terminal<\/strong><\/p>\n<p>159,00 \u20ac\/month 24 months, subscription and handling fee 210,00 \u20ac<br \/>145,00 \u20ac\/month 36 months, subscription and handling fee 210,00 \u20ac<br \/>123,00 \u20ac\/month 48 months, subscription and handling fee 210,00 \u20ac<\/p>\t\t\t\t\t\t\t\t<\/div>\n\t\t\t\t<\/div>\n\t\t\t\t<\/div>\n\t\t\t\t<\/div>\n\t\t<div class=\"elementor-element elementor-element-78de9fb e-grid e-con-full e-con e-child\" data-id=\"78de9fb\" data-element_type=\"container\" data-e-type=\"container\">\n\t\t<div class=\"elementor-element elementor-element-7fe06df e-con-full e-flex e-con e-child\" data-id=\"7fe06df\" data-element_type=\"container\" data-e-type=\"container\">\n\t\t\t\t<div class=\"elementor-element elementor-element-c0752d0 elementor-widget elementor-widget-heading\" data-id=\"c0752d0\" data-element_type=\"widget\" data-e-type=\"widget\" data-widget_type=\"heading.default\">\n\t\t\t\t<div class=\"elementor-widget-container\">\n\t\t\t\t\t<h3 class=\"elementor-heading-title elementor-size-default\">Semel Taximeter service, subscription and handling fee as a monthly fee when no payment terminal is selected**<\/h3>\t\t\t\t<\/div>\n\t\t\t\t<\/div>\n\t\t\t\t<div class=\"elementor-element elementor-element-ad9c582 elementor-widget elementor-widget-text-editor\" data-id=\"ad9c582\" data-element_type=\"widget\" data-e-type=\"widget\" data-widget_type=\"text-editor.default\">\n\t\t\t\t<div class=\"elementor-widget-container\">\n\t\t\t\t\t\t\t\t\t<p><strong>M2 Mini taximeter and Semel writer<\/strong><\/p>\n<p>101,50 \u20ac\/month 24 months, subscription and handling fee included in the monthly fee<br \/>89,50 \u20ac\/month 36 months, subscription and handling fee included in the monthly fee<br \/>78,50 \u20ac\/month for 48 months, subscription and handling fee included in the monthly fee<\/p>\n<p><strong>M2 Touch Tachymeter and Semel writer<\/strong><\/p>\n<p>121,50 \u20ac\/month 24 months, subscription and handling fee included in the monthly fee<br \/>109,50 \u20ac\/month 36 months, subscription and handling fee included in the monthly fee<br \/>88,50 \u20ac\/month for 48 months, subscription and handling fee included in the monthly fee<\/p>\n<p><strong>M2 Mirror taximeter and Semel writer<\/strong><\/p>\n<p>131,50 \u20ac\/month 24 months, subscription and handling fee included in the monthly fee<br \/>119,50 \u20ac\/month 36 months, subscription and handling fee included in monthly fee<br \/>98,50 \u20ac\/month for 48 months, subscription and handling fee included in the monthly fee<\/p>\t\t\t\t\t\t\t\t<\/div>\n\t\t\t\t<\/div>\n\t\t\t\t<\/div>\n\t\t<div class=\"elementor-element elementor-element-fb0bb92 e-con-full e-flex e-con e-child\" data-id=\"fb0bb92\" data-element_type=\"container\" data-e-type=\"container\">\n\t\t\t\t<div class=\"elementor-element elementor-element-9d3f1f9 elementor-widget elementor-widget-heading\" data-id=\"9d3f1f9\" data-element_type=\"widget\" data-e-type=\"widget\" data-widget_type=\"heading.default\">\n\t\t\t\t<div class=\"elementor-widget-container\">\n\t\t\t\t\t<h3 class=\"elementor-heading-title elementor-size-default\">Semel Taximeter service, subscription and handling fee as a monthly fee when a payment terminal is also selected***<\/h3>\t\t\t\t<\/div>\n\t\t\t\t<\/div>\n\t\t\t\t<div class=\"elementor-element elementor-element-343878a elementor-widget elementor-widget-text-editor\" data-id=\"343878a\" data-element_type=\"widget\" data-e-type=\"widget\" data-widget_type=\"text-editor.default\">\n\t\t\t\t<div class=\"elementor-widget-container\">\n\t\t\t\t\t\t\t\t\t<p><strong>M2 Mini taximeter and Semel writer, and mPOS Payment terminal<\/strong><\/p>\n<p>138,00 \u20ac\/month 24 months, subscription and handling fee included in monthly fee<br \/>121,00 \u20ac\/month 36 months, subscription and handling fee included in monthly fee<br \/>107,50 \u20ac\/month for 48 months, subscription and handling fee included in the monthly fee<\/p>\n<p><strong>M2 Touch Toll meter and Semel writer, and mPOS Payment terminal<\/strong><\/p>\n<p>158,00 \u20ac\/month 24 months, subscription and handling fee included in monthly fee<br \/>141,00 \u20ac\/month 36 months, subscription and handling fee included in monthly fee<br \/>117,50 \u20ac\/month for 48 months, subscription and handling fee included in the monthly fee<\/p>\n<p><strong>M2 Mirror taximeter and Semel recorder, and mPOS Payment terminal<\/strong><\/p>\n<p>168,00 \u20ac\/month 24 months, subscription and handling fee included in monthly fee<br \/>151,00 \u20ac\/month 36 months, subscription and handling fee included in monthly fee<br \/>127,50 \u20ac\/month for 48 months, subscription and handling fee included in the monthly fee<\/p>\t\t\t\t\t\t\t\t<\/div>\n\t\t\t\t<\/div>\n\t\t\t\t<\/div>\n\t\t\t\t<\/div>\n\t\t\t\t<div class=\"elementor-element elementor-element-b0f360d elementor-widget elementor-widget-text-editor\" data-id=\"b0f360d\" data-element_type=\"widget\" data-e-type=\"widget\" data-widget_type=\"text-editor.default\">\n\t\t\t\t<div class=\"elementor-widget-container\">\n\t\t\t\t\t\t\t\t\t<p>Nets and Elavon are responsible for the settlement of EMV transactions received via the Semel mPOS payment terminal. This requires that the company must have a merchant agreement with either Nets or Elavon for the settlement of transactions.<br \/>The leased items include the software and maintenance of the equipment. In addition, all Leased Items include the Vuoro.NET Basic service, which the Customer receives free of charge in connection with this Lease. Vuoro.NET is a service that allows the entrepreneur to monitor the data collected by the meter in near real time via the Internet. If the Customer does not accept and does not wish to use the Vuoro.NET Basic service in connection with this Lease Agreement, the Customer should notify myynti@semel.fi.<\/p>\t\t\t\t\t\t\t\t<\/div>\n\t\t\t\t<\/div>\n\t\t\t\t<\/div>\n\t\t<div class=\"elementor-element elementor-element-269bfb4 e-con-full e-flex e-con e-child\" data-id=\"269bfb4\" data-element_type=\"container\" data-e-type=\"container\">\n\t\t\t\t<div class=\"elementor-element elementor-element-21cb6a8 elementor-icon-list--layout-traditional elementor-list-item-link-full_width elementor-widget elementor-widget-icon-list\" data-id=\"21cb6a8\" data-element_type=\"widget\" data-e-type=\"widget\" data-widget_type=\"icon-list.default\">\n\t\t\t\t<div class=\"elementor-widget-container\">\n\t\t\t\t\t\t\t<ul class=\"elementor-icon-list-items\">\n\t\t\t\t\t\t\t<li class=\"elementor-icon-list-item\">\n\t\t\t\t\t\t\t\t\t\t\t<a href=\"https:\/\/semel.fi\/wp-content\/uploads\/2024\/11\/vuokra_yleiset-vuokraehdot.pdf\" target=\"_blank\">\n\n\t\t\t\t\t\t\t\t\t\t\t\t<span class=\"elementor-icon-list-icon\">\n\t\t\t\t\t\t\t<svg aria-hidden=\"true\" class=\"e-font-icon-svg e-fas-file-pdf\" viewbox=\"0 0 384 512\" xmlns=\"http:\/\/www.w3.org\/2000\/svg\"><path d=\"M181.9 256.1c-5-16-4.9-46.9-2-46.9 8.4 0 7.6 36.9 2 46.9zm-1.7 47.2c-7.7 20.2-17.3 43.3-28.4 62.7 18.3-7 39-17.2 62.9-21.9-12.7-9.6-24.9-23.4-34.5-40.8zM86.1 428.1c0 .8 13.2-5.4 34.9-40.2-6.7 6.3-29.1 24.5-34.9 40.2zM248 160h136v328c0 13.3-10.7 24-24 24H24c-13.3 0-24-10.7-24-24V24C0 10.7 10.7 0 24 0h200v136c0 13.2 10.8 24 24 24zm-8 171.8c-20-12.2-33.3-29-42.7-53.8 4.5-18.5 11.6-46.6 6.2-64.2-4.7-29.4-42.4-26.5-47.8-6.8-5 18.3-.4 44.1 8.1 77-11.6 27.6-28.7 64.6-40.8 85.8-.1 0-.1.1-.2.1-27.1 13.9-73.6 44.5-54.5 68 5.6 6.9 16 10 21.5 10 17.9 0 35.7-18 61.1-61.8 25.8-8.5 54.1-19.1 79-23.2 21.7 11.8 47.1 19.5 64 19.5 29.2 0 31.2-32 19.7-43.4-13.9-13.6-54.3-9.7-73.6-7.2zM377 105L279 7c-4.5-4.5-10.6-7-17-7h-6v128h128v-6.1c0-6.3-2.5-12.4-7-16.9zm-74.1 255.3c4.1-2.7-2.5-11.9-42.8-9 37.1 15.8 42.8 9 42.8 9z\"><\/path><\/svg>\t\t\t\t\t\t<\/span>\n\t\t\t\t\t\t\t\t\t\t<span class=\"elementor-icon-list-text\">General rental terms<\/span>\n\t\t\t\t\t\t\t\t\t\t\t<\/a>\n\t\t\t\t\t\t\t\t\t<\/li>\n\t\t\t\t\t\t\t\t<li class=\"elementor-icon-list-item\">\n\t\t\t\t\t\t\t\t\t\t\t<a href=\"https:\/\/semel.fi\/wp-content\/uploads\/2024\/11\/vuokra_kuvaus-vaihtolaitepalvelusta.pdf\" target=\"_blank\">\n\n\t\t\t\t\t\t\t\t\t\t\t\t<span class=\"elementor-icon-list-icon\">\n\t\t\t\t\t\t\t<svg aria-hidden=\"true\" class=\"e-font-icon-svg e-fas-file-pdf\" viewbox=\"0 0 384 512\" xmlns=\"http:\/\/www.w3.org\/2000\/svg\"><path d=\"M181.9 256.1c-5-16-4.9-46.9-2-46.9 8.4 0 7.6 36.9 2 46.9zm-1.7 47.2c-7.7 20.2-17.3 43.3-28.4 62.7 18.3-7 39-17.2 62.9-21.9-12.7-9.6-24.9-23.4-34.5-40.8zM86.1 428.1c0 .8 13.2-5.4 34.9-40.2-6.7 6.3-29.1 24.5-34.9 40.2zM248 160h136v328c0 13.3-10.7 24-24 24H24c-13.3 0-24-10.7-24-24V24C0 10.7 10.7 0 24 0h200v136c0 13.2 10.8 24 24 24zm-8 171.8c-20-12.2-33.3-29-42.7-53.8 4.5-18.5 11.6-46.6 6.2-64.2-4.7-29.4-42.4-26.5-47.8-6.8-5 18.3-.4 44.1 8.1 77-11.6 27.6-28.7 64.6-40.8 85.8-.1 0-.1.1-.2.1-27.1 13.9-73.6 44.5-54.5 68 5.6 6.9 16 10 21.5 10 17.9 0 35.7-18 61.1-61.8 25.8-8.5 54.1-19.1 79-23.2 21.7 11.8 47.1 19.5 64 19.5 29.2 0 31.2-32 19.7-43.4-13.9-13.6-54.3-9.7-73.6-7.2zM377 105L279 7c-4.5-4.5-10.6-7-17-7h-6v128h128v-6.1c0-6.3-2.5-12.4-7-16.9zm-74.1 255.3c4.1-2.7-2.5-11.9-42.8-9 37.1 15.8 42.8 9 42.8 9z\"><\/path><\/svg>\t\t\t\t\t\t<\/span>\n\t\t\t\t\t\t\t\t\t\t<span class=\"elementor-icon-list-text\">Description of the replacement equipment service<\/span>\n\t\t\t\t\t\t\t\t\t\t\t<\/a>\n\t\t\t\t\t\t\t\t\t<\/li>\n\t\t\t\t\t\t<\/ul>\n\t\t\t\t\t\t<\/div>\n\t\t\t\t<\/div>\n\t\t\t\t<\/div>\n\t\t\t\t<\/div>\n\t\t\t\t<\/div>","protected":false},"excerpt":{"rendered":"<p>M2 Vuokrasopimus A. Semel tarjoaa, toimittaa ja huoltaa taksien tietoj\u00e4rjestelmi\u00e4 ja siihen liittyvi\u00e4 laitteita taksialan asiakkailleen.B. Osapuolet sopivat t\u00e4ll\u00e4 Sopimuksella lomakkeella mainitun vuokrakohteen tai vuokrakohtien vuokrauksesta\u00a0Asiakkaalle t\u00e4m\u00e4n Sopimuksen ja sen liitteiden Liite 1 &#8221;Vuokrakohteen kuvaus ja vuokra (t\u00e4m\u00e4 dokumentti)&#8221;, Liite 2 &#8221;Yleiset vuokraehdot&#8221; jaLiite 3 &#8221;Kuvaus vaihtolaitepalvelusta&#8221;mukaisesti. 1. Vuokrasuhde T\u00e4m\u00e4n Sopimuksen puitteissa Semel vuokraa Liitteen [&hellip;]<\/p>\n","protected":false},"author":1,"featured_media":0,"parent":0,"menu_order":0,"comment_status":"closed","ping_status":"closed","template":"elementor_header_footer","meta":{"_acf_changed":false,"footnotes":""},"class_list":["post-4281","page","type-page","status-publish","hentry"],"acf":[],"_links":{"self":[{"href":"https:\/\/semel.fi\/en\/wp-json\/wp\/v2\/pages\/4281","targetHints":{"allow":["GET"]}}],"collection":[{"href":"https:\/\/semel.fi\/en\/wp-json\/wp\/v2\/pages"}],"about":[{"href":"https:\/\/semel.fi\/en\/wp-json\/wp\/v2\/types\/page"}],"author":[{"embeddable":true,"href":"https:\/\/semel.fi\/en\/wp-json\/wp\/v2\/users\/1"}],"replies":[{"embeddable":true,"href":"https:\/\/semel.fi\/en\/wp-json\/wp\/v2\/comments?post=4281"}],"version-history":[{"count":12,"href":"https:\/\/semel.fi\/en\/wp-json\/wp\/v2\/pages\/4281\/revisions"}],"predecessor-version":[{"id":4669,"href":"https:\/\/semel.fi\/en\/wp-json\/wp\/v2\/pages\/4281\/revisions\/4669"}],"wp:attachment":[{"href":"https:\/\/semel.fi\/en\/wp-json\/wp\/v2\/media?parent=4281"}],"curies":[{"name":"wp","href":"https:\/\/api.w.org\/{rel}","templated":true}]}}