{"id":4278,"date":"2025-08-15T10:11:36","date_gmt":"2025-08-15T07:11:36","guid":{"rendered":"https:\/\/semel.fi\/semel-2-0\/?page_id=4278"},"modified":"2025-09-17T11:41:45","modified_gmt":"2025-09-17T08:41:45","slug":"shopping-cart","status":"publish","type":"page","link":"https:\/\/semel.fi\/en\/ostoskori\/","title":{"rendered":"Shopping cart"},"content":{"rendered":"<div data-block-name=\"woocommerce\/cart\" class=\"wp-block-woocommerce-cart alignwide is-loading\">\n<div data-block-name=\"woocommerce\/filled-cart-block\" class=\"wp-block-woocommerce-filled-cart-block\">\n<div data-block-name=\"woocommerce\/cart-items-block\" class=\"wp-block-woocommerce-cart-items-block\">\n<div data-block-name=\"woocommerce\/cart-line-items-block\" class=\"wp-block-woocommerce-cart-line-items-block\"><\/div>\n\n\n\n<div data-block-name=\"woocommerce\/cart-cross-sells-block\" class=\"wp-block-woocommerce-cart-cross-sells-block\">\n<h2 class=\"wp-block-heading has-large-font-size\">Saatat olla kiinnostunut my\u00f6s&#8230;<\/h2>\n\n\n\n<div data-block-name=\"woocommerce\/cart-cross-sells-products-block\" class=\"wp-block-woocommerce-cart-cross-sells-products-block\"><\/div>\n<\/div>\n<\/div>\n\n\n\n<div data-block-name=\"woocommerce\/cart-totals-block\" class=\"wp-block-woocommerce-cart-totals-block\">\n<div data-block-name=\"woocommerce\/cart-order-summary-block\" class=\"wp-block-woocommerce-cart-order-summary-block\">\n<div data-block-name=\"woocommerce\/cart-order-summary-heading-block\" class=\"wp-block-woocommerce-cart-order-summary-heading-block\"><\/div><div data-block-name=\"woocommerce\/cart-order-summary-coupon-form-block\" class=\"wp-block-woocommerce-cart-order-summary-coupon-form-block\"><\/div><div data-block-name=\"woocommerce\/cart-order-summary-totals-block\" class=\"wp-block-woocommerce-cart-order-summary-totals-block\">\n<div data-block-name=\"woocommerce\/cart-order-summary-subtotal-block\" class=\"wp-block-woocommerce-cart-order-summary-subtotal-block\"><\/div>\n<div data-block-name=\"woocommerce\/cart-order-summary-discount-block\" class=\"wp-block-woocommerce-cart-order-summary-discount-block\"><\/div>\n<div data-block-name=\"woocommerce\/cart-order-summary-fee-block\" class=\"wp-block-woocommerce-cart-order-summary-fee-block\"><\/div>\n<div data-block-name=\"woocommerce\/cart-order-summary-shipping-block\" class=\"wp-block-woocommerce-cart-order-summary-shipping-block\"><\/div>\n<div data-block-name=\"woocommerce\/cart-order-summary-taxes-block\" class=\"wp-block-woocommerce-cart-order-summary-taxes-block\"><\/div><\/div>\n<\/div>\n\n\n\n<div data-block-name=\"woocommerce\/cart-express-payment-block\" class=\"wp-block-woocommerce-cart-express-payment-block\"><\/div>\n\n\n\n<div data-block-name=\"woocommerce\/proceed-to-checkout-block\" class=\"wp-block-woocommerce-proceed-to-checkout-block\"><\/div>\n\n\n\n<div data-block-name=\"woocommerce\/cart-accepted-payment-methods-block\" class=\"wp-block-woocommerce-cart-accepted-payment-methods-block\"><\/div>\n<\/div>\n<\/div>\n\n\n\n<div data-block-name=\"woocommerce\/empty-cart-block\" class=\"wp-block-woocommerce-empty-cart-block\">\n<h2 class=\"wp-block-heading has-text-align-center with-empty-cart-icon wc-block-cart__empty-cart__title\">Ostoskorisi on tyhj\u00e4!<\/h2>\n\n\n\n<hr class=\"wp-block-separator has-alpha-channel-opacity is-style-dots\"\/>\n\n\n\n<h2 class=\"wp-block-heading has-text-align-center\">Uutta kaupassa<\/h2>\n\n\n<div data-block-name=\"woocommerce\/product-new\" data-columns=\"4\" data-rows=\"1\" class=\"wc-block-grid wp-block-product-new wp-block-woocommerce-product-new wc-block-product-new has-4-columns\"><ul class=\"wc-block-grid__products\"><li class=\"wc-block-grid__product\">\n\t\t\t\t<a href=\"https:\/\/semel.fi\/en\/verkkokauppa\/semel-quick-start\/\" class=\"wc-block-grid__product-link\">\n\t\t\t\t\t\n\t\t\t\t\t<div class=\"wc-block-grid__product-image\"><img fetchpriority=\"high\" decoding=\"async\" width=\"300\" height=\"300\" src=\"https:\/\/semel.fi\/wp-content\/uploads\/2025\/09\/tuotekuva_ryhma_transparent_bg-300x300.png\" class=\"attachment-woocommerce_thumbnail size-woocommerce_thumbnail\" alt=\"Semel Quick Start\" srcset=\"https:\/\/semel.fi\/wp-content\/uploads\/2025\/09\/tuotekuva_ryhma_transparent_bg-300x300.png 300w, https:\/\/semel.fi\/wp-content\/uploads\/2025\/09\/tuotekuva_ryhma_transparent_bg-150x150.png 150w, https:\/\/semel.fi\/wp-content\/uploads\/2025\/09\/tuotekuva_ryhma_transparent_bg-768x768.png 768w, https:\/\/semel.fi\/wp-content\/uploads\/2025\/09\/tuotekuva_ryhma_transparent_bg-12x12.png 12w, https:\/\/semel.fi\/wp-content\/uploads\/2025\/09\/tuotekuva_ryhma_transparent_bg-600x600.png 600w, https:\/\/semel.fi\/wp-content\/uploads\/2025\/09\/tuotekuva_ryhma_transparent_bg-100x100.png 100w, https:\/\/semel.fi\/wp-content\/uploads\/2025\/09\/tuotekuva_ryhma_transparent_bg-32x32.png 32w, https:\/\/semel.fi\/wp-content\/uploads\/2025\/09\/tuotekuva_ryhma_transparent_bg.png 1024w\" sizes=\"(max-width: 300px) 100vw, 300px\" \/><\/div>\n\t\t\t\t\t<div class=\"wc-block-grid__product-title\">Semel Quick Start<\/div>\n\t\t\t\t<\/a>\n\t\t\t\t<div class=\"wc-block-grid__product-price price\"><span class=\"woocommerce-Price-amount amount\">0,00&nbsp;<span class=\"woocommerce-Price-currencySymbol\">\u20ac<\/span><\/span><\/div>\n\t\t\t\t\n\t\t\t\t<div class=\"wp-block-button wc-block-grid__product-add-to-cart\"><a href=\"\/en\/wp-json\/wp\/v2\/pages\/4278?add-to-cart=5237\" aria-label=\"Add to cart: \u201cSemel Quick Start\u201d\" data-quantity=\"1\" data-product_id=\"5237\" data-product_sku=\"\" data-price=\"0\" rel=\"nofollow\" class=\"wp-block-button__link  add_to_cart_button ajax_add_to_cart\" data-no-translation=\"\" data-trp-gettext=\"\" data-no-translation-aria-label=\"\">Add to cart<\/a><\/div>\n\t\t\t<\/li><li class=\"wc-block-grid__product\">\n\t\t\t\t<a href=\"https:\/\/semel.fi\/en\/verkkokauppa\/sopimuksen-muutos\/\" class=\"wc-block-grid__product-link\">\n\t\t\t\t\t\n\t\t\t\t\t<div class=\"wc-block-grid__product-image\"><img decoding=\"async\" width=\"300\" height=\"300\" src=\"https:\/\/semel.fi\/wp-content\/uploads\/2025\/09\/tuotekuva_ryhma_transparent_bg-300x300.png\" class=\"attachment-woocommerce_thumbnail size-woocommerce_thumbnail\" alt=\"Change your existing contract\" srcset=\"https:\/\/semel.fi\/wp-content\/uploads\/2025\/09\/tuotekuva_ryhma_transparent_bg-300x300.png 300w, https:\/\/semel.fi\/wp-content\/uploads\/2025\/09\/tuotekuva_ryhma_transparent_bg-150x150.png 150w, https:\/\/semel.fi\/wp-content\/uploads\/2025\/09\/tuotekuva_ryhma_transparent_bg-768x768.png 768w, https:\/\/semel.fi\/wp-content\/uploads\/2025\/09\/tuotekuva_ryhma_transparent_bg-12x12.png 12w, https:\/\/semel.fi\/wp-content\/uploads\/2025\/09\/tuotekuva_ryhma_transparent_bg-600x600.png 600w, https:\/\/semel.fi\/wp-content\/uploads\/2025\/09\/tuotekuva_ryhma_transparent_bg-100x100.png 100w, https:\/\/semel.fi\/wp-content\/uploads\/2025\/09\/tuotekuva_ryhma_transparent_bg-32x32.png 32w, https:\/\/semel.fi\/wp-content\/uploads\/2025\/09\/tuotekuva_ryhma_transparent_bg.png 1024w\" sizes=\"(max-width: 300px) 100vw, 300px\" \/><\/div>\n\t\t\t\t\t<div class=\"wc-block-grid__product-title\">Change your existing contract<\/div>\n\t\t\t\t<\/a>\n\t\t\t\t<div class=\"wc-block-grid__product-price price\"><span class=\"woocommerce-Price-amount amount\">0,00&nbsp;<span class=\"woocommerce-Price-currencySymbol\">\u20ac<\/span><\/span><\/div>\n\t\t\t\t\n\t\t\t\t<div class=\"wp-block-button wc-block-grid__product-add-to-cart\"><a href=\"\/en\/wp-json\/wp\/v2\/pages\/4278?add-to-cart=5009\" aria-label=\"Add to cart: \u201cSopimuksen muutos\u201d\" data-quantity=\"1\" data-product_id=\"5009\" data-product_sku=\"\" data-price=\"0\" rel=\"nofollow\" class=\"wp-block-button__link  add_to_cart_button ajax_add_to_cart\" data-no-translation=\"\" data-trp-gettext=\"\" data-no-translation-aria-label=\"\">Add to cart<\/a><\/div>\n\t\t\t<\/li><li class=\"wc-block-grid__product\">\n\t\t\t\t<a href=\"https:\/\/semel.fi\/en\/verkkokauppa\/semel-contact-tablet-ajovalityspaate\/\" class=\"wc-block-grid__product-link\">\n\t\t\t\t\t\n\t\t\t\t\t<div class=\"wc-block-grid__product-image\"><img decoding=\"async\" width=\"300\" height=\"300\" src=\"https:\/\/semel.fi\/wp-content\/uploads\/2025\/11\/250918-Semel-Contact-Tablet-Oikea-scaled-1-300x300.jpg\" class=\"attachment-woocommerce_thumbnail size-woocommerce_thumbnail\" alt=\"Semel Contact Tablet dispatch terminal\" srcset=\"https:\/\/semel.fi\/wp-content\/uploads\/2025\/11\/250918-Semel-Contact-Tablet-Oikea-scaled-1-300x300.jpg 300w, https:\/\/semel.fi\/wp-content\/uploads\/2025\/11\/250918-Semel-Contact-Tablet-Oikea-scaled-1-1024x1024.jpg 1024w, https:\/\/semel.fi\/wp-content\/uploads\/2025\/11\/250918-Semel-Contact-Tablet-Oikea-scaled-1-150x150.jpg 150w, https:\/\/semel.fi\/wp-content\/uploads\/2025\/11\/250918-Semel-Contact-Tablet-Oikea-scaled-1-768x768.jpg 768w, https:\/\/semel.fi\/wp-content\/uploads\/2025\/11\/250918-Semel-Contact-Tablet-Oikea-scaled-1-1536x1536.jpg 1536w, https:\/\/semel.fi\/wp-content\/uploads\/2025\/11\/250918-Semel-Contact-Tablet-Oikea-scaled-1-2048x2048.jpg 2048w, https:\/\/semel.fi\/wp-content\/uploads\/2025\/11\/250918-Semel-Contact-Tablet-Oikea-scaled-1-12x12.jpg 12w, https:\/\/semel.fi\/wp-content\/uploads\/2025\/11\/250918-Semel-Contact-Tablet-Oikea-scaled-1-600x600.jpg 600w, https:\/\/semel.fi\/wp-content\/uploads\/2025\/11\/250918-Semel-Contact-Tablet-Oikea-scaled-1-100x100.jpg 100w, https:\/\/semel.fi\/wp-content\/uploads\/2025\/11\/250918-Semel-Contact-Tablet-Oikea-scaled-1-32x32.jpg 32w\" sizes=\"(max-width: 300px) 100vw, 300px\" \/><\/div>\n\t\t\t\t\t<div class=\"wc-block-grid__product-title\">Semel Contact Tablet dispatch terminal<\/div>\n\t\t\t\t<\/a>\n\t\t\t\t<div class=\"wc-block-grid__product-price price\"><span class=\"semel-monthly-note\">Prices from <\/span>61,00 \u20ac<span class=\"semel-monthly-note\"> \/ month<\/span><\/div>\n\t\t\t\t\n\t\t\t\t<div class=\"wp-block-button wc-block-grid__product-add-to-cart\"><a href=\"https:\/\/semel.fi\/en\/verkkokauppa\/semel-contact-tablet-ajovalityspaate\/\" aria-label=\"Add to cart: \u201cSemel Contact Tablet ajov\u00e4litysp\u00e4\u00e4te\u201d\" data-quantity=\"1\" data-product_id=\"4923\" data-product_sku=\"\" data-price=\"0\" rel=\"nofollow\" class=\"wp-block-button__link  add_to_cart_button\" data-no-translation-aria-label=\"\">Select options<\/a><\/div>\n\t\t\t<\/li><li class=\"wc-block-grid__product\">\n\t\t\t\t<a href=\"https:\/\/semel.fi\/en\/verkkokauppa\/semel-contact-phone-ajovalityspaate\/\" class=\"wc-block-grid__product-link\">\n\t\t\t\t\t\n\t\t\t\t\t<div class=\"wc-block-grid__product-image\"><img loading=\"lazy\" decoding=\"async\" width=\"300\" height=\"300\" src=\"https:\/\/semel.fi\/wp-content\/uploads\/2025\/11\/250918-Semel-Contact-Mobile-Oikea-scaled-1-300x300.jpg\" class=\"attachment-woocommerce_thumbnail size-woocommerce_thumbnail\" alt=\"Semel Contact Phone dispatch terminal\" srcset=\"https:\/\/semel.fi\/wp-content\/uploads\/2025\/11\/250918-Semel-Contact-Mobile-Oikea-scaled-1-300x300.jpg 300w, https:\/\/semel.fi\/wp-content\/uploads\/2025\/11\/250918-Semel-Contact-Mobile-Oikea-scaled-1-1024x1024.jpg 1024w, https:\/\/semel.fi\/wp-content\/uploads\/2025\/11\/250918-Semel-Contact-Mobile-Oikea-scaled-1-150x150.jpg 150w, https:\/\/semel.fi\/wp-content\/uploads\/2025\/11\/250918-Semel-Contact-Mobile-Oikea-scaled-1-768x768.jpg 768w, https:\/\/semel.fi\/wp-content\/uploads\/2025\/11\/250918-Semel-Contact-Mobile-Oikea-scaled-1-1536x1536.jpg 1536w, https:\/\/semel.fi\/wp-content\/uploads\/2025\/11\/250918-Semel-Contact-Mobile-Oikea-scaled-1-2048x2048.jpg 2048w, https:\/\/semel.fi\/wp-content\/uploads\/2025\/11\/250918-Semel-Contact-Mobile-Oikea-scaled-1-12x12.jpg 12w, https:\/\/semel.fi\/wp-content\/uploads\/2025\/11\/250918-Semel-Contact-Mobile-Oikea-scaled-1-600x600.jpg 600w, https:\/\/semel.fi\/wp-content\/uploads\/2025\/11\/250918-Semel-Contact-Mobile-Oikea-scaled-1-100x100.jpg 100w, https:\/\/semel.fi\/wp-content\/uploads\/2025\/11\/250918-Semel-Contact-Mobile-Oikea-scaled-1-32x32.jpg 32w\" sizes=\"(max-width: 300px) 100vw, 300px\" \/><\/div>\n\t\t\t\t\t<div class=\"wc-block-grid__product-title\">Semel Contact Phone dispatch terminal<\/div>\n\t\t\t\t<\/a>\n\t\t\t\t<div class=\"wc-block-grid__product-price price\"><span class=\"semel-monthly-note\">Prices from <\/span>43,00 \u20ac<span class=\"semel-monthly-note\"> \/ month<\/span><\/div>\n\t\t\t\t\n\t\t\t\t<div class=\"wp-block-button wc-block-grid__product-add-to-cart\"><a href=\"https:\/\/semel.fi\/en\/verkkokauppa\/semel-contact-phone-ajovalityspaate\/\" aria-label=\"Add to cart: \u201cSemel Contact Phone ajov\u00e4litysp\u00e4\u00e4te\u201d\" data-quantity=\"1\" data-product_id=\"4922\" data-product_sku=\"\" data-price=\"0\" rel=\"nofollow\" class=\"wp-block-button__link  add_to_cart_button\" data-no-translation-aria-label=\"\">Select options<\/a><\/div>\n\t\t\t<\/li><\/ul><\/div><\/div>\n<\/div>","protected":false},"excerpt":{"rendered":"","protected":false},"author":1,"featured_media":0,"parent":0,"menu_order":0,"comment_status":"closed","ping_status":"closed","template":"","meta":{"_acf_changed":false,"footnotes":""},"class_list":["post-4278","page","type-page","status-publish","hentry"],"acf":[],"_links":{"self":[{"href":"https:\/\/semel.fi\/en\/wp-json\/wp\/v2\/pages\/4278","targetHints":{"allow":["GET"]}}],"collection":[{"href":"https:\/\/semel.fi\/en\/wp-json\/wp\/v2\/pages"}],"about":[{"href":"https:\/\/semel.fi\/en\/wp-json\/wp\/v2\/types\/page"}],"author":[{"embeddable":true,"href":"https:\/\/semel.fi\/en\/wp-json\/wp\/v2\/users\/1"}],"replies":[{"embeddable":true,"href":"https:\/\/semel.fi\/en\/wp-json\/wp\/v2\/comments?post=4278"}],"version-history":[{"count":1,"href":"https:\/\/semel.fi\/en\/wp-json\/wp\/v2\/pages\/4278\/revisions"}],"predecessor-version":[{"id":4592,"href":"https:\/\/semel.fi\/en\/wp-json\/wp\/v2\/pages\/4278\/revisions\/4592"}],"wp:attachment":[{"href":"https:\/\/semel.fi\/en\/wp-json\/wp\/v2\/media?parent=4278"}],"curies":[{"name":"wp","href":"https:\/\/api.w.org\/{rel}","templated":true}]}}