{"id":2200,"date":"2024-12-10T22:11:04","date_gmt":"2024-12-10T20:11:04","guid":{"rendered":"https:\/\/semelfi-wp27900.test.cchosting.fi\/?page_id=2200"},"modified":"2025-01-21T13:55:27","modified_gmt":"2025-01-21T11:55:27","slug":"vuoro-net-extra-order-form","status":"publish","type":"page","link":"https:\/\/semel.fi\/en\/vuoronet\/vuoro-net-extra-tilauslomake\/","title":{"rendered":"Vuoro.NET EXTRA subscription form"},"content":{"rendered":"\t\t<div data-elementor-type=\"wp-page\" data-elementor-id=\"2200\" class=\"elementor elementor-2200\" data-elementor-post-type=\"page\">\n\t\t\t\t<div class=\"elementor-element elementor-element-1da885e6 e-con-full e-flex e-con e-parent\" data-id=\"1da885e6\" data-element_type=\"container\" data-e-type=\"container\" data-settings=\"{&quot;background_background&quot;:&quot;classic&quot;}\">\n\t\t<div class=\"elementor-element elementor-element-434e1a06 e-con-full e-flex e-con e-child\" data-id=\"434e1a06\" data-element_type=\"container\" data-e-type=\"container\">\n\t\t\t\t<div class=\"elementor-element elementor-element-2b83b24 elementor-widget elementor-widget-heading\" data-id=\"2b83b24\" data-element_type=\"widget\" data-e-type=\"widget\" data-widget_type=\"heading.default\">\n\t\t\t\t<div class=\"elementor-widget-container\">\n\t\t\t\t\t<h1 class=\"elementor-heading-title elementor-size-default\">Vuoro.NET EXTRA tilauslomake<\/h1>\t\t\t\t<\/div>\n\t\t\t\t<\/div>\n\t\t\t\t<div class=\"elementor-element elementor-element-66df0e3c elementor-widget-divider--view-line elementor-widget elementor-widget-divider\" data-id=\"66df0e3c\" data-element_type=\"widget\" data-e-type=\"widget\" data-widget_type=\"divider.default\">\n\t\t\t\t<div class=\"elementor-widget-container\">\n\t\t\t\t\t\t\t<div class=\"elementor-divider\">\n\t\t\t<span class=\"elementor-divider-separator\">\n\t\t\t\t\t\t<\/span>\n\t\t<\/div>\n\t\t\t\t\t\t<\/div>\n\t\t\t\t<\/div>\n\t\t\t\t<\/div>\n\t\t<div class=\"elementor-element elementor-element-76f9af93 e-con-full mask-slanted-left e-flex e-con e-child\" data-id=\"76f9af93\" data-element_type=\"container\" data-e-type=\"container\" data-settings=\"{&quot;background_background&quot;:&quot;classic&quot;}\">\n\t\t\t\t<\/div>\n\t\t\t\t<\/div>\n\t\t<div class=\"elementor-element elementor-element-384584e e-flex e-con-boxed e-con e-parent\" data-id=\"384584e\" data-element_type=\"container\" data-e-type=\"container\">\n\t\t\t\t\t<div class=\"e-con-inner\">\n\t\t<div class=\"elementor-element elementor-element-4c3b5fa3 e-con-full e-flex e-con e-child\" data-id=\"4c3b5fa3\" data-element_type=\"container\" data-e-type=\"container\">\n\t\t\t\t<div class=\"elementor-element elementor-element-183137af elementor-widget elementor-widget-heading\" data-id=\"183137af\" data-element_type=\"widget\" data-e-type=\"widget\" data-widget_type=\"heading.default\">\n\t\t\t\t<div class=\"elementor-widget-container\">\n\t\t\t\t\t<h3 class=\"elementor-heading-title elementor-size-default\">Seuraavien osapuolten v\u00e4lill\u00e4:<\/h3>\t\t\t\t<\/div>\n\t\t\t\t<\/div>\n\t\t<div class=\"elementor-element elementor-element-5194df2 e-con-full e-flex e-con e-child\" data-id=\"5194df2\" data-element_type=\"container\" data-e-type=\"container\">\n\t\t\t\t<div class=\"elementor-element elementor-element-4ecaf03 elementor-widget elementor-widget-heading\" data-id=\"4ecaf03\" data-element_type=\"widget\" data-e-type=\"widget\" data-widget_type=\"heading.default\">\n\t\t\t\t<div class=\"elementor-widget-container\">\n\t\t\t\t\t<h2 class=\"elementor-heading-title elementor-size-default\">A)<\/h2>\t\t\t\t<\/div>\n\t\t\t\t<\/div>\n\t\t\t\t<div class=\"elementor-element elementor-element-3874c26e elementor-widget elementor-widget-text-editor\" data-id=\"3874c26e\" data-element_type=\"widget\" data-e-type=\"widget\" data-widget_type=\"text-editor.default\">\n\t\t\t\t<div class=\"elementor-widget-container\">\n\t\t\t\t\t\t\t\t\t<p>Nimi:\u00a0Semel Oy\u00a0<\/p><p>Y-tunnus:\u00a00113821-2<\/p><p>Osoite:\u00a0Valimotie 21, 00380 Helsinki<\/p><p>(\u201dSemel\u201d tai \u201dOsapuoli\u201d); ja<\/p>\t\t\t\t\t\t\t\t<\/div>\n\t\t\t\t<\/div>\n\t\t\t\t<\/div>\n\t\t\t\t<div class=\"elementor-element elementor-element-ff830f2 elementor-widget elementor-widget-spacer\" data-id=\"ff830f2\" data-element_type=\"widget\" data-e-type=\"widget\" data-widget_type=\"spacer.default\">\n\t\t\t\t<div class=\"elementor-widget-container\">\n\t\t\t\t\t\t\t<div class=\"elementor-spacer\">\n\t\t\t<div class=\"elementor-spacer-inner\"><\/div>\n\t\t<\/div>\n\t\t\t\t\t\t<\/div>\n\t\t\t\t<\/div>\n\t\t\t\t<div class=\"elementor-element elementor-element-ecc707b elementor-widget elementor-widget-text-editor\" data-id=\"ecc707b\" data-element_type=\"widget\" data-e-type=\"widget\" data-widget_type=\"text-editor.default\">\n\t\t\t\t<div class=\"elementor-widget-container\">\n\t\t\t\t\t\t\t\t\t<p><strong>A.<\/strong> Semel kehitt\u00e4\u00e4 ja toimittaa taksien tietoj\u00e4rjestelmi\u00e4 sek\u00e4 tarjoaa niihin perustuvia palveluja taksialan asiakkailleen.<br \/><strong>B.<\/strong> Osapuolet sopivat t\u00e4ll\u00e4 Sopimuksella Vuoro.NET palvelun tarjoamisesta Asiakkaalle t\u00e4m\u00e4n Sopimuksen ja sen liitteen\u00e4 olevien Yleisten Ehtojen mukaisesti.<\/p>\t\t\t\t\t\t\t\t<\/div>\n\t\t\t\t<\/div>\n\t\t\t\t<\/div>\n\t\t<div class=\"elementor-element elementor-element-c3080d0 e-con-full e-flex e-con e-child\" data-id=\"c3080d0\" data-element_type=\"container\" data-e-type=\"container\">\n\t\t\t\t<div class=\"elementor-element elementor-element-f0719e4 elementor-widget elementor-widget-heading\" data-id=\"f0719e4\" data-element_type=\"widget\" data-e-type=\"widget\" data-widget_type=\"heading.default\">\n\t\t\t\t<div class=\"elementor-widget-container\">\n\t\t\t\t\t<h2 class=\"elementor-heading-title elementor-size-default\">B)<\/h2>\t\t\t\t<\/div>\n\t\t\t\t<\/div>\n\t\t\t\t<div class=\"elementor-element elementor-element-7d332f1 elementor-button-align-start elementor-widget elementor-widget-form\" data-id=\"7d332f1\" data-element_type=\"widget\" data-e-type=\"widget\" data-settings=\"{&quot;step_next_label&quot;:&quot;Next&quot;,&quot;step_previous_label&quot;:&quot;Previous&quot;,&quot;button_width&quot;:&quot;100&quot;,&quot;step_type&quot;:&quot;number_text&quot;,&quot;step_icon_shape&quot;:&quot;circle&quot;}\" data-widget_type=\"form.default\">\n\t\t\t\t<div class=\"elementor-widget-container\">\n\t\t\t\t\t\t\t<form class=\"elementor-form\" method=\"post\" id=\"vuoronet_extra\" name=\"Vuoro.NET EXTRA\" aria-label=\"Vuoro.NET EXTRA\">\n\t\t\t<input type=\"hidden\" name=\"post_id\" value=\"2200\"\/>\n\t\t\t<input type=\"hidden\" name=\"form_id\" value=\"7d332f1\"\/>\n\t\t\t<input type=\"hidden\" name=\"referer_title\" value=\"Vuoro.NET EXTRA tilauslomake - Semel Oy\" \/>\n\n\t\t\t\t\t\t\t<input type=\"hidden\" name=\"queried_id\" value=\"2200\"\/>\n\t\t\t\n\t\t\t<div class=\"elementor-form-fields-wrapper elementor-labels-above\">\n\t\t\t\t\t\t\t\t<div class=\"elementor-field-type-text elementor-field-group elementor-column elementor-field-group-name elementor-col-50 elementor-field-required elementor-mark-required label-none lsfef-form-style  \" data-lsfef-style=\"none\">\n\t\t\t\t\t\t\t\t\t\t\t\t<label for=\"form-field-name\" class=\"elementor-field-label\">\n\t\t\t\t\t\t\t\tYrityksen nimi\t\t\t\t\t\t\t<\/label>\n\t\t\t\t\t\t\t\t\t\t\t\t\t\t<input size=\"1\" type=\"text\" name=\"form_fields[name]\" id=\"form-field-name\" class=\"elementor-field elementor-size-sm  elementor-field-textual\" placeholder=\"Yrityksen nimi\" required=\"required\">\n\t\t\t\t\t\t\t\t\t\t\t<\/div>\n\t\t\t\t\t\t\t\t<div class=\"elementor-field-type-text elementor-field-group elementor-column elementor-field-group-field_10c8b42 elementor-col-50 label-none lsfef-form-style  \" data-lsfef-style=\"none\">\n\t\t\t\t\t\t\t\t\t\t\t\t<label for=\"form-field-field_10c8b42\" class=\"elementor-field-label\">\n\t\t\t\t\t\t\t\tYhteyshenkil\u00f6\t\t\t\t\t\t\t<\/label>\n\t\t\t\t\t\t\t\t\t\t\t\t\t\t<input size=\"1\" type=\"text\" name=\"form_fields[field_10c8b42]\" id=\"form-field-field_10c8b42\" class=\"elementor-field elementor-size-sm  elementor-field-textual\" placeholder=\"Yhteyshenkil\u00f6\">\n\t\t\t\t\t\t\t\t\t\t\t<\/div>\n\t\t\t\t\t\t\t\t<div class=\"elementor-field-type-text\">\n\t\t\t\t\t<input size=\"1\" type=\"text\" name=\"form_fields[field_11e63e7]\" id=\"form-field-field_11e63e7\" class=\"elementor-field elementor-size-sm \" style=\"display:none !important;\">\t\t\t\t<\/div>\n\t\t\t\t\t\t\t\t<div class=\"elementor-field-type-email elementor-field-group elementor-column elementor-field-group-email elementor-col-50 elementor-field-required elementor-mark-required label-none lsfef-form-style  \" data-lsfef-style=\"none\">\n\t\t\t\t\t\t\t\t\t\t\t\t<label for=\"form-field-email\" class=\"elementor-field-label\">\n\t\t\t\t\t\t\t\tS\u00e4hk\u00f6posti\t\t\t\t\t\t\t<\/label>\n\t\t\t\t\t\t\t\t\t\t\t\t\t\t<input size=\"1\" type=\"email\" name=\"form_fields[email]\" id=\"form-field-email\" class=\"elementor-field elementor-size-sm  elementor-field-textual\" placeholder=\"S\u00e4hk\u00f6posti\" required=\"required\">\n\t\t\t\t\t\t\t\t\t\t\t<\/div>\n\t\t\t\t\t\t\t\t<div class=\"elementor-field-type-text elementor-field-group elementor-column elementor-field-group-field_8987f89 elementor-col-50 elementor-field-required elementor-mark-required label-none lsfef-form-style  \" data-lsfef-style=\"none\">\n\t\t\t\t\t\t\t\t\t\t\t\t<label for=\"form-field-field_8987f89\" class=\"elementor-field-label\">\n\t\t\t\t\t\t\t\tY-tunnus\t\t\t\t\t\t\t<\/label>\n\t\t\t\t\t\t\t\t\t\t\t\t\t\t<input size=\"1\" type=\"text\" name=\"form_fields[field_8987f89]\" id=\"form-field-field_8987f89\" class=\"elementor-field elementor-size-sm  elementor-field-textual\" required=\"required\">\n\t\t\t\t\t\t\t\t\t\t\t<\/div>\n\t\t\t\t\t\t\t\t<div class=\"elementor-field-type-text elementor-field-group elementor-column elementor-field-group-field_ea9c20e elementor-col-100 label-none lsfef-form-style  \" data-lsfef-style=\"none\">\n\t\t\t\t\t\t\t\t\t\t\t\t<label for=\"form-field-field_ea9c20e\" class=\"elementor-field-label\">\n\t\t\t\t\t\t\t\tOsoite ja postitoimipaikka\t\t\t\t\t\t\t<\/label>\n\t\t\t\t\t\t\t\t\t\t\t\t\t\t<input size=\"1\" type=\"text\" name=\"form_fields[field_ea9c20e]\" id=\"form-field-field_ea9c20e\" class=\"elementor-field elementor-size-sm  elementor-field-textual\" placeholder=\"Osoite\">\n\t\t\t\t\t\t\t\t\t\t\t<\/div>\n\t\t\t\t\t\t\t\t<div class=\"elementor-field-type-text elementor-field-group elementor-column elementor-field-group-field_fd21473 elementor-col-50 label-none lsfef-form-style  \" data-lsfef-style=\"none\">\n\t\t\t\t\t\t\t\t\t\t\t\t<label for=\"form-field-field_fd21473\" class=\"elementor-field-label\">\n\t\t\t\t\t\t\t\tAuton numero\t\t\t\t\t\t\t<\/label>\n\t\t\t\t\t\t\t\t\t\t\t\t\t\t<input size=\"1\" type=\"text\" name=\"form_fields[field_fd21473]\" id=\"form-field-field_fd21473\" class=\"elementor-field elementor-size-sm  elementor-field-textual\">\n\t\t\t\t\t\t\t\t\t\t\t<\/div>\n\t\t\t\t\t\t\t\t<div class=\"elementor-field-type-text\">\n\t\t\t\t\t<input size=\"1\" type=\"text\" name=\"form_fields[field_cb420cb]\" id=\"form-field-field_cb420cb\" class=\"elementor-field elementor-size-sm \" style=\"display:none !important;\">\t\t\t\t<\/div>\n\t\t\t\t\t\t\t\t<div class=\"elementor-field-type-text elementor-field-group elementor-column elementor-field-group-field_2f08447 elementor-col-50 elementor-field-required elementor-mark-required label-none lsfef-form-style  \" data-lsfef-style=\"none\">\n\t\t\t\t\t\t\t\t\t\t\t\t<label for=\"form-field-field_2f08447\" class=\"elementor-field-label\">\n\t\t\t\t\t\t\t\tPalvelutunnus\t\t\t\t\t\t\t<\/label>\n\t\t\t\t\t\t\t\t\t\t\t\t\t\t<input size=\"1\" type=\"text\" name=\"form_fields[field_2f08447]\" id=\"form-field-field_2f08447\" class=\"elementor-field elementor-size-sm  elementor-field-textual\" placeholder=\"12 merkki\u00e4\" required=\"required\">\n\t\t\t\t\t\t\t\t\t\t\t<\/div>\n\t\t\t\t\t\t\t\t<div class=\"elementor-field-type-textarea elementor-field-group elementor-column elementor-field-group-field_d042ad6 elementor-col-100 label-none lsfef-form-style  \" data-lsfef-style=\"none\">\n\t\t\t\t\t\t\t\t\t\t\t\t<label for=\"form-field-field_d042ad6\" class=\"elementor-field-label\">\n\t\t\t\t\t\t\t\tViesti\t\t\t\t\t\t\t<\/label>\n\t\t\t\t\t\t<textarea class=\"elementor-field-textual elementor-field  elementor-size-sm\" name=\"form_fields[field_d042ad6]\" id=\"form-field-field_d042ad6\" rows=\"4\"><\/textarea>\t\t\t\t<\/div>\n\t\t\t\t\t\t\t\t<div class=\"elementor-field-type-acceptance elementor-field-group elementor-column elementor-field-group-field_aa8570f elementor-col-100 elementor-field-required elementor-mark-required  \">\n\t\t\t\t\t\t\t\t\t\t\t\t<label for=\"form-field-field_aa8570f\" class=\"elementor-field-label\">\n\t\t\t\t\t\t\t\tVUORO.NET EXTRA, LIITE 1\t\t\t\t\t\t\t<\/label>\n\t\t\t\t\t\t\t\t<div class=\"elementor-field-subgroup\">\n\t\t\t<span class=\"elementor-field-option\">\n\t\t\t\t<input type=\"checkbox\" name=\"form_fields[field_aa8570f]\" id=\"form-field-field_aa8570f\" class=\"elementor-field elementor-size-sm  elementor-acceptance-field\" required=\"required\">\n\t\t\t\t<label for=\"form-field-field_aa8570f\">EXTRA 8,20 euroa\/kk alv 0%<\/label>\t\t\t<\/span>\n\t\t<\/div>\n\t\t\t\t\t\t<\/div>\n\t\t\t\t\t\t\t\t<div class=\"elementor-field-type-acceptance elementor-field-group elementor-column elementor-field-group-field_4db6b19 elementor-col-100 elementor-field-required elementor-mark-required  \">\n\t\t\t\t\t\t\t\t\t\t\t\t<label for=\"form-field-field_4db6b19\" class=\"elementor-field-label\">\n\t\t\t\t\t\t\t\tSopimusehdot\t\t\t\t\t\t\t<\/label>\n\t\t\t\t\t\t\t\t<div class=\"elementor-field-subgroup\">\n\t\t\t<span class=\"elementor-field-option\">\n\t\t\t\t<input type=\"checkbox\" name=\"form_fields[field_4db6b19]\" id=\"form-field-field_4db6b19\" class=\"elementor-field elementor-size-sm  elementor-acceptance-field\" required=\"required\">\n\t\t\t\t<label for=\"form-field-field_4db6b19\">Olen lukenut ja ymm\u00e4rt\u00e4nyt <a href=\"\/wp-content\/uploads\/2024\/12\/vuoronet-yleiset-ehdot.pdf\" target=\"_blank\">Vuoro.NET yleiset ehdot<\/a> ja sitoudun noudattamaan niit\u00e4.<\/label>\t\t\t<\/span>\n\t\t<\/div>\n\t\t\t\t\t\t<\/div>\n\t\t\t\t\t\t\t\t<div class=\"elementor-field-type-checkbox elementor-field-group elementor-column elementor-field-group-newsletter elementor-col-100  \">\n\t\t\t\t\t<div class=\"elementor-field-subgroup  \"><span class=\"elementor-field-option\"><input type=\"checkbox\" value=\"Haluan tilata samalla Semelin uutiskirjeen\" id=\"form-field-newsletter-0\" name=\"form_fields[newsletter]\"> <label for=\"form-field-newsletter-0\">Haluan tilata samalla Semelin uutiskirjeen<\/label><\/span><\/div>\t\t\t\t<\/div>\n\t\t\t\t\t\t\t\t<div class=\"elementor-field-type-recaptcha_v3 elementor-field-group elementor-column elementor-field-group-field_72d8049 elementor-col-100   recaptcha_v3-inline\">\n\t\t\t\t\t<div class=\"elementor-field\" id=\"form-field-field_72d8049\"><div class=\"elementor-g-recaptcha\" data-sitekey=\"6LflIrgqAAAAACsZ_F6UmQgLLnpUmV3ofE5F5AjV\" data-type=\"v3\" data-action=\"Form\" data-badge=\"inline\" data-size=\"invisible\"><\/div><\/div>\t\t\t\t<\/div>\n\t\t\t\t\t\t\t\t<div class=\"elementor-field-group elementor-column elementor-field-type-submit elementor-col-100 e-form__buttons\">\n\t\t\t\t\t<button class=\"elementor-button elementor-size-sm\" type=\"submit\">\n\t\t\t\t\t\t<span class=\"elementor-button-content-wrapper\">\n\t\t\t\t\t\t\t\t\t\t\t\t\t\t\t\t\t\t\t\t\t\t<span class=\"elementor-button-text\">L\u00e4het\u00e4 tilaus<\/span>\n\t\t\t\t\t\t\t\t\t\t\t\t\t<\/span>\n\t\t\t\t\t<\/button>\n\t\t\t\t<\/div>\n\t\t\t<\/div>\n\t\t<\/form>\n\t\t\t\t\t\t<\/div>\n\t\t\t\t<\/div>\n\t\t\t\t<\/div>\n\t\t\t\t\t<\/div>\n\t\t\t\t<\/div>\n\t\t<div class=\"elementor-element elementor-element-5bc6277 e-flex e-con-boxed e-con e-parent\" data-id=\"5bc6277\" data-element_type=\"container\" data-e-type=\"container\">\n\t\t\t\t\t<div class=\"e-con-inner\">\n\t\t<div class=\"elementor-element elementor-element-691e8b0 e-con-full e-flex e-con e-child\" data-id=\"691e8b0\" data-element_type=\"container\" data-e-type=\"container\">\n\t\t\t\t<div class=\"elementor-element elementor-element-4fed4fb elementor-widget elementor-widget-menu-anchor\" data-id=\"4fed4fb\" data-element_type=\"widget\" data-e-type=\"widget\" data-widget_type=\"menu-anchor.default\">\n\t\t\t\t<div class=\"elementor-widget-container\">\n\t\t\t\t\t\t\t<div class=\"elementor-menu-anchor\" id=\"ehdot\"><\/div>\n\t\t\t\t\t\t<\/div>\n\t\t\t\t<\/div>\n\t\t\t\t<div class=\"elementor-element elementor-element-faf6b58 elementor-widget elementor-widget-heading\" data-id=\"faf6b58\" data-element_type=\"widget\" data-e-type=\"widget\" data-widget_type=\"heading.default\">\n\t\t\t\t<div class=\"elementor-widget-container\">\n\t\t\t\t\t<h2 class=\"elementor-heading-title elementor-size-default\">1. Vuoro.net palvelu<\/h2>\t\t\t\t<\/div>\n\t\t\t\t<\/div>\n\t\t\t\t<div class=\"elementor-element elementor-element-0d24dd5 elementor-widget-divider--view-line elementor-widget elementor-widget-divider\" data-id=\"0d24dd5\" data-element_type=\"widget\" data-e-type=\"widget\" data-widget_type=\"divider.default\">\n\t\t\t\t<div class=\"elementor-widget-container\">\n\t\t\t\t\t\t\t<div class=\"elementor-divider\">\n\t\t\t<span class=\"elementor-divider-separator\">\n\t\t\t\t\t\t<\/span>\n\t\t<\/div>\n\t\t\t\t\t\t<\/div>\n\t\t\t\t<\/div>\n\t\t\t\t<div class=\"elementor-element elementor-element-64e0d44 elementor-widget elementor-widget-text-editor\" data-id=\"64e0d44\" data-element_type=\"widget\" data-e-type=\"widget\" data-widget_type=\"text-editor.default\">\n\t\t\t\t<div class=\"elementor-widget-container\">\n\t\t\t\t\t\t\t\t\t<p>Vuoro.net palvelu on Semelin kehitt\u00e4m\u00e4, tietoverkon v\u00e4lityksell\u00e4 tarjottava palvelu, jonka avulla Asiakas voi seurata l\u00e4hes reaaliaikaisesti taksimittarin ker\u00e4\u00e4mi\u00e4, Asiakkaan valitsemia tietoja, kuten esimerkiksi maksutapahtumia, vuororaportteja, paikkatietoja ja\/tai muita tietoja, jotka v\u00e4litet\u00e4\u00e4n Vuoro.NET palveluun langattomasti auton maksup\u00e4\u00e4teyhteyden v\u00e4lityksell\u00e4 (\u201dVuoro.NET Palvelu\u201d). Vuoro.NET Palvelu koostuu erillisist\u00e4 Liitteess\u00e4 1 listatuista palvelukomponenteista, jotka on jaoteltu sen mukaan, mit\u00e4 tietoja autoilijan taksimittarista v\u00e4litet\u00e4\u00e4n Vuoro.NET Palveluun. Asiakas valitsee, mit\u00e4 Liitteen 1 mukaisia palvelukomponentteja sis\u00e4llytet\u00e4\u00e4n Asiakkaalle tarjottavaan Vuoro.NET Palveluun. Osapuolet voivat p\u00e4ivitt\u00e4\u00e4 Liitett\u00e4 1 kirjallisesti sopimuskauden aikana Yleisten Ehtojen mukaisesti.<\/p>\t\t\t\t\t\t\t\t<\/div>\n\t\t\t\t<\/div>\n\t\t\t\t<div class=\"elementor-element elementor-element-7aecead elementor-widget elementor-widget-heading\" data-id=\"7aecead\" data-element_type=\"widget\" data-e-type=\"widget\" data-widget_type=\"heading.default\">\n\t\t\t\t<div class=\"elementor-widget-container\">\n\t\t\t\t\t<h2 class=\"elementor-heading-title elementor-size-default\">2. Yleiset ehdot<\/h2>\t\t\t\t<\/div>\n\t\t\t\t<\/div>\n\t\t\t\t<div class=\"elementor-element elementor-element-c22ba59 elementor-widget-divider--view-line elementor-widget elementor-widget-divider\" data-id=\"c22ba59\" data-element_type=\"widget\" data-e-type=\"widget\" data-widget_type=\"divider.default\">\n\t\t\t\t<div class=\"elementor-widget-container\">\n\t\t\t\t\t\t\t<div class=\"elementor-divider\">\n\t\t\t<span class=\"elementor-divider-separator\">\n\t\t\t\t\t\t<\/span>\n\t\t<\/div>\n\t\t\t\t\t\t<\/div>\n\t\t\t\t<\/div>\n\t\t\t\t<div class=\"elementor-element elementor-element-281c7ce elementor-widget elementor-widget-text-editor\" data-id=\"281c7ce\" data-element_type=\"widget\" data-e-type=\"widget\" data-widget_type=\"text-editor.default\">\n\t\t\t\t<div class=\"elementor-widget-container\">\n\t\t\t\t\t\t\t\t\t<p>Semel tarjoaa Asiakkaalle Vuoro.NET Palvelun, sis\u00e4lt\u00e4en Asiakkaan Liitteess\u00e4 1 valitsemat palvelukomponentit, t\u00e4m\u00e4n Sopimuksen ja sen Liitteen\u00e4 2 olevien Semelin yleisten, Vuoro.NET Palvelua koskevien ehtojen (\u201dYleiset Ehdot\u201d) mukaisesti.<\/p>\t\t\t\t\t\t\t\t<\/div>\n\t\t\t\t<\/div>\n\t\t\t\t<\/div>\n\t\t<div class=\"elementor-element elementor-element-68f0375 e-con-full e-flex e-con e-child\" data-id=\"68f0375\" data-element_type=\"container\" data-e-type=\"container\">\n\t\t\t\t<div class=\"elementor-element elementor-element-4bbe472 elementor-widget elementor-widget-heading\" data-id=\"4bbe472\" data-element_type=\"widget\" data-e-type=\"widget\" data-widget_type=\"heading.default\">\n\t\t\t\t<div class=\"elementor-widget-container\">\n\t\t\t\t\t<h2 class=\"elementor-heading-title elementor-size-default\">3. Maksut<\/h2>\t\t\t\t<\/div>\n\t\t\t\t<\/div>\n\t\t\t\t<div class=\"elementor-element elementor-element-f167005 elementor-widget-divider--view-line elementor-widget elementor-widget-divider\" data-id=\"f167005\" data-element_type=\"widget\" data-e-type=\"widget\" data-widget_type=\"divider.default\">\n\t\t\t\t<div class=\"elementor-widget-container\">\n\t\t\t\t\t\t\t<div class=\"elementor-divider\">\n\t\t\t<span class=\"elementor-divider-separator\">\n\t\t\t\t\t\t<\/span>\n\t\t<\/div>\n\t\t\t\t\t\t<\/div>\n\t\t\t\t<\/div>\n\t\t\t\t<div class=\"elementor-element elementor-element-00c81d7 elementor-widget elementor-widget-text-editor\" data-id=\"00c81d7\" data-element_type=\"widget\" data-e-type=\"widget\" data-widget_type=\"text-editor.default\">\n\t\t\t\t<div class=\"elementor-widget-container\">\n\t\t\t\t\t\t\t\t\t<p>Asiakas on velvollinen suorittamaan Semelille korvauksena Vuoro.NET Palvelun k\u00e4yt\u00f6st\u00e4 Liitteess\u00e4 1 mainitut maksut. Maksuehdot m\u00e4\u00e4r\u00e4ytyv\u00e4t Yleisten Ehtojen mukaan. Mik\u00e4li Osapuolet sopivat uusien palvelukomponenttien sis\u00e4llytt\u00e4misest\u00e4 Vuoro.NET Palveluun sopimuskauden aikana, Liitteen 1 mukaisia maksuja tarkistetaan vastaavasti.<\/p>\t\t\t\t\t\t\t\t<\/div>\n\t\t\t\t<\/div>\n\t\t\t\t<div class=\"elementor-element elementor-element-18db03d elementor-widget elementor-widget-heading\" data-id=\"18db03d\" data-element_type=\"widget\" data-e-type=\"widget\" data-widget_type=\"heading.default\">\n\t\t\t\t<div class=\"elementor-widget-container\">\n\t\t\t\t\t<h2 class=\"elementor-heading-title elementor-size-default\">4. Sopimuksen voimassaolo ja irtisanominen<\/h2>\t\t\t\t<\/div>\n\t\t\t\t<\/div>\n\t\t\t\t<div class=\"elementor-element elementor-element-e25079f elementor-widget-divider--view-line elementor-widget elementor-widget-divider\" data-id=\"e25079f\" data-element_type=\"widget\" data-e-type=\"widget\" data-widget_type=\"divider.default\">\n\t\t\t\t<div class=\"elementor-widget-container\">\n\t\t\t\t\t\t\t<div class=\"elementor-divider\">\n\t\t\t<span class=\"elementor-divider-separator\">\n\t\t\t\t\t\t<\/span>\n\t\t<\/div>\n\t\t\t\t\t\t<\/div>\n\t\t\t\t<\/div>\n\t\t\t\t<div class=\"elementor-element elementor-element-1fac53c elementor-widget elementor-widget-text-editor\" data-id=\"1fac53c\" data-element_type=\"widget\" data-e-type=\"widget\" data-widget_type=\"text-editor.default\">\n\t\t\t\t<div class=\"elementor-widget-container\">\n\t\t\t\t\t\t\t\t\t<p>T\u00e4m\u00e4 Sopimus astuu voimaan Voimaantulop\u00e4iv\u00e4n\u00e4 ja jatkuu sen j\u00e4lkeen voimassa toistaiseksi. Kummallakin Osapuolella on oikeus irtisanoa t\u00e4m\u00e4 Sopimus p\u00e4\u00e4ttym\u00e4\u00e4n kolmen (3) kuukauden p\u00e4\u00e4st\u00e4 irtisanomisilmoituksesta. Irtisanomisilmoitus on annettava kirjallisesti, ja irtisanomisaika lasketaan sen kalenterikuukauden viimeisest\u00e4 p\u00e4iv\u00e4st\u00e4, jonka aikana Sopimus on irtisanottu.<\/p>\t\t\t\t\t\t\t\t<\/div>\n\t\t\t\t<\/div>\n\t\t\t\t<\/div>\n\t\t\t\t\t<\/div>\n\t\t\t\t<\/div>\n\t\t\t\t<\/div>\n\t\t","protected":false},"excerpt":{"rendered":"<p>Vuoro.NET EXTRA tilauslomake Seuraavien osapuolten v\u00e4lill\u00e4: A) Nimi:\u00a0Semel Oy\u00a0 Y-tunnus:\u00a00113821-2 Osoite:\u00a0Valimotie 21, 00380 Helsinki (\u201dSemel\u201d tai \u201dOsapuoli\u201d); ja A. Semel kehitt\u00e4\u00e4 ja toimittaa taksien tietoj\u00e4rjestelmi\u00e4 sek\u00e4 tarjoaa niihin perustuvia palveluja taksialan asiakkailleen.B. Osapuolet sopivat t\u00e4ll\u00e4 Sopimuksella Vuoro.NET palvelun tarjoamisesta Asiakkaalle t\u00e4m\u00e4n Sopimuksen ja sen liitteen\u00e4 olevien Yleisten Ehtojen mukaisesti. B) 1. Vuoro.net palvelu Vuoro.net palvelu [&hellip;]<\/p>\n","protected":false},"author":1,"featured_media":0,"parent":1008,"menu_order":0,"comment_status":"closed","ping_status":"closed","template":"elementor_header_footer","meta":{"_acf_changed":false,"footnotes":""},"class_list":["post-2200","page","type-page","status-publish","hentry"],"acf":[],"_links":{"self":[{"href":"https:\/\/semel.fi\/en\/wp-json\/wp\/v2\/pages\/2200","targetHints":{"allow":["GET"]}}],"collection":[{"href":"https:\/\/semel.fi\/en\/wp-json\/wp\/v2\/pages"}],"about":[{"href":"https:\/\/semel.fi\/en\/wp-json\/wp\/v2\/types\/page"}],"author":[{"embeddable":true,"href":"https:\/\/semel.fi\/en\/wp-json\/wp\/v2\/users\/1"}],"replies":[{"embeddable":true,"href":"https:\/\/semel.fi\/en\/wp-json\/wp\/v2\/comments?post=2200"}],"version-history":[{"count":37,"href":"https:\/\/semel.fi\/en\/wp-json\/wp\/v2\/pages\/2200\/revisions"}],"predecessor-version":[{"id":3627,"href":"https:\/\/semel.fi\/en\/wp-json\/wp\/v2\/pages\/2200\/revisions\/3627"}],"up":[{"embeddable":true,"href":"https:\/\/semel.fi\/en\/wp-json\/wp\/v2\/pages\/1008"}],"wp:attachment":[{"href":"https:\/\/semel.fi\/en\/wp-json\/wp\/v2\/media?parent=2200"}],"curies":[{"name":"wp","href":"https:\/\/api.w.org\/{rel}","templated":true}]}}