{"id":1942,"date":"2024-12-09T15:55:24","date_gmt":"2024-12-09T13:55:24","guid":{"rendered":"https:\/\/semelfi-wp27900.test.cchosting.fi\/?page_id=1942"},"modified":"2025-01-20T14:24:32","modified_gmt":"2025-01-20T12:24:32","slug":"mountain-net-authentication","status":"publish","type":"page","link":"https:\/\/semel.fi\/en\/vuoronet\/vuoronet-tunnistautuminen\/","title":{"rendered":"Vuoro.NET authentication"},"content":{"rendered":"<div data-elementor-type=\"wp-page\" data-elementor-id=\"1942\" class=\"elementor elementor-1942\" data-elementor-post-type=\"page\">\n\t\t\t\t<div class=\"elementor-element elementor-element-3d24ba7 e-con-full e-flex e-con e-parent\" data-id=\"3d24ba7\" data-element_type=\"container\" data-e-type=\"container\" data-settings=\"{&quot;background_background&quot;:&quot;classic&quot;}\">\n\t\t<div class=\"elementor-element elementor-element-a79781a e-con-full e-flex e-con e-child\" data-id=\"a79781a\" data-element_type=\"container\" data-e-type=\"container\">\n\t\t<div class=\"elementor-element elementor-element-580c118 e-con-full e-flex e-con e-child\" data-id=\"580c118\" data-element_type=\"container\" data-e-type=\"container\">\n\t\t\t\t<div class=\"elementor-element elementor-element-78964b0 elementor-widget elementor-widget-heading\" data-id=\"78964b0\" data-element_type=\"widget\" data-e-type=\"widget\" data-widget_type=\"heading.default\">\n\t\t\t\t<div class=\"elementor-widget-container\">\n\t\t\t\t\t<h1 class=\"elementor-heading-title elementor-size-default\">Vuoro.NET browser version strong authentication<\/h1>\t\t\t\t<\/div>\n\t\t\t\t<\/div>\n\t\t\t\t<div class=\"elementor-element elementor-element-1f25f67 elementor-widget-divider--view-line elementor-widget elementor-widget-divider\" data-id=\"1f25f67\" data-element_type=\"widget\" data-e-type=\"widget\" data-widget_type=\"divider.default\">\n\t\t\t\t<div class=\"elementor-widget-container\">\n\t\t\t\t\t\t\t<div class=\"elementor-divider\">\n\t\t\t<span class=\"elementor-divider-separator\">\n\t\t\t\t\t\t<\/span>\n\t\t<\/div>\n\t\t\t\t\t\t<\/div>\n\t\t\t\t<\/div>\n\t\t\t\t<div class=\"elementor-element elementor-element-776d50b elementor-widget elementor-widget-heading\" data-id=\"776d50b\" data-element_type=\"widget\" data-e-type=\"widget\" data-widget_type=\"heading.default\">\n\t\t\t\t<div class=\"elementor-widget-container\">\n\t\t\t\t\t<h3 class=\"elementor-heading-title elementor-size-default\">Here we explain how the implementation happens. You can download the instructions to your own computer at the end of this page.<\/h3>\t\t\t\t<\/div>\n\t\t\t\t<\/div>\n\t\t\t\t<div class=\"elementor-element elementor-element-5ca6ce3 elementor-widget elementor-widget-text-editor\" data-id=\"5ca6ce3\" data-element_type=\"widget\" data-e-type=\"widget\" data-widget_type=\"text-editor.default\">\n\t\t\t\t<div class=\"elementor-widget-container\">\n\t\t\t\t\t\t\t\t\t<p>It has not been possible to log in to the Vuoronet service using the old login method since December 15, 2021.\u00a0<\/p><p>With the new login method, Vuoro.NET service, on both BASIC and EXTRA levels, allows for the entry of driver personal data into the service.<\/p><p>\u00a0<\/p>\t\t\t\t\t\t\t\t<\/div>\n\t\t\t\t<\/div>\n\t\t\t\t<div class=\"elementor-element elementor-element-d67f15e elementor-widget elementor-widget-button\" data-id=\"d67f15e\" data-element_type=\"widget\" data-e-type=\"widget\" data-widget_type=\"button.default\">\n\t\t\t\t<div class=\"elementor-widget-container\">\n\t\t\t\t\t\t\t\t\t<div class=\"elementor-button-wrapper\">\n\t\t\t\t\t<a class=\"elementor-button elementor-button-link elementor-size-sm\" href=\"\">\n\t\t\t\t\t\t<span class=\"elementor-button-content-wrapper\">\n\t\t\t\t\t\t\t\t\t<span class=\"elementor-button-text\"> See instructions below<\/span>\n\t\t\t\t\t<\/span>\n\t\t\t\t\t<\/a>\n\t\t\t\t<\/div>\n\t\t\t\t\t\t\t\t<\/div>\n\t\t\t\t<\/div>\n\t\t\t\t<\/div>\n\t\t\t\t<\/div>\n\t\t<div class=\"elementor-element elementor-element-0f15ed0 e-con-full mask-slanted-left e-flex e-con e-child\" data-id=\"0f15ed0\" data-element_type=\"container\" data-e-type=\"container\" data-settings=\"{&quot;background_background&quot;:&quot;classic&quot;}\">\n\t\t\t\t<\/div>\n\t\t\t\t<\/div>\n\t\t<div class=\"elementor-element elementor-element-5bb4462 e-flex e-con-boxed e-con e-parent\" data-id=\"5bb4462\" data-element_type=\"container\" data-e-type=\"container\" data-settings=\"{&quot;background_background&quot;:&quot;classic&quot;}\">\n\t\t\t\t\t<div class=\"e-con-inner\">\n\t\t<div class=\"elementor-element elementor-element-2cf2994 e-con-full e-flex e-con e-child\" data-id=\"2cf2994\" data-element_type=\"container\" data-e-type=\"container\">\n\t\t\t\t<div class=\"elementor-element elementor-element-78cc6ae elementor-widget elementor-widget-heading\" data-id=\"78cc6ae\" data-element_type=\"widget\" data-e-type=\"widget\" data-widget_type=\"heading.default\">\n\t\t\t\t<div class=\"elementor-widget-container\">\n\t\t\t\t\t<h2 class=\"elementor-heading-title elementor-size-default\">Deployment<\/h2>\t\t\t\t<\/div>\n\t\t\t\t<\/div>\n\t\t\t\t<div class=\"elementor-element elementor-element-c11fe48 elementor-widget-divider--view-line elementor-widget elementor-widget-divider\" data-id=\"c11fe48\" data-element_type=\"widget\" data-e-type=\"widget\" data-widget_type=\"divider.default\">\n\t\t\t\t<div class=\"elementor-widget-container\">\n\t\t\t\t\t\t\t<div class=\"elementor-divider\">\n\t\t\t<span class=\"elementor-divider-separator\">\n\t\t\t\t\t\t<\/span>\n\t\t<\/div>\n\t\t\t\t\t\t<\/div>\n\t\t\t\t<\/div>\n\t\t\t\t<div class=\"elementor-element elementor-element-7a50747 elementor-widget elementor-widget-text-editor\" data-id=\"7a50747\" data-element_type=\"widget\" data-e-type=\"widget\" data-widget_type=\"text-editor.default\">\n\t\t\t\t<div class=\"elementor-widget-container\">\n\t\t\t\t\t\t\t\t\t<p>Open the website https:\/\/vuoro.net\/ in your internet browser.<br \/>Click the Login button<\/p>\t\t\t\t\t\t\t\t<\/div>\n\t\t\t\t<\/div>\n\t\t\t\t<\/div>\n\t\t<div class=\"elementor-element elementor-element-eea1d0f e-con-full e-flex e-con e-child\" data-id=\"eea1d0f\" data-element_type=\"container\" data-e-type=\"container\">\n\t\t\t\t<div class=\"elementor-element elementor-element-01c9145 elementor-widget elementor-widget-image\" data-id=\"01c9145\" data-element_type=\"widget\" data-e-type=\"widget\" data-widget_type=\"image.default\">\n\t\t\t\t<div class=\"elementor-widget-container\">\n\t\t\t\t\t\t\t\t\t\t\t\t\t\t\t<img fetchpriority=\"high\" decoding=\"async\" width=\"800\" height=\"607\" src=\"https:\/\/semel.fi\/wp-content\/uploads\/2024\/12\/vuoronet-etusivu-1024x777.png\" class=\"attachment-large size-large wp-image-1960\" alt=\"\" srcset=\"https:\/\/semel.fi\/wp-content\/uploads\/2024\/12\/vuoronet-etusivu-1024x777.png 1024w, https:\/\/semel.fi\/wp-content\/uploads\/2024\/12\/vuoronet-etusivu-600x456.png 600w, https:\/\/semel.fi\/wp-content\/uploads\/2024\/12\/vuoronet-etusivu-300x228.png 300w, https:\/\/semel.fi\/wp-content\/uploads\/2024\/12\/vuoronet-etusivu-768x583.png 768w, https:\/\/semel.fi\/wp-content\/uploads\/2024\/12\/vuoronet-etusivu.png 1213w\" sizes=\"(max-width: 800px) 100vw, 800px\" \/>\t\t\t\t\t\t\t\t\t\t\t\t\t\t\t<\/div>\n\t\t\t\t<\/div>\n\t\t\t\t<\/div>\n\t\t\t\t\t<\/div>\n\t\t\t\t<\/div>\n\t\t<div class=\"elementor-element elementor-element-85d9fb2 e-flex e-con-boxed e-con e-parent\" data-id=\"85d9fb2\" data-element_type=\"container\" data-e-type=\"container\" data-settings=\"{&quot;background_background&quot;:&quot;classic&quot;}\">\n\t\t\t\t\t<div class=\"e-con-inner\">\n\t\t<div class=\"elementor-element elementor-element-f55ea49 e-con-full e-flex e-con e-child\" data-id=\"f55ea49\" data-element_type=\"container\" data-e-type=\"container\">\n\t\t\t\t<div class=\"elementor-element elementor-element-ccc4f74 elementor-widget elementor-widget-text-editor\" data-id=\"ccc4f74\" data-element_type=\"widget\" data-e-type=\"widget\" data-widget_type=\"text-editor.default\">\n\t\t\t\t<div class=\"elementor-widget-container\">\n\t\t\t\t\t\t\t\t\t<p>NOTE: Depending on your operating system's language settings, the settings may appear in different languages. Here they are presented in English.<\/p>\t\t\t\t\t\t\t\t<\/div>\n\t\t\t\t<\/div>\n\t\t\t\t<div class=\"elementor-element elementor-element-88f1e5d elementor-widget elementor-widget-text-editor\" data-id=\"88f1e5d\" data-element_type=\"widget\" data-e-type=\"widget\" data-widget_type=\"text-editor.default\">\n\t\t\t\t<div class=\"elementor-widget-container\">\n\t\t\t\t\t\t\t\t\t<p>If you have previously created an account for Semel B2C identification service, e.g. when introducing the Vuoro.NET mobile app, then enter the registered email address (\u201d<strong>Email address<\/strong>\u201d), Salasana (\u201d<strong>Password<\/strong>\u201d) and select Log in (\u201d<strong>Sign in<\/strong>\u201d) to the service.<\/p>\t\t\t\t\t\t\t\t<\/div>\n\t\t\t\t<\/div>\n\t\t\t\t<\/div>\n\t\t<div class=\"elementor-element elementor-element-10c3252 e-con-full e-flex e-con e-child\" data-id=\"10c3252\" data-element_type=\"container\" data-e-type=\"container\">\n\t\t\t\t<div class=\"elementor-element elementor-element-8045fc3 elementor-widget elementor-widget-image\" data-id=\"8045fc3\" data-element_type=\"widget\" data-e-type=\"widget\" data-widget_type=\"image.default\">\n\t\t\t\t<div class=\"elementor-widget-container\">\n\t\t\t\t\t\t\t\t\t\t\t\t\t\t\t<img decoding=\"async\" width=\"800\" height=\"607\" src=\"https:\/\/semel.fi\/wp-content\/uploads\/2024\/12\/vuoronet-ohje-kirjautuminen-1024x777.png\" class=\"attachment-large size-large wp-image-1961\" alt=\"\" srcset=\"https:\/\/semel.fi\/wp-content\/uploads\/2024\/12\/vuoronet-ohje-kirjautuminen-1024x777.png 1024w, https:\/\/semel.fi\/wp-content\/uploads\/2024\/12\/vuoronet-ohje-kirjautuminen-600x456.png 600w, https:\/\/semel.fi\/wp-content\/uploads\/2024\/12\/vuoronet-ohje-kirjautuminen-300x228.png 300w, https:\/\/semel.fi\/wp-content\/uploads\/2024\/12\/vuoronet-ohje-kirjautuminen-768x583.png 768w, https:\/\/semel.fi\/wp-content\/uploads\/2024\/12\/vuoronet-ohje-kirjautuminen.png 1213w\" sizes=\"(max-width: 800px) 100vw, 800px\" \/>\t\t\t\t\t\t\t\t\t\t\t\t\t\t\t<\/div>\n\t\t\t\t<\/div>\n\t\t\t\t<\/div>\n\t\t\t\t\t<\/div>\n\t\t\t\t<\/div>\n\t\t<div class=\"elementor-element elementor-element-b421364 e-flex e-con-boxed e-con e-parent\" data-id=\"b421364\" data-element_type=\"container\" data-e-type=\"container\" data-settings=\"{&quot;background_background&quot;:&quot;classic&quot;}\">\n\t\t\t\t\t<div class=\"e-con-inner\">\n\t\t<div class=\"elementor-element elementor-element-75edb6d e-con-full e-flex e-con e-child\" data-id=\"75edb6d\" data-element_type=\"container\" data-e-type=\"container\">\n\t\t\t\t<div class=\"elementor-element elementor-element-06eb6cf elementor-widget elementor-widget-text-editor\" data-id=\"06eb6cf\" data-element_type=\"widget\" data-e-type=\"widget\" data-widget_type=\"text-editor.default\">\n\t\t\t\t<div class=\"elementor-widget-container\">\n\t\t\t\t\t\t\t\t\t<p>If you have not created an account before, select Register Now\u201d<strong>Sign up now<\/strong>\u201d) and create an account for authentication.<\/p><p>You need a working email address to create an account for the authentication service.<\/p>\t\t\t\t\t\t\t\t<\/div>\n\t\t\t\t<\/div>\n\t\t\t\t<\/div>\n\t\t<div class=\"elementor-element elementor-element-2e82bf7 e-con-full e-flex e-con e-child\" data-id=\"2e82bf7\" data-element_type=\"container\" data-e-type=\"container\">\n\t\t\t\t<div class=\"elementor-element elementor-element-21be541 elementor-widget elementor-widget-image\" data-id=\"21be541\" data-element_type=\"widget\" data-e-type=\"widget\" data-widget_type=\"image.default\">\n\t\t\t\t<div class=\"elementor-widget-container\">\n\t\t\t\t\t\t\t\t\t\t\t\t\t\t\t<img decoding=\"async\" width=\"800\" height=\"607\" src=\"https:\/\/semel.fi\/wp-content\/uploads\/2024\/12\/vuoronet-ohje-rekisteroityminen-1024x777.png\" class=\"attachment-large size-large wp-image-1964\" alt=\"\" srcset=\"https:\/\/semel.fi\/wp-content\/uploads\/2024\/12\/vuoronet-ohje-rekisteroityminen-1024x777.png 1024w, https:\/\/semel.fi\/wp-content\/uploads\/2024\/12\/vuoronet-ohje-rekisteroityminen-600x456.png 600w, https:\/\/semel.fi\/wp-content\/uploads\/2024\/12\/vuoronet-ohje-rekisteroityminen-300x228.png 300w, https:\/\/semel.fi\/wp-content\/uploads\/2024\/12\/vuoronet-ohje-rekisteroityminen-768x583.png 768w, https:\/\/semel.fi\/wp-content\/uploads\/2024\/12\/vuoronet-ohje-rekisteroityminen.png 1213w\" sizes=\"(max-width: 800px) 100vw, 800px\" \/>\t\t\t\t\t\t\t\t\t\t\t\t\t\t\t<\/div>\n\t\t\t\t<\/div>\n\t\t\t\t<\/div>\n\t\t\t\t\t<\/div>\n\t\t\t\t<\/div>\n\t\t<div class=\"elementor-element elementor-element-1fa89be e-flex e-con-boxed e-con e-parent\" data-id=\"1fa89be\" data-element_type=\"container\" data-e-type=\"container\" data-settings=\"{&quot;background_background&quot;:&quot;classic&quot;}\">\n\t\t\t\t\t<div class=\"e-con-inner\">\n\t\t<div class=\"elementor-element elementor-element-fd0d53c e-con-full e-flex e-con e-child\" data-id=\"fd0d53c\" data-element_type=\"container\" data-e-type=\"container\">\n\t\t\t\t<div class=\"elementor-element elementor-element-338313a elementor-widget elementor-widget-text-editor\" data-id=\"338313a\" data-element_type=\"widget\" data-e-type=\"widget\" data-widget_type=\"text-editor.default\">\n\t\t\t\t<div class=\"elementor-widget-container\">\n\t\t\t\t\t\t\t\t\t<p>Enter \u201d<strong>Email address<\/strong>\u201dand press\u201d<strong>Send Verification code<\/strong>\u201d<\/p><p>The app will send a verification code to the email address you provided.\u201d<strong>Verification code<\/strong>\u201d), which you need to enter on the screen that opens.\u201d<strong>Verification code<\/strong>\u201dfield. After that, press \u201dVerify code\u201d<\/p><p>Once the code is confirmed, the application will ask for a password to use, as well as other additional information.<\/p>\t\t\t\t\t\t\t\t<\/div>\n\t\t\t\t<\/div>\n\t\t\t\t<\/div>\n\t\t<div class=\"elementor-element elementor-element-32bc7ff e-con-full e-flex e-con e-child\" data-id=\"32bc7ff\" data-element_type=\"container\" data-e-type=\"container\">\n\t\t\t\t<div class=\"elementor-element elementor-element-a3b2234 elementor-widget elementor-widget-image\" data-id=\"a3b2234\" data-element_type=\"widget\" data-e-type=\"widget\" data-widget_type=\"image.default\">\n\t\t\t\t<div class=\"elementor-widget-container\">\n\t\t\t\t\t\t\t\t\t\t\t\t\t\t\t<img loading=\"lazy\" decoding=\"async\" width=\"800\" height=\"607\" src=\"https:\/\/semel.fi\/wp-content\/uploads\/2024\/12\/vuoronet-vahvistus-1024x777.png\" class=\"attachment-large size-large wp-image-1967\" alt=\"\" srcset=\"https:\/\/semel.fi\/wp-content\/uploads\/2024\/12\/vuoronet-vahvistus-1024x777.png 1024w, https:\/\/semel.fi\/wp-content\/uploads\/2024\/12\/vuoronet-vahvistus-600x456.png 600w, https:\/\/semel.fi\/wp-content\/uploads\/2024\/12\/vuoronet-vahvistus-300x228.png 300w, https:\/\/semel.fi\/wp-content\/uploads\/2024\/12\/vuoronet-vahvistus-768x583.png 768w, https:\/\/semel.fi\/wp-content\/uploads\/2024\/12\/vuoronet-vahvistus.png 1213w\" sizes=\"(max-width: 800px) 100vw, 800px\" \/>\t\t\t\t\t\t\t\t\t\t\t\t\t\t\t<\/div>\n\t\t\t\t<\/div>\n\t\t\t\t<\/div>\n\t\t\t\t\t<\/div>\n\t\t\t\t<\/div>\n\t\t<div class=\"elementor-element elementor-element-f211e40 e-flex e-con-boxed e-con e-parent\" data-id=\"f211e40\" data-element_type=\"container\" data-e-type=\"container\" data-settings=\"{&quot;background_background&quot;:&quot;classic&quot;}\">\n\t\t\t\t\t<div class=\"e-con-inner\">\n\t\t<div class=\"elementor-element elementor-element-a0de020 e-con-full e-flex e-con e-child\" data-id=\"a0de020\" data-element_type=\"container\" data-e-type=\"container\">\n\t\t\t\t<div class=\"elementor-element elementor-element-2b9094f elementor-widget elementor-widget-text-editor\" data-id=\"2b9094f\" data-element_type=\"widget\" data-e-type=\"widget\" data-widget_type=\"text-editor.default\">\n\t\t\t\t<div class=\"elementor-widget-container\">\n\t\t\t\t\t\t\t\t\t<p><strong>NOTE:<\/strong>\u00a0The application requires that the password meets certain requirements.<\/p><p>Enter the requested information. \u00a0<\/p><ul><li><strong>Password<\/strong> (password, twice)<\/li><li><strong>Last name<\/strong> (Last name)<\/li><li><strong>Phone number<\/strong> Phone number<\/li><li><strong>First name<\/strong> First name<\/li><li><strong>First name<\/strong>\u00a0Display name<\/li><\/ul><p><br \/>After this, press \u201d<strong>Create<\/strong>\u201d(Luo). The authentication service then creates an account and saves the username and set password, after which the Vuoro.NET portal opens. It is possible to authenticate with the created account to other Semel services as well, e.g., the Vuoro.NET mobile application.<\/p>\t\t\t\t\t\t\t\t<\/div>\n\t\t\t\t<\/div>\n\t\t\t\t<\/div>\n\t\t<div class=\"elementor-element elementor-element-b92f386 e-con-full e-flex e-con e-child\" data-id=\"b92f386\" data-element_type=\"container\" data-e-type=\"container\">\n\t\t\t\t<div class=\"elementor-element elementor-element-5d098b9 elementor-widget elementor-widget-image\" data-id=\"5d098b9\" data-element_type=\"widget\" data-e-type=\"widget\" data-widget_type=\"image.default\">\n\t\t\t\t<div class=\"elementor-widget-container\">\n\t\t\t\t\t\t\t\t\t\t\t\t\t\t\t<img loading=\"lazy\" decoding=\"async\" width=\"800\" height=\"607\" src=\"https:\/\/semel.fi\/wp-content\/uploads\/2024\/12\/vuoronet-tunnuksen-luonti-1024x777.png\" class=\"attachment-large size-large wp-image-1966\" alt=\"\" srcset=\"https:\/\/semel.fi\/wp-content\/uploads\/2024\/12\/vuoronet-tunnuksen-luonti-1024x777.png 1024w, https:\/\/semel.fi\/wp-content\/uploads\/2024\/12\/vuoronet-tunnuksen-luonti-600x456.png 600w, https:\/\/semel.fi\/wp-content\/uploads\/2024\/12\/vuoronet-tunnuksen-luonti-300x228.png 300w, https:\/\/semel.fi\/wp-content\/uploads\/2024\/12\/vuoronet-tunnuksen-luonti-768x583.png 768w, https:\/\/semel.fi\/wp-content\/uploads\/2024\/12\/vuoronet-tunnuksen-luonti.png 1213w\" sizes=\"(max-width: 800px) 100vw, 800px\" \/>\t\t\t\t\t\t\t\t\t\t\t\t\t\t\t<\/div>\n\t\t\t\t<\/div>\n\t\t\t\t<\/div>\n\t\t\t\t\t<\/div>\n\t\t\t\t<\/div>\n\t\t<div class=\"elementor-element elementor-element-2ffeff0 e-flex e-con-boxed e-con e-parent\" data-id=\"2ffeff0\" data-element_type=\"container\" data-e-type=\"container\" data-settings=\"{&quot;background_background&quot;:&quot;classic&quot;}\">\n\t\t\t\t\t<div class=\"e-con-inner\">\n\t\t<div class=\"elementor-element elementor-element-03fdc7b e-con-full e-flex e-con e-child\" data-id=\"03fdc7b\" data-element_type=\"container\" data-e-type=\"container\">\n\t\t\t\t<div class=\"elementor-element elementor-element-2cfacc0 elementor-widget elementor-widget-text-editor\" data-id=\"2cfacc0\" data-element_type=\"widget\" data-e-type=\"widget\" data-widget_type=\"text-editor.default\">\n\t\t\t\t<div class=\"elementor-widget-container\">\n\t\t\t\t\t\t\t\t\t<p>Acceptance of the terms of service is still required to use the service<\/p>\t\t\t\t\t\t\t\t<\/div>\n\t\t\t\t<\/div>\n\t\t\t\t<\/div>\n\t\t<div class=\"elementor-element elementor-element-3132363 e-con-full e-flex e-con e-child\" data-id=\"3132363\" data-element_type=\"container\" data-e-type=\"container\">\n\t\t\t\t<div class=\"elementor-element elementor-element-f9a18fc elementor-widget elementor-widget-image\" data-id=\"f9a18fc\" data-element_type=\"widget\" data-e-type=\"widget\" data-widget_type=\"image.default\">\n\t\t\t\t<div class=\"elementor-widget-container\">\n\t\t\t\t\t\t\t\t\t\t\t\t\t\t\t<img loading=\"lazy\" decoding=\"async\" width=\"800\" height=\"607\" src=\"https:\/\/semel.fi\/wp-content\/uploads\/2024\/12\/vuoronet-kayttoehtojen-hyvaksynta-1024x777.png\" class=\"attachment-large size-large wp-image-1965\" alt=\"\" srcset=\"https:\/\/semel.fi\/wp-content\/uploads\/2024\/12\/vuoronet-kayttoehtojen-hyvaksynta-1024x777.png 1024w, https:\/\/semel.fi\/wp-content\/uploads\/2024\/12\/vuoronet-kayttoehtojen-hyvaksynta-600x456.png 600w, https:\/\/semel.fi\/wp-content\/uploads\/2024\/12\/vuoronet-kayttoehtojen-hyvaksynta-300x228.png 300w, https:\/\/semel.fi\/wp-content\/uploads\/2024\/12\/vuoronet-kayttoehtojen-hyvaksynta-768x583.png 768w, https:\/\/semel.fi\/wp-content\/uploads\/2024\/12\/vuoronet-kayttoehtojen-hyvaksynta.png 1213w\" sizes=\"(max-width: 800px) 100vw, 800px\" \/>\t\t\t\t\t\t\t\t\t\t\t\t\t\t\t<\/div>\n\t\t\t\t<\/div>\n\t\t\t\t<\/div>\n\t\t\t\t\t<\/div>\n\t\t\t\t<\/div>\n\t\t<div class=\"elementor-element elementor-element-f1e7082 e-flex e-con-boxed e-con e-parent\" data-id=\"f1e7082\" data-element_type=\"container\" data-e-type=\"container\" data-settings=\"{&quot;background_background&quot;:&quot;classic&quot;}\">\n\t\t\t\t\t<div class=\"e-con-inner\">\n\t\t<div class=\"elementor-element elementor-element-9705100 e-con-full e-flex e-con e-child\" data-id=\"9705100\" data-element_type=\"container\" data-e-type=\"container\">\n\t\t\t\t<div class=\"elementor-element elementor-element-ffdaf68 elementor-widget elementor-widget-image\" data-id=\"ffdaf68\" data-element_type=\"widget\" data-e-type=\"widget\" data-widget_type=\"image.default\">\n\t\t\t\t<div class=\"elementor-widget-container\">\n\t\t\t\t\t\t\t\t\t\t\t\t\t\t\t<img loading=\"lazy\" decoding=\"async\" width=\"1226\" height=\"169\" src=\"https:\/\/semel.fi\/wp-content\/uploads\/2024\/12\/vuoronet-logo-rgb.svg\" class=\"attachment-full size-full wp-image-1972\" alt=\"\" \/>\t\t\t\t\t\t\t\t\t\t\t\t\t\t\t<\/div>\n\t\t\t\t<\/div>\n\t\t\t\t<div class=\"elementor-element elementor-element-e895467 elementor-align-center elementor-widget elementor-widget-button\" data-id=\"e895467\" data-element_type=\"widget\" data-e-type=\"widget\" data-widget_type=\"button.default\">\n\t\t\t\t<div class=\"elementor-widget-container\">\n\t\t\t\t\t\t\t\t\t<div class=\"elementor-button-wrapper\">\n\t\t\t\t\t<a class=\"elementor-button elementor-button-link elementor-size-sm\" href=\"https:\/\/vuoro.net\/\" target=\"_blank\" rel=\"nofollow noopener\">\n\t\t\t\t\t\t<span class=\"elementor-button-content-wrapper\">\n\t\t\t\t\t\t\t\t\t<span class=\"elementor-button-text\">Vuoro.NET Login<\/span>\n\t\t\t\t\t<\/span>\n\t\t\t\t\t<\/a>\n\t\t\t\t<\/div>\n\t\t\t\t\t\t\t\t<\/div>\n\t\t\t\t<\/div>\n\t\t\t\t<\/div>\n\t\t<div class=\"elementor-element elementor-element-0e0e9c4 e-con-full e-flex e-con e-child\" data-id=\"0e0e9c4\" data-element_type=\"container\" data-e-type=\"container\">\n\t\t\t\t<div class=\"elementor-element elementor-element-3109e35 elementor-widget elementor-widget-heading\" data-id=\"3109e35\" data-element_type=\"widget\" data-e-type=\"widget\" data-widget_type=\"heading.default\">\n\t\t\t\t<div class=\"elementor-widget-container\">\n\t\t\t\t\t<h2 class=\"elementor-heading-title elementor-size-default\">Download the instructions to your computer<\/h2>\t\t\t\t<\/div>\n\t\t\t\t<\/div>\n\t\t\t\t<div class=\"elementor-element elementor-element-f4076a1 elementor-widget-divider--view-line elementor-widget elementor-widget-divider\" data-id=\"f4076a1\" data-element_type=\"widget\" data-e-type=\"widget\" data-widget_type=\"divider.default\">\n\t\t\t\t<div class=\"elementor-widget-container\">\n\t\t\t\t\t\t\t<div class=\"elementor-divider\">\n\t\t\t<span class=\"elementor-divider-separator\">\n\t\t\t\t\t\t<\/span>\n\t\t<\/div>\n\t\t\t\t\t\t<\/div>\n\t\t\t\t<\/div>\n\t\t\t\t<div class=\"elementor-element elementor-element-a0dcc27 elementor-icon-list--layout-traditional elementor-list-item-link-full_width elementor-widget elementor-widget-icon-list\" data-id=\"a0dcc27\" data-element_type=\"widget\" data-e-type=\"widget\" data-widget_type=\"icon-list.default\">\n\t\t\t\t<div class=\"elementor-widget-container\">\n\t\t\t\t\t\t\t<ul class=\"elementor-icon-list-items\">\n\t\t\t\t\t\t\t<li class=\"elementor-icon-list-item\">\n\t\t\t\t\t\t\t\t\t\t\t<a href=\"https:\/\/semel.fi\/wp-content\/uploads\/2025\/01\/vuoronet-b2c-kayttoonotto.pdf\">\n\n\t\t\t\t\t\t\t\t\t\t\t\t<span class=\"elementor-icon-list-icon\">\n\t\t\t\t\t\t\t<svg aria-hidden=\"true\" class=\"e-font-icon-svg e-far-file-pdf\" viewbox=\"0 0 384 512\" xmlns=\"http:\/\/www.w3.org\/2000\/svg\"><path d=\"M369.9 97.9L286 14C277 5 264.8-.1 252.1-.1H48C21.5 0 0 21.5 0 48v416c0 26.5 21.5 48 48 48h288c26.5 0 48-21.5 48-48V131.9c0-12.7-5.1-25-14.1-34zM332.1 128H256V51.9l76.1 76.1zM48 464V48h160v104c0 13.3 10.7 24 24 24h104v288H48zm250.2-143.7c-12.2-12-47-8.7-64.4-6.5-17.2-10.5-28.7-25-36.8-46.3 3.9-16.1 10.1-40.6 5.4-56-4.2-26.2-37.8-23.6-42.6-5.9-4.4 16.1-.4 38.5 7 67.1-10 23.9-24.9 56-35.4 74.4-20 10.3-47 26.2-51 46.2-3.3 15.8 26 55.2 76.1-31.2 22.4-7.4 46.8-16.5 68.4-20.1 18.9 10.2 41 17 55.8 17 25.5 0 28-28.2 17.5-38.7zm-198.1 77.8c5.1-13.7 24.5-29.5 30.4-35-19 30.3-30.4 35.7-30.4 35zm81.6-190.6c7.4 0 6.7 32.1 1.8 40.8-4.4-13.9-4.3-40.8-1.8-40.8zm-24.4 136.6c9.7-16.9 18-37 24.7-54.7 8.3 15.1 18.9 27.2 30.1 35.5-20.8 4.3-38.9 13.1-54.8 19.2zm131.6-5s-5 6-37.3-7.8c35.1-2.6 40.9 5.4 37.3 7.8z\"><\/path><\/svg>\t\t\t\t\t\t<\/span>\n\t\t\t\t\t\t\t\t\t\t<span class=\"elementor-icon-list-text\">Instructions: Vuoronet B2C Login<\/span>\n\t\t\t\t\t\t\t\t\t\t\t<\/a>\n\t\t\t\t\t\t\t\t\t<\/li>\n\t\t\t\t\t\t<\/ul>\n\t\t\t\t\t\t<\/div>\n\t\t\t\t<\/div>\n\t\t\t\t<\/div>\n\t\t\t\t\t<\/div>\n\t\t\t\t<\/div>\n\t\t\t\t<\/div>","protected":false},"excerpt":{"rendered":"<p>Vuoro.NET selainversion vahva tunnistautuminen Kerromme t\u00e4ss\u00e4, miten k\u00e4ytt\u00f6\u00f6notto tapahtuu. Ohjeet voit ladata omalle koneellesi t\u00e4m\u00e4n sivun lopussa. Vanhalla kirjautumistavalle ei ole ollut mahdollista kirjautua Vuoronet-palveluun\u00a0 15.12.2021 j\u00e4lkeen.\u00a0 Uuden kirjautumistavan my\u00f6t\u00e4 Vuoro.NET-palvelussa sek\u00e4 BASIC ett\u00e4 EXTRA tasoilla mahdollistetaan my\u00f6s kuljettajien henkil\u00f6tietojen sy\u00f6tt\u00e4minen palveluun. \u00a0 Katso alta ohjeet K\u00e4ytt\u00f6\u00f6notto Mene Internet selaimella sivulle https:\/\/vuoro.net\/Klikkaa nappia Kirjaudu HUOM: [&hellip;]<\/p>\n","protected":false},"author":1,"featured_media":0,"parent":1008,"menu_order":0,"comment_status":"closed","ping_status":"closed","template":"elementor_header_footer","meta":{"_acf_changed":false,"footnotes":""},"class_list":["post-1942","page","type-page","status-publish","hentry"],"acf":[],"_links":{"self":[{"href":"https:\/\/semel.fi\/en\/wp-json\/wp\/v2\/pages\/1942","targetHints":{"allow":["GET"]}}],"collection":[{"href":"https:\/\/semel.fi\/en\/wp-json\/wp\/v2\/pages"}],"about":[{"href":"https:\/\/semel.fi\/en\/wp-json\/wp\/v2\/types\/page"}],"author":[{"embeddable":true,"href":"https:\/\/semel.fi\/en\/wp-json\/wp\/v2\/users\/1"}],"replies":[{"embeddable":true,"href":"https:\/\/semel.fi\/en\/wp-json\/wp\/v2\/comments?post=1942"}],"version-history":[{"count":19,"href":"https:\/\/semel.fi\/en\/wp-json\/wp\/v2\/pages\/1942\/revisions"}],"predecessor-version":[{"id":3477,"href":"https:\/\/semel.fi\/en\/wp-json\/wp\/v2\/pages\/1942\/revisions\/3477"}],"up":[{"embeddable":true,"href":"https:\/\/semel.fi\/en\/wp-json\/wp\/v2\/pages\/1008"}],"wp:attachment":[{"href":"https:\/\/semel.fi\/en\/wp-json\/wp\/v2\/media?parent=1942"}],"curies":[{"name":"wp","href":"https:\/\/api.w.org\/{rel}","templated":true}]}}