{"id":1637,"date":"2024-12-09T11:08:54","date_gmt":"2024-12-09T09:08:54","guid":{"rendered":"https:\/\/semelfi-wp27900.test.cchosting.fi\/?page_id=1637"},"modified":"2024-12-09T13:19:00","modified_gmt":"2024-12-09T11:19:00","slug":"trip","status":"publish","type":"page","link":"https:\/\/semel.fi\/en\/reissu\/","title":{"rendered":"Visit"},"content":{"rendered":"<div data-elementor-type=\"wp-page\" data-elementor-id=\"1637\" class=\"elementor elementor-1637\" data-elementor-post-type=\"page\">\n\t\t\t\t<div class=\"elementor-element elementor-element-a1548ef e-flex e-con-boxed e-con e-parent\" data-id=\"a1548ef\" data-element_type=\"container\" data-e-type=\"container\" data-settings=\"{&quot;background_background&quot;:&quot;classic&quot;}\">\n\t\t\t\t\t<div class=\"e-con-inner\">\n\t\t<div class=\"elementor-element elementor-element-04d65cb e-con-full e-flex e-con e-child\" data-id=\"04d65cb\" data-element_type=\"container\" data-e-type=\"container\">\n\t\t\t\t<div class=\"elementor-element elementor-element-0e136f5 elementor-widget elementor-widget-image\" data-id=\"0e136f5\" data-element_type=\"widget\" data-e-type=\"widget\" data-widget_type=\"image.default\">\n\t\t\t\t<div class=\"elementor-widget-container\">\n\t\t\t\t\t\t\t\t\t\t\t\t\t\t\t<img fetchpriority=\"high\" decoding=\"async\" width=\"639\" height=\"150\" src=\"https:\/\/semel.fi\/wp-content\/uploads\/2024\/12\/reissu-sovellus-logo.svg\" class=\"attachment-large size-large wp-image-1639\" alt=\"\" \/>\t\t\t\t\t\t\t\t\t\t\t\t\t\t\t<\/div>\n\t\t\t\t<\/div>\n\t\t\t\t<\/div>\n\t\t<div class=\"elementor-element elementor-element-f7d312d e-con-full e-flex e-con e-child\" data-id=\"f7d312d\" data-element_type=\"container\" data-e-type=\"container\">\n\t\t\t\t<div class=\"elementor-element elementor-element-d4c4ffe elementor-widget elementor-widget-text-editor\" data-id=\"d4c4ffe\" data-element_type=\"widget\" data-e-type=\"widget\" data-widget_type=\"text-editor.default\">\n\t\t\t\t<div class=\"elementor-widget-container\">\n\t\t\t\t\t\t\t\t\t<p>With the Reissu mobile ticket app, you can easily order, pay for, and use local public transportation. Register your payment card in the Reissu mobile ticket app, and you can easily purchase a travel ticket anytime. The ticket has a dynamic QR code, which is secure and readable on all local public transportation vehicles. Reissu is currently used in Kotka's local public transportation.<\/p><p>The Reissu mobile ticketing app will in the future enable open, demand-responsive public transport as part of a larger travel chain. At that point, the app will allow payment for both taxi and bus journeys.<\/p>\t\t\t\t\t\t\t\t<\/div>\n\t\t\t\t<\/div>\n\t\t\t\t<\/div>\n\t\t\t\t\t<\/div>\n\t\t\t\t<\/div>\n\t\t<div class=\"elementor-element elementor-element-dc7c38e e-flex e-con-boxed e-con e-parent\" data-id=\"dc7c38e\" data-element_type=\"container\" data-e-type=\"container\">\n\t\t\t\t\t<div class=\"e-con-inner\">\n\t\t<div class=\"elementor-element elementor-element-80ec633 e-con-full e-flex e-con e-child\" data-id=\"80ec633\" data-element_type=\"container\" data-e-type=\"container\">\n\t\t<div class=\"elementor-element elementor-element-4b84a93 e-con-full e-flex e-con e-child\" data-id=\"4b84a93\" data-element_type=\"container\" data-e-type=\"container\">\n\t\t<div class=\"elementor-element elementor-element-4f6c4a8 e-con-full e-flex e-con e-child\" data-id=\"4f6c4a8\" data-element_type=\"container\" data-e-type=\"container\">\n\t\t\t\t<div class=\"elementor-element elementor-element-e2dee43 elementor-view-default elementor-widget elementor-widget-icon\" data-id=\"e2dee43\" data-element_type=\"widget\" data-e-type=\"widget\" data-widget_type=\"icon.default\">\n\t\t\t\t<div class=\"elementor-widget-container\">\n\t\t\t\t\t\t\t<div class=\"elementor-icon-wrapper\">\n\t\t\t<div class=\"elementor-icon\">\n\t\t\t<svg aria-hidden=\"true\" class=\"e-font-icon-svg e-fas-square-full\" viewbox=\"0 0 512 512\" xmlns=\"http:\/\/www.w3.org\/2000\/svg\"><path d=\"M512 512H0V0h512v512z\"><\/path><\/svg>\t\t\t<\/div>\n\t\t<\/div>\n\t\t\t\t\t\t<\/div>\n\t\t\t\t<\/div>\n\t\t\t\t<div class=\"elementor-element elementor-element-32746d0 elementor-widget elementor-widget-heading\" data-id=\"32746d0\" data-element_type=\"widget\" data-e-type=\"widget\" data-widget_type=\"heading.default\">\n\t\t\t\t<div class=\"elementor-widget-container\">\n\t\t\t\t\t<h2 class=\"elementor-heading-title elementor-size-default\">1<\/h2>\t\t\t\t<\/div>\n\t\t\t\t<\/div>\n\t\t\t\t<\/div>\n\t\t<div class=\"elementor-element elementor-element-31c3fdd e-con-full e-flex e-con e-child\" data-id=\"31c3fdd\" data-element_type=\"container\" data-e-type=\"container\">\n\t\t\t\t<div class=\"elementor-element elementor-element-53737f1 elementor-widget elementor-widget-heading\" data-id=\"53737f1\" data-element_type=\"widget\" data-e-type=\"widget\" data-widget_type=\"heading.default\">\n\t\t\t\t<div class=\"elementor-widget-container\">\n\t\t\t\t\t<h2 class=\"elementor-heading-title elementor-size-default\">Download the app<\/h2>\t\t\t\t<\/div>\n\t\t\t\t<\/div>\n\t\t\t\t<div class=\"elementor-element elementor-element-3557f87 elementor-widget elementor-widget-text-editor\" data-id=\"3557f87\" data-element_type=\"widget\" data-e-type=\"widget\" data-widget_type=\"text-editor.default\">\n\t\t\t\t<div class=\"elementor-widget-container\">\n\t\t\t\t\t\t\t\t\t<p>Download the app and register as a user:<\/p>\t\t\t\t\t\t\t\t<\/div>\n\t\t\t\t<\/div>\n\t\t\t\t<\/div>\n\t\t\t\t<\/div>\n\t\t<div class=\"elementor-element elementor-element-7373f5f e-con-full e-flex e-con e-child\" data-id=\"7373f5f\" data-element_type=\"container\" data-e-type=\"container\">\n\t\t\t\t<div class=\"elementor-element elementor-element-41bdb0d elementor-widget elementor-widget-image\" data-id=\"41bdb0d\" data-element_type=\"widget\" data-e-type=\"widget\" data-widget_type=\"image.default\">\n\t\t\t\t<div class=\"elementor-widget-container\">\n\t\t\t\t\t\t\t\t\t\t\t\t\t\t\t\t<a href=\"https:\/\/apps.apple.com\/fi\/app\/reissu\/id6451141926?l=fi\" target=\"_blank\" rel=\"nofollow noopener\">\n\t\t\t\t\t\t\t<img decoding=\"async\" width=\"199\" height=\"59\" src=\"https:\/\/semel.fi\/wp-content\/uploads\/2024\/11\/apple-app-store.png\" class=\"attachment-full size-full wp-image-1019\" alt=\"\" \/>\t\t\t\t\t\t\t\t<\/a>\n\t\t\t\t\t\t\t\t\t\t\t\t\t\t\t<\/div>\n\t\t\t\t<\/div>\n\t\t\t\t<div class=\"elementor-element elementor-element-ffba274 elementor-widget elementor-widget-image\" data-id=\"ffba274\" data-element_type=\"widget\" data-e-type=\"widget\" data-widget_type=\"image.default\">\n\t\t\t\t<div class=\"elementor-widget-container\">\n\t\t\t\t\t\t\t\t\t\t\t\t\t\t\t\t<a href=\"https:\/\/play.google.com\/store\/search?q=reissu&#038;c=apps\" target=\"_blank\" rel=\"nofollow noopener\">\n\t\t\t\t\t\t\t<img decoding=\"async\" width=\"199\" height=\"70\" src=\"https:\/\/semel.fi\/wp-content\/uploads\/2024\/11\/google-play.png\" class=\"attachment-full size-full wp-image-1020\" alt=\"\" \/>\t\t\t\t\t\t\t\t<\/a>\n\t\t\t\t\t\t\t\t\t\t\t\t\t\t\t<\/div>\n\t\t\t\t<\/div>\n\t\t\t\t<\/div>\n\t\t\t\t<\/div>\n\t\t<div class=\"elementor-element elementor-element-731c269 e-con-full e-flex e-con e-child\" data-id=\"731c269\" data-element_type=\"container\" data-e-type=\"container\">\n\t\t\t\t<div class=\"elementor-element elementor-element-d24a123 elementor-widget elementor-widget-image\" data-id=\"d24a123\" data-element_type=\"widget\" data-e-type=\"widget\" data-widget_type=\"image.default\">\n\t\t\t\t<div class=\"elementor-widget-container\">\n\t\t\t\t\t\t\t\t\t\t\t\t\t\t\t<img loading=\"lazy\" decoding=\"async\" width=\"289\" height=\"384\" src=\"https:\/\/semel.fi\/wp-content\/uploads\/2024\/12\/reissu-mobiililippu-sovellus-lataus.png\" class=\"attachment-full size-full wp-image-1674\" alt=\"\" srcset=\"https:\/\/semel.fi\/wp-content\/uploads\/2024\/12\/reissu-mobiililippu-sovellus-lataus.png 289w, https:\/\/semel.fi\/wp-content\/uploads\/2024\/12\/reissu-mobiililippu-sovellus-lataus-226x300.png 226w\" sizes=\"(max-width: 289px) 100vw, 289px\" \/>\t\t\t\t\t\t\t\t\t\t\t\t\t\t\t<\/div>\n\t\t\t\t<\/div>\n\t\t\t\t<\/div>\n\t\t\t\t\t<\/div>\n\t\t\t\t<\/div>\n\t\t<div class=\"elementor-element elementor-element-645419a e-flex e-con-boxed e-con e-parent\" data-id=\"645419a\" data-element_type=\"container\" data-e-type=\"container\">\n\t\t\t\t\t<div class=\"e-con-inner\">\n\t\t<div class=\"elementor-element elementor-element-95c6a69 e-con-full e-flex e-con e-child\" data-id=\"95c6a69\" data-element_type=\"container\" data-e-type=\"container\">\n\t\t\t\t<div class=\"elementor-element elementor-element-855f389 elementor-widget elementor-widget-image\" data-id=\"855f389\" data-element_type=\"widget\" data-e-type=\"widget\" data-widget_type=\"image.default\">\n\t\t\t\t<div class=\"elementor-widget-container\">\n\t\t\t\t\t\t\t\t\t\t\t\t\t\t\t<img loading=\"lazy\" decoding=\"async\" width=\"289\" height=\"384\" src=\"https:\/\/semel.fi\/wp-content\/uploads\/2024\/12\/reissu-mobiililippu-tilin-hallinta.png\" class=\"attachment-large size-large wp-image-1675\" alt=\"\" srcset=\"https:\/\/semel.fi\/wp-content\/uploads\/2024\/12\/reissu-mobiililippu-tilin-hallinta.png 289w, https:\/\/semel.fi\/wp-content\/uploads\/2024\/12\/reissu-mobiililippu-tilin-hallinta-226x300.png 226w\" sizes=\"(max-width: 289px) 100vw, 289px\" \/>\t\t\t\t\t\t\t\t\t\t\t\t\t\t\t<\/div>\n\t\t\t\t<\/div>\n\t\t\t\t<\/div>\n\t\t<div class=\"elementor-element elementor-element-05c97a3 e-con-full e-flex e-con e-child\" data-id=\"05c97a3\" data-element_type=\"container\" data-e-type=\"container\">\n\t\t<div class=\"elementor-element elementor-element-bc1b2fb e-con-full e-flex e-con e-child\" data-id=\"bc1b2fb\" data-element_type=\"container\" data-e-type=\"container\">\n\t\t<div class=\"elementor-element elementor-element-471665f e-con-full e-flex e-con e-child\" data-id=\"471665f\" data-element_type=\"container\" data-e-type=\"container\">\n\t\t\t\t<div class=\"elementor-element elementor-element-5bf9df4 elementor-view-default elementor-widget elementor-widget-icon\" data-id=\"5bf9df4\" data-element_type=\"widget\" data-e-type=\"widget\" data-widget_type=\"icon.default\">\n\t\t\t\t<div class=\"elementor-widget-container\">\n\t\t\t\t\t\t\t<div class=\"elementor-icon-wrapper\">\n\t\t\t<div class=\"elementor-icon\">\n\t\t\t<svg aria-hidden=\"true\" class=\"e-font-icon-svg e-fas-square-full\" viewbox=\"0 0 512 512\" xmlns=\"http:\/\/www.w3.org\/2000\/svg\"><path d=\"M512 512H0V0h512v512z\"><\/path><\/svg>\t\t\t<\/div>\n\t\t<\/div>\n\t\t\t\t\t\t<\/div>\n\t\t\t\t<\/div>\n\t\t\t\t<div class=\"elementor-element elementor-element-3b693c4 elementor-widget elementor-widget-heading\" data-id=\"3b693c4\" data-element_type=\"widget\" data-e-type=\"widget\" data-widget_type=\"heading.default\">\n\t\t\t\t<div class=\"elementor-widget-container\">\n\t\t\t\t\t<h2 class=\"elementor-heading-title elementor-size-default\">2<\/h2>\t\t\t\t<\/div>\n\t\t\t\t<\/div>\n\t\t\t\t<\/div>\n\t\t<div class=\"elementor-element elementor-element-0b9306d e-con-full e-flex e-con e-child\" data-id=\"0b9306d\" data-element_type=\"container\" data-e-type=\"container\">\n\t\t\t\t<div class=\"elementor-element elementor-element-7708a68 elementor-widget elementor-widget-heading\" data-id=\"7708a68\" data-element_type=\"widget\" data-e-type=\"widget\" data-widget_type=\"heading.default\">\n\t\t\t\t<div class=\"elementor-widget-container\">\n\t\t\t\t\t<h2 class=\"elementor-heading-title elementor-size-default\">Top up your account<\/h2>\t\t\t\t<\/div>\n\t\t\t\t<\/div>\n\t\t\t\t<div class=\"elementor-element elementor-element-d6c6995 elementor-widget elementor-widget-text-editor\" data-id=\"d6c6995\" data-element_type=\"widget\" data-e-type=\"widget\" data-widget_type=\"text-editor.default\">\n\t\t\t\t<div class=\"elementor-widget-container\">\n\t\t\t\t\t\t\t\t\t<p>Add a payment card to your account and start using Reissu!<\/p>\t\t\t\t\t\t\t\t<\/div>\n\t\t\t\t<\/div>\n\t\t\t\t<\/div>\n\t\t\t\t<\/div>\n\t\t\t\t<\/div>\n\t\t\t\t\t<\/div>\n\t\t\t\t<\/div>\n\t\t<div class=\"elementor-element elementor-element-3524ad2 e-flex e-con-boxed e-con e-parent\" data-id=\"3524ad2\" data-element_type=\"container\" data-e-type=\"container\">\n\t\t\t\t\t<div class=\"e-con-inner\">\n\t\t<div class=\"elementor-element elementor-element-c3ea92f e-con-full e-flex e-con e-child\" data-id=\"c3ea92f\" data-element_type=\"container\" data-e-type=\"container\">\n\t\t<div class=\"elementor-element elementor-element-b934589 e-con-full e-flex e-con e-child\" data-id=\"b934589\" data-element_type=\"container\" data-e-type=\"container\">\n\t\t<div class=\"elementor-element elementor-element-441da47 e-con-full e-flex e-con e-child\" data-id=\"441da47\" data-element_type=\"container\" data-e-type=\"container\">\n\t\t\t\t<div class=\"elementor-element elementor-element-d9ea604 elementor-view-default elementor-widget elementor-widget-icon\" data-id=\"d9ea604\" data-element_type=\"widget\" data-e-type=\"widget\" data-widget_type=\"icon.default\">\n\t\t\t\t<div class=\"elementor-widget-container\">\n\t\t\t\t\t\t\t<div class=\"elementor-icon-wrapper\">\n\t\t\t<div class=\"elementor-icon\">\n\t\t\t<svg aria-hidden=\"true\" class=\"e-font-icon-svg e-fas-square-full\" viewbox=\"0 0 512 512\" xmlns=\"http:\/\/www.w3.org\/2000\/svg\"><path d=\"M512 512H0V0h512v512z\"><\/path><\/svg>\t\t\t<\/div>\n\t\t<\/div>\n\t\t\t\t\t\t<\/div>\n\t\t\t\t<\/div>\n\t\t\t\t<div class=\"elementor-element elementor-element-6c6709e elementor-widget elementor-widget-heading\" data-id=\"6c6709e\" data-element_type=\"widget\" data-e-type=\"widget\" data-widget_type=\"heading.default\">\n\t\t\t\t<div class=\"elementor-widget-container\">\n\t\t\t\t\t<h2 class=\"elementor-heading-title elementor-size-default\">3<\/h2>\t\t\t\t<\/div>\n\t\t\t\t<\/div>\n\t\t\t\t<\/div>\n\t\t<div class=\"elementor-element elementor-element-eead6eb e-con-full e-flex e-con e-child\" data-id=\"eead6eb\" data-element_type=\"container\" data-e-type=\"container\">\n\t\t\t\t<div class=\"elementor-element elementor-element-7a8257f elementor-widget elementor-widget-heading\" data-id=\"7a8257f\" data-element_type=\"widget\" data-e-type=\"widget\" data-widget_type=\"heading.default\">\n\t\t\t\t<div class=\"elementor-widget-container\">\n\t\t\t\t\t<h2 class=\"elementor-heading-title elementor-size-default\">Choose a flag<\/h2>\t\t\t\t<\/div>\n\t\t\t\t<\/div>\n\t\t\t\t<div class=\"elementor-element elementor-element-a8f8067 elementor-widget elementor-widget-text-editor\" data-id=\"a8f8067\" data-element_type=\"widget\" data-e-type=\"widget\" data-widget_type=\"text-editor.default\">\n\t\t\t\t<div class=\"elementor-widget-container\">\n\t\t\t\t\t\t\t\t\t<p>Choose a place, time, and travel area.<\/p>\t\t\t\t\t\t\t\t<\/div>\n\t\t\t\t<\/div>\n\t\t\t\t<\/div>\n\t\t\t\t<\/div>\n\t\t\t\t<\/div>\n\t\t<div class=\"elementor-element elementor-element-030195c e-con-full e-flex e-con e-child\" data-id=\"030195c\" data-element_type=\"container\" data-e-type=\"container\">\n\t\t\t\t<div class=\"elementor-element elementor-element-0bd0e36 elementor-widget elementor-widget-image\" data-id=\"0bd0e36\" data-element_type=\"widget\" data-e-type=\"widget\" data-widget_type=\"image.default\">\n\t\t\t\t<div class=\"elementor-widget-container\">\n\t\t\t\t\t\t\t\t\t\t\t\t\t\t\t<img loading=\"lazy\" decoding=\"async\" width=\"289\" height=\"384\" src=\"https:\/\/semel.fi\/wp-content\/uploads\/2024\/12\/reissu-mobiili-matkalippu.png\" class=\"attachment-full size-full wp-image-1676\" alt=\"\" srcset=\"https:\/\/semel.fi\/wp-content\/uploads\/2024\/12\/reissu-mobiili-matkalippu.png 289w, https:\/\/semel.fi\/wp-content\/uploads\/2024\/12\/reissu-mobiili-matkalippu-226x300.png 226w\" sizes=\"(max-width: 289px) 100vw, 289px\" \/>\t\t\t\t\t\t\t\t\t\t\t\t\t\t\t<\/div>\n\t\t\t\t<\/div>\n\t\t\t\t<\/div>\n\t\t\t\t\t<\/div>\n\t\t\t\t<\/div>\n\t\t<div class=\"elementor-element elementor-element-28ea011 e-flex e-con-boxed e-con e-parent\" data-id=\"28ea011\" data-element_type=\"container\" data-e-type=\"container\">\n\t\t\t\t\t<div class=\"e-con-inner\">\n\t\t<div class=\"elementor-element elementor-element-cce7505 e-con-full e-flex e-con e-child\" data-id=\"cce7505\" data-element_type=\"container\" data-e-type=\"container\">\n\t\t\t\t<div class=\"elementor-element elementor-element-6e3d4d1 elementor-widget elementor-widget-image\" data-id=\"6e3d4d1\" data-element_type=\"widget\" data-e-type=\"widget\" data-widget_type=\"image.default\">\n\t\t\t\t<div class=\"elementor-widget-container\">\n\t\t\t\t\t\t\t\t\t\t\t\t\t\t\t<img loading=\"lazy\" decoding=\"async\" width=\"289\" height=\"384\" src=\"https:\/\/semel.fi\/wp-content\/uploads\/2024\/12\/reissu-matkalippu-qr-koodi.png\" class=\"attachment-full size-full wp-image-1677\" alt=\"\" srcset=\"https:\/\/semel.fi\/wp-content\/uploads\/2024\/12\/reissu-matkalippu-qr-koodi.png 289w, https:\/\/semel.fi\/wp-content\/uploads\/2024\/12\/reissu-matkalippu-qr-koodi-226x300.png 226w\" sizes=\"(max-width: 289px) 100vw, 289px\" \/>\t\t\t\t\t\t\t\t\t\t\t\t\t\t\t<\/div>\n\t\t\t\t<\/div>\n\t\t\t\t<\/div>\n\t\t<div class=\"elementor-element elementor-element-cdd47ad e-con-full e-flex e-con e-child\" data-id=\"cdd47ad\" data-element_type=\"container\" data-e-type=\"container\">\n\t\t<div class=\"elementor-element elementor-element-fdae32b e-con-full e-flex e-con e-child\" data-id=\"fdae32b\" data-element_type=\"container\" data-e-type=\"container\">\n\t\t<div class=\"elementor-element elementor-element-188c2c5 e-con-full e-flex e-con e-child\" data-id=\"188c2c5\" data-element_type=\"container\" data-e-type=\"container\">\n\t\t\t\t<div class=\"elementor-element elementor-element-13ef1fe elementor-view-default elementor-widget elementor-widget-icon\" data-id=\"13ef1fe\" data-element_type=\"widget\" data-e-type=\"widget\" data-widget_type=\"icon.default\">\n\t\t\t\t<div class=\"elementor-widget-container\">\n\t\t\t\t\t\t\t<div class=\"elementor-icon-wrapper\">\n\t\t\t<div class=\"elementor-icon\">\n\t\t\t<svg aria-hidden=\"true\" class=\"e-font-icon-svg e-fas-square-full\" viewbox=\"0 0 512 512\" xmlns=\"http:\/\/www.w3.org\/2000\/svg\"><path d=\"M512 512H0V0h512v512z\"><\/path><\/svg>\t\t\t<\/div>\n\t\t<\/div>\n\t\t\t\t\t\t<\/div>\n\t\t\t\t<\/div>\n\t\t\t\t<div class=\"elementor-element elementor-element-0082581 elementor-widget elementor-widget-heading\" data-id=\"0082581\" data-element_type=\"widget\" data-e-type=\"widget\" data-widget_type=\"heading.default\">\n\t\t\t\t<div class=\"elementor-widget-container\">\n\t\t\t\t\t<h2 class=\"elementor-heading-title elementor-size-default\">4<\/h2>\t\t\t\t<\/div>\n\t\t\t\t<\/div>\n\t\t\t\t<\/div>\n\t\t<div class=\"elementor-element elementor-element-eb130bf e-con-full e-flex e-con e-child\" data-id=\"eb130bf\" data-element_type=\"container\" data-e-type=\"container\">\n\t\t\t\t<div class=\"elementor-element elementor-element-2262699 elementor-widget elementor-widget-heading\" data-id=\"2262699\" data-element_type=\"widget\" data-e-type=\"widget\" data-widget_type=\"heading.default\">\n\t\t\t\t<div class=\"elementor-widget-container\">\n\t\t\t\t\t<h2 class=\"elementor-heading-title elementor-size-default\">Travelling with QR code<\/h2>\t\t\t\t<\/div>\n\t\t\t\t<\/div>\n\t\t\t\t<div class=\"elementor-element elementor-element-44a5751 elementor-widget elementor-widget-text-editor\" data-id=\"44a5751\" data-element_type=\"widget\" data-e-type=\"widget\" data-widget_type=\"text-editor.default\">\n\t\t\t\t<div class=\"elementor-widget-container\">\n\t\t\t\t\t\t\t\t\t<p>By scanning the QR code, you can board the vehicle.<\/p><p><strong>Have a nice trip!<\/strong><\/p>\t\t\t\t\t\t\t\t<\/div>\n\t\t\t\t<\/div>\n\t\t\t\t<\/div>\n\t\t\t\t<\/div>\n\t\t\t\t<\/div>\n\t\t\t\t\t<\/div>\n\t\t\t\t<\/div>\n\t\t<div class=\"elementor-element elementor-element-da42e7e e-con-full e-flex e-con e-parent\" data-id=\"da42e7e\" data-element_type=\"container\" data-e-type=\"container\" data-settings=\"{&quot;background_background&quot;:&quot;classic&quot;}\">\n\t\t<div class=\"elementor-element elementor-element-5ba6ead e-con-full e-flex e-con e-child\" data-id=\"5ba6ead\" data-element_type=\"container\" data-e-type=\"container\" data-settings=\"{&quot;background_background&quot;:&quot;classic&quot;}\">\n\t\t\t\t<div class=\"elementor-element elementor-element-f76703b elementor-align-right elementor-widget elementor-widget-button\" data-id=\"f76703b\" data-element_type=\"widget\" data-e-type=\"widget\" data-widget_type=\"button.default\">\n\t\t\t\t<div class=\"elementor-widget-container\">\n\t\t\t\t\t\t\t\t\t<div class=\"elementor-button-wrapper\">\n\t\t\t\t\t<a class=\"elementor-button elementor-button-link elementor-size-sm\" href=\"https:\/\/www.kotka.fi\/asuminen-ja-ymparisto\/kadut-ja-liikkuminen\/joukkoliikenne\/mobiililiput-ja-kymenlaakso-lippu\/\" target=\"_blank\" rel=\"nofollow noopener\">\n\t\t\t\t\t\t<span class=\"elementor-button-content-wrapper\">\n\t\t\t\t\t\t\t\t\t<span class=\"elementor-button-text\">Additional information about Kotka's zones<\/span>\n\t\t\t\t\t<\/span>\n\t\t\t\t\t<\/a>\n\t\t\t\t<\/div>\n\t\t\t\t\t\t\t\t<\/div>\n\t\t\t\t<\/div>\n\t\t\t\t<\/div>\n\t\t<div class=\"elementor-element elementor-element-c5ac2d9 e-con-full e-flex e-con e-child\" data-id=\"c5ac2d9\" data-element_type=\"container\" data-e-type=\"container\" data-settings=\"{&quot;background_background&quot;:&quot;classic&quot;}\">\n\t\t\t\t<div class=\"elementor-element elementor-element-0869d63 elementor-align-left elementor-widget elementor-widget-button\" data-id=\"0869d63\" data-element_type=\"widget\" data-e-type=\"widget\" data-widget_type=\"button.default\">\n\t\t\t\t<div class=\"elementor-widget-container\">\n\t\t\t\t\t\t\t\t\t<div class=\"elementor-button-wrapper\">\n\t\t\t\t\t<a class=\"elementor-button elementor-button-link elementor-size-sm\" href=\"\/en\/trip\/privacy-statement\/\">\n\t\t\t\t\t\t<span class=\"elementor-button-content-wrapper\">\n\t\t\t\t\t\t\t\t\t<span class=\"elementor-button-text\">Travel Privacy Notice<\/span>\n\t\t\t\t\t<\/span>\n\t\t\t\t\t<\/a>\n\t\t\t\t<\/div>\n\t\t\t\t\t\t\t\t<\/div>\n\t\t\t\t<\/div>\n\t\t\t\t<\/div>\n\t\t\t\t<\/div>\n\t\t\t\t<\/div>","protected":false},"excerpt":{"rendered":"<p>Reissu-mobiililippusovelluksella voit helposti tilata, maksaa ja k\u00e4ytt\u00e4\u00e4 paikallisliikenteess\u00e4. Rekister\u00f6i maksukortti Reissu-mobiililippusovellukseen, ja voit helposti ostaa matkalipun koska tahansa. Lipussa on dynaaminen QR koodi, joka on turvallinen, ja luettavissa kaikissa paikallisliikenteen ajoneuvoissa. Reissua k\u00e4ytet\u00e4\u00e4n t\u00e4ll\u00e4 hetkell\u00e4 Kotkan paikallisliikenteess\u00e4. Reissu-mobiililippusovellus tulee jatkossa mahdollistamaan avoimen kutsuohjatun joukkoliikenteen osaksi isompaa matkaketjua. Tuolloin sovellus mahdollistaa sek\u00e4 taksi- ett\u00e4 bussimatkan maksamisen. [&hellip;]<\/p>\n","protected":false},"author":1,"featured_media":0,"parent":0,"menu_order":0,"comment_status":"closed","ping_status":"closed","template":"elementor_header_footer","meta":{"_acf_changed":false,"footnotes":""},"class_list":["post-1637","page","type-page","status-publish","hentry"],"acf":[],"_links":{"self":[{"href":"https:\/\/semel.fi\/en\/wp-json\/wp\/v2\/pages\/1637","targetHints":{"allow":["GET"]}}],"collection":[{"href":"https:\/\/semel.fi\/en\/wp-json\/wp\/v2\/pages"}],"about":[{"href":"https:\/\/semel.fi\/en\/wp-json\/wp\/v2\/types\/page"}],"author":[{"embeddable":true,"href":"https:\/\/semel.fi\/en\/wp-json\/wp\/v2\/users\/1"}],"replies":[{"embeddable":true,"href":"https:\/\/semel.fi\/en\/wp-json\/wp\/v2\/comments?post=1637"}],"version-history":[{"count":16,"href":"https:\/\/semel.fi\/en\/wp-json\/wp\/v2\/pages\/1637\/revisions"}],"predecessor-version":[{"id":1755,"href":"https:\/\/semel.fi\/en\/wp-json\/wp\/v2\/pages\/1637\/revisions\/1755"}],"wp:attachment":[{"href":"https:\/\/semel.fi\/en\/wp-json\/wp\/v2\/media?parent=1637"}],"curies":[{"name":"wp","href":"https:\/\/api.w.org\/{rel}","templated":true}]}}